{"id":12373,"date":"2024-04-02T16:53:06","date_gmt":"2024-04-02T14:53:06","guid":{"rendered":"https:\/\/trade-mueller-beta.startupblitz.de\/protection-des-donnees\/"},"modified":"2024-09-26T17:24:01","modified_gmt":"2024-09-26T15:24:01","slug":"protection-des-donnees","status":"publish","type":"page","link":"https:\/\/trade-mueller-beta.startupblitz.de\/fr\/protection-des-donnees\/","title":{"rendered":"Protection des donn\u00e9es"},"content":{"rendered":"<div class=\"container page-header\"><h1 class=\"wp-block-heading has-text-align-center page-teaser\">Protection des donn\u00e9es<\/h1><\/div><div class=\"container\"><p>M\u00fcller Corporate Clothing AG se r\u00e9jouit de votre visite sur ce site web (\u00ab\u00a0trade-mueller-beta.startupblitz.de\u00a0\u00bb ci-apr\u00e8s &lsquo;M\u00fcller-Trade&rsquo;) et de votre int\u00e9r\u00eat pour nos services et produits. La protection des donn\u00e9es est pour nous une pr\u00e9occupation majeure et nous souhaitons que vous puissiez visiter nos pages sans soucis. Nous veillons \u00e0 ce que vos donn\u00e9es, qui sont collect\u00e9es, trait\u00e9es et utilis\u00e9es lors de votre visite sur le site web de M\u00fcller-Trade, soient prot\u00e9g\u00e9es.<\/p>\n\n<p>La mani\u00e8re dont nous prot\u00e9geons ou utilisons vos donn\u00e9es varie d&rsquo;un pays \u00e0 l&rsquo;autre. Pour certaines juridictions, dans lesquelles des unit\u00e9s de M\u00fcller Corporate Clothing traitent des donn\u00e9es personnelles, il existe des avis de protection des donn\u00e9es. Les conditions de la pr\u00e9sente d\u00e9claration sont soumises \u00e0 l&rsquo;avis de protection des donn\u00e9es correspondant \u00e0 la juridiction concern\u00e9e (le cas \u00e9ch\u00e9ant). Pour plus de d\u00e9tails, veuillez cliquer dans la liste sur la juridiction qui s&rsquo;applique \u00e0 vous.<\/p>\n\n<h2 class=\"wp-block-heading\">En acc\u00e9dant \u00e0 M\u00fcller-Trade, vous d\u00e9clarez accepter la pr\u00e9sente d\u00e9claration de protection des donn\u00e9es (\u00ab\u00a0d\u00e9claration\u00a0\u00bb).<\/h2>\n\n<p>Si vous n&rsquo;\u00eates pas d&rsquo;accord avec cette d\u00e9claration, vous devez vous abstenir d&rsquo;acc\u00e9der \u00e0 d&rsquo;autres pages de M\u00fcller-Trade.<\/p>\n\n<p>Cette d\u00e9claration peut \u00eatre actualis\u00e9e \u00e0 tout moment. Nous vous recommandons donc de la v\u00e9rifier r\u00e9guli\u00e8rement. La derni\u00e8re ligne ci-dessous de cette d\u00e9claration contient la date de la derni\u00e8re mise \u00e0 jour.<\/p>\n\n<h2 class=\"wp-block-heading\">Quels sont l&rsquo;objectif et le champ d&rsquo;application de cette d\u00e9claration ?<\/h2>\n\n<p>M\u00fcller Corporate Clothing AG (\u00ab\u00a0M\u00fcller Corporate Clothing\u00a0\u00bb ou \u00ab\u00a0nous\u00a0\u00bb) s&rsquo;engage \u00e0 prot\u00e9ger les donn\u00e9es personnelles collect\u00e9es aupr\u00e8s des visiteurs du site web M\u00fcller-Trade. Par cons\u00e9quent, M\u00fcller Corporate Clothing a r\u00e9dig\u00e9 la pr\u00e9sente d\u00e9claration afin de d\u00e9crire comment et quel type de donn\u00e9es sont collect\u00e9es aupr\u00e8s des utilisateurs du site web M\u00fcller-Trade et dans quel but ces donn\u00e9es sont collect\u00e9es, transmises et divulgu\u00e9es par nos soins. En outre, M\u00fcller Corporate Clothing explique quelles mesures raisonnables ont \u00e9t\u00e9 prises pour assurer la s\u00e9curit\u00e9 de vos donn\u00e9es.<\/p>\n\n<p>Cette d\u00e9claration s&rsquo;applique \u00e0 toutes les informations que M\u00fcller Corporate Clothing re\u00e7oit dans le cadre de votre utilisation du site web de M\u00fcller-Trade. La d\u00e9claration ne s&rsquo;applique pas aux sites web contr\u00f4l\u00e9s par des tiers non li\u00e9s \u00e0 M\u00fcller Corporate Clothing et auxquels le site web de M\u00fcller-Trade peut \u00eatre li\u00e9 (\u00ab\u00a0sites web tiers\u00a0\u00bb). Veuillez tenir compte des d\u00e9clarations de protection des donn\u00e9es des sites tiers respectifs, car M\u00fcller Corporate Clothing n&rsquo;est responsable ni du contenu ni des pratiques de protection des donn\u00e9es des sites tiers et ne peut pas exercer d&rsquo;influence sur ceux-ci.<\/p>\n\n<p>Les clauses de non-responsabilit\u00e9 et autres dispositions contractuelles que vous avez convenues avec M\u00fcller Corporate Clothing, comme par exemple les d\u00e9clarations de protection des donn\u00e9es ou les avis \u00e0 nos clients ou les lois et prescriptions obligatoires en vigueur, priment sur les dispositions de la pr\u00e9sente d\u00e9claration.<\/p>\n\n<h2 class=\"wp-block-heading\">Quelles informations collectons-nous sur vous et dans quel but ?<\/h2>\n\n<p>Quelles informations collectons-nous sur vous et dans quel but ?<\/p>\n\n<p>Lors de votre visite sur le site web de M\u00fcller-Trade, notre serveur web enregistre automatiquement les d\u00e9tails de votre visite (par exemple votre adresse IP, le site web \u00e0 partir duquel vous nous visitez, le type de logiciel de navigation utilis\u00e9 et les pages du site web de M\u00fcller-Trade que vous \u00eates en train de visiter, y compris la date et la dur\u00e9e de votre visite). En outre, nous collectons des donn\u00e9es personnelles (p. ex. nom, sexe, adresse, adresse e-mail, num\u00e9ro de t\u00e9l\u00e9phone ou de fax) que vous mettez \u00e0 notre disposition par le biais du site web de M\u00fcller-Trade, par exemple lors de la saisie sur une page d&rsquo;enregistrement ou lorsque vous vous inscrivez pour recevoir une newsletter par e-mail. M\u00fcller Corporate Clothing utilise vos donn\u00e9es personnelles :<\/p>\n\n<ul class=\"wp-block-list\"><li>\u00e0 des fins de gestion technique ainsi que de recherche et de d\u00e9veloppement du site web de M\u00fcller-Trade,<\/li>\n\n<li>pour l&rsquo;administration et le marketing des clients et des utilisateurs,<\/li>\n\n<li>pour vous informer sur nos services et produits et<\/li>\n\n<li>pour toute autre finalit\u00e9 sp\u00e9cifi\u00e9e.<\/li><\/ul>\n\n<p>M\u00fcller Corporate Clothing respecte les lois et r\u00e9glementations en vigueur lors de l&rsquo;utilisation des donn\u00e9es personnelles.<\/p>\n\n<h2 class=\"wp-block-heading\">Comment collectons-nous et conservons-nous les informations vous concernant ?<\/h2>\n\n<p>M\u00fcller Corporate Clothing utilise des technologies dites de suivi, telles que les cookies et les tags, pour collecter des informations telles que celles mentionn\u00e9es ci-dessus (voir : \u00ab\u00a0Quelles informations collectons-nous \u00e0 votre sujet et dans quel but ?\u00a0\u00bb), afin de mieux comprendre comment les visiteurs utilisent le site web de M\u00fcller-Trade. Ces technologies nous aident \u00e0 g\u00e9rer le site web de M\u00fcller-Trade et \u00e0 am\u00e9liorer sa convivialit\u00e9. Nous pouvons par exemple savoir si votre ordinateur s&rsquo;est d\u00e9j\u00e0 connect\u00e9 \u00e0 nous \u00e0 une date ant\u00e9rieure et voir quelles parties du site web de M\u00fcller-Trade sont le plus souvent utilis\u00e9es.<\/p>\n\n<p>Lorsqu&rsquo;un tel outil est disponible, le lien \u00ab\u00a0Cookies\u00a0\u00bb en bas de la page vous donne plus de d\u00e9tails sur la mani\u00e8re dont M\u00fcller Corporate Clothing utilise les cookies. En outre, ce lien vous permet de d\u00e9finir les types de cookies que le site web de M\u00fcller-Trade peut placer sur votre appareil (ce sont vos \u00ab\u00a0param\u00e8tres de cookies\u00a0\u00bb). Veuillez vous assurer de ne pas cocher certains types de cookies dans vos param\u00e8tres de cookies si vous n&rsquo;acceptez pas leur utilisation par M\u00fcller Corporate Clothing.<\/p>\n\n<p>Si vous enregistrez vos pr\u00e9f\u00e9rences en mati\u00e8re de cookies, celles-ci devraient \u00e9galement s&rsquo;appliquer aux futures visites du site web de M\u00fcller-Trade. Pour des raisons techniques ind\u00e9pendantes de la volont\u00e9 de M\u00fcller Corporate Clothing, cela ne peut toutefois pas \u00eatre garanti. Si, par exemple, vous r\u00e9initialisez votre navigateur, supprimez vos cookies ou acc\u00e9dez au site web de M\u00fcller-Trade avec un autre navigateur ou appareil, il se peut que vos param\u00e8tres de cookies soient perdus. Il est possible que dans certains pays, afin de respecter les lois et r\u00e9glementations en vigueur, il vous soit demand\u00e9 de confirmer vos param\u00e8tres de cookies lorsque vous acc\u00e9dez pour la premi\u00e8re fois au site web de M\u00fcller-Trade. Si vous vous trouvez dans un pays qui vous demande de d\u00e9finir automatiquement vos pr\u00e9f\u00e9rences en mati\u00e8re de cookies, il se peut que l&rsquo;on vous demande de les d\u00e9finir \u00e0 nouveau lors d&rsquo;une prochaine visite.<\/p>\n\n<p>Dans de nombreux cas, vous pouvez \u00e9galement contr\u00f4ler les technologies de suivi \u00e0 l&rsquo;aide de votre navigateur. Veuillez configurer votre navigateur de mani\u00e8re \u00e0 ce que, si vous le souhaitez, vous soyez averti et\/ou que vous acceptiez les technologies de suivi (telles que les cookies). Vous trouverez g\u00e9n\u00e9ralement les possibilit\u00e9s correspondantes de votre navigateur et les instructions d&rsquo;utilisation dans le manuel ou le fichier d&rsquo;aide de votre navigateur. Toutefois, le refus, le blocage ou la d\u00e9sactivation des technologies de tracking peut entra\u00eener une disponibilit\u00e9 limit\u00e9e des services propos\u00e9s par le site web de M\u00fcller-Trade. En outre, il se peut que certaines parties du site web de M\u00fcller-Trade ne fonctionnent plus correctement.<\/p>\n\n<h2 class=\"wp-block-heading\">\u00c0 qui transmettons-nous vos informations collect\u00e9es via le site web de M\u00fcller-Trade ?<\/h2>\n\n<p>M\u00fcller Corporate Clothing peut transmettre vos donn\u00e9es \u00e0 ses propres entreprises affili\u00e9es ainsi qu&rsquo;\u00e0 leurs propres mandataires et prestataires de services tiers \u00e0 l&rsquo;int\u00e9rieur ou \u00e0 l&rsquo;ext\u00e9rieur du pays dans lequel vous r\u00e9sidez, afin de fournir les prestations de M\u00fcller Corporate Clothing et aux fins susmentionn\u00e9es. Nos soci\u00e9t\u00e9s affili\u00e9es, mandataires et prestataires de services tiers qui ont acc\u00e8s aux donn\u00e9es personnelles collect\u00e9es via le site web de M\u00fcller-Trade sont tenus de respecter la protection des donn\u00e9es.<\/p>\n\n<p>Lors du transfert de donn\u00e9es personnelles vers d&rsquo;autres pays, nous nous assurons du respect des lois et r\u00e9glementations en vigueur, par exemple en concluant des accords garantissant que les destinataires de vos donn\u00e9es maintiennent un niveau de protection des donn\u00e9es ad\u00e9quat.<\/p>\n\n<p>Nous pouvons \u00e9galement divulguer vos donn\u00e9es aux autorit\u00e9s ou organismes gouvernementaux, aux autorit\u00e9s de contr\u00f4le ou \u00e0 d&rsquo;autres personnes, dans le respect de toute loi, r\u00e9glementation, ordonnance judiciaire ou demande administrative applicable, ou dans le cadre et aux fins de toute directive ou proc\u00e9dure similaire publi\u00e9e par les autorit\u00e9s de contr\u00f4le ou autres, dans la mesure o\u00f9 la loi applicable l&rsquo;exige ou le permet.<\/p>\n\n<h2 class=\"wp-block-heading\">Quelles mesures de s\u00e9curit\u00e9 avons-nous mises en place pour prot\u00e9ger vos donn\u00e9es collect\u00e9es par le site web de M\u00fcller-Trade ?<\/h2>\n\n<p>M\u00fcller Corporate Clothing a mis en place des mesures de s\u00e9curit\u00e9 techniques et organisationnelles appropri\u00e9es afin de prot\u00e9ger vos donn\u00e9es personnelles collect\u00e9es par M\u00fcller Corporate Clothing via le site web de M\u00fcller-Trade contre tout acc\u00e8s non autoris\u00e9, toute utilisation abusive, toute perte ou destruction.<\/p>\n\n<h2 class=\"wp-block-heading\">Comment traitons-nous les messages \u00e9lectroniques envoy\u00e9s vers et par M\u00fcller Corporate Clothing ?<\/h2>\n\n<p>Tous les messages \u00e9lectroniques envoy\u00e9s \u00e0 ou par M\u00fcller Corporate Clothing sont automatiquement enregistr\u00e9s dans un syst\u00e8me sp\u00e9cialement cr\u00e9\u00e9 \u00e0 cet effet (Email Journaling), qui garantit la valeur probante des e-mails. Ces e-mails sont prot\u00e9g\u00e9s par des mesures techniques et organisationnelles appropri\u00e9es. L&rsquo;acc\u00e8s n&rsquo;est accord\u00e9 que dans des cas justifi\u00e9s conform\u00e9ment aux lois et r\u00e8glements applicables (par exemple, une d\u00e9cision de justice, un soup\u00e7on de comportement criminel, une violation des obligations r\u00e9glementaires ou une violation grave du contrat de travail) et uniquement \u00e0 des personnes d\u00e9sign\u00e9es dans des fonctions d\u00e9finies (par exemple, le service juridique, le service de conformit\u00e9 ou le service des risques). Chaque \u00e9tape du processus ainsi que les crit\u00e8res de recherche utilis\u00e9s sont consign\u00e9s dans un protocole d&rsquo;examen. Tous les e-mails sont d\u00e9truits \u00e0 la fin de la p\u00e9riode de conservation correspondante.<\/p>\n\n<h2 class=\"wp-block-heading\">\u00c0 quoi devez-vous faire attention lorsque vous envoyez des donn\u00e9es par Internet ?<\/h2>\n\n<p>Internet n&rsquo;est g\u00e9n\u00e9ralement pas consid\u00e9r\u00e9 comme un environnement s\u00fbr. Des tiers non autoris\u00e9s peuvent avoir acc\u00e8s aux informations que vous envoyez par Internet (par exemple vers ou depuis le site web de M\u00fcller-Trade ou par le biais de messages \u00e9lectroniques). Cela peut entra\u00eener la divulgation de ces informations, la modification de leur contenu ou des erreurs techniques. M\u00eame si l&rsquo;exp\u00e9diteur et le destinataire se trouvent dans le m\u00eame pays, les donn\u00e9es envoy\u00e9es par Internet peuvent quitter le pays en question et \u00eatre transmises dans un pays o\u00f9 les exigences en mati\u00e8re de protection des donn\u00e9es sont moins strictes que dans le pays o\u00f9 vous r\u00e9sidez.<\/p>\n\n<p>Veuillez noter que nous ne sommes pas responsables de la s\u00e9curit\u00e9 de vos donn\u00e9es lorsqu&rsquo;elles sont transmises \u00e0 M\u00fcller Corporate Clothing via Internet. Afin de prot\u00e9ger vos donn\u00e9es, nous vous rappelons de choisir un autre moyen de communication avec M\u00fcller Corporate Clothing, si vous le jugez appropri\u00e9.<\/p>\n\n<h2 class=\"wp-block-heading\">Comment traitons-nous les donn\u00e9es des personnes de moins de 18 ans ?<\/h2>\n\n<p>Le site web de M\u00fcller-Trade n&rsquo;a pas pour objectif de collecter des donn\u00e9es personnelles de personnes de moins de 18 ans. Les personnes de moins de 18 ans doivent demander l&rsquo;autorisation de leurs parents ou tuteurs avant de transmettre des donn\u00e9es personnelles \u00e0 M\u00fcller Corporate Clothing via le site web de M\u00fcller-Trade.<\/p>\n\n<h2 class=\"wp-block-heading\">O\u00f9 pouvez-vous obtenir des informations sur vos donn\u00e9es personnelles ou les v\u00e9rifier ?<\/h2>\n\n<p>Lorsque les lois et r\u00e8glements en vigueur le permettent, vous pouvez :<\/p>\n\n<ul class=\"wp-block-list\"><li>demander si vos donn\u00e9es personnelles sont enregistr\u00e9es chez nous,<\/li>\n\n<li>nous demander de vous fournir une copie de vos donn\u00e9es \u00e0 caract\u00e8re personnel ; ou<\/li>\n\n<li>nous demander de corriger vos donn\u00e9es \u00e0 caract\u00e8re personnel si elles sont erron\u00e9es.<\/li><\/ul>\n\n<p>Si vous avez des questions concernant le traitement de vos donn\u00e9es personnelles, veuillez nous \u00e9crire \u00e0 l&rsquo;adresse suivante :<\/p>\n\n<p>M\u00fcller Corporate Clothing AG<br>Bahnhofstrasse 24<br>8730 Uznach<\/p>\n\n<p>T\u00e9l\u00e9phone +41 55 535 75 76<\/p>\n\n<p>contact@trade-mueller-beta.startupblitz.de<\/p><\/div>","protected":false},"excerpt":{"rendered":"<p> [&#8230;]<\/p>\n<p><a class=\"btn btn-secondary understrap-read-more-link\" href=\"https:\/\/trade-mueller-beta.startupblitz.de\/fr\/protection-des-donnees\/\">plus<span class=\"screen-reader-text\"> from Protection des donn\u00e9es<\/span><\/a><\/p>\n","protected":false},"author":1,"featured_media":0,"parent":0,"menu_order":2,"comment_status":"closed","ping_status":"closed","template":"page-templates\/subpage.php","meta":{"_acf_changed":false,"inline_featured_image":false,"footnotes":""},"class_list":["post-12373","page","type-page","status-publish","hentry"],"yoast_head":"<title>Protection des donn\u00e9es - M\u00fcller Trade<\/title>\n<meta name=\"robots\" content=\"index, follow, max-snippet:-1, max-image-preview:large, max-video-preview:-1\" \/>\n<link rel=\"canonical\" href=\"https:\/\/trade-mueller-beta.startupblitz.de\/fr\/protection-des-donnees\/\" \/>\n<meta property=\"og:locale\" content=\"fr_FR\" \/>\n<meta property=\"og:type\" content=\"article\" \/>\n<meta property=\"og:title\" content=\"Protection des donn\u00e9es - M\u00fcller Trade\" \/>\n<meta property=\"og:description\" content=\"[...]plus from Protection des donn\u00e9es\" \/>\n<meta property=\"og:url\" content=\"https:\/\/trade-mueller-beta.startupblitz.de\/fr\/protection-des-donnees\/\" \/>\n<meta property=\"og:site_name\" content=\"M\u00fcller Trade\" \/>\n<meta property=\"article:modified_time\" content=\"2024-09-26T15:24:01+00:00\" \/>\n<meta name=\"twitter:card\" content=\"summary_large_image\" \/>\n<meta name=\"twitter:label1\" content=\"Dur\u00e9e de lecture estim\u00e9e\" \/>\n\t<meta name=\"twitter:data1\" content=\"11 minutes\" \/>\n<script type=\"application\/ld+json\" class=\"yoast-schema-graph\">{\"@context\":\"https:\/\/schema.org\",\"@graph\":[{\"@type\":\"WebPage\",\"@id\":\"https:\/\/trade-mueller-beta.startupblitz.de\/fr\/protection-des-donnees\/\",\"url\":\"https:\/\/trade-mueller-beta.startupblitz.de\/fr\/protection-des-donnees\/\",\"name\":\"Protection des donn\u00e9es - M\u00fcller Trade\",\"isPartOf\":{\"@id\":\"https:\/\/trade-mueller-beta.startupblitz.de\/fr\/#website\"},\"datePublished\":\"2024-04-02T14:53:06+00:00\",\"dateModified\":\"2024-09-26T15:24:01+00:00\",\"breadcrumb\":{\"@id\":\"https:\/\/trade-mueller-beta.startupblitz.de\/fr\/protection-des-donnees\/#breadcrumb\"},\"inLanguage\":\"fr-FR\",\"potentialAction\":[{\"@type\":\"ReadAction\",\"target\":[\"https:\/\/trade-mueller-beta.startupblitz.de\/fr\/protection-des-donnees\/\"]}]},{\"@type\":\"BreadcrumbList\",\"@id\":\"https:\/\/trade-mueller-beta.startupblitz.de\/fr\/protection-des-donnees\/#breadcrumb\",\"itemListElement\":[{\"@type\":\"ListItem\",\"position\":1,\"name\":\"Startseite\",\"item\":\"https:\/\/trade-mueller-beta.startupblitz.de\/fr\/\"},{\"@type\":\"ListItem\",\"position\":2,\"name\":\"Protection des donn\u00e9es\"}]},{\"@type\":\"WebSite\",\"@id\":\"https:\/\/trade-mueller-beta.startupblitz.de\/fr\/#website\",\"url\":\"https:\/\/trade-mueller-beta.startupblitz.de\/fr\/\",\"name\":\"M\u00fcller Trade\",\"description\":\"VOTRE BOUTIQUE B2B DE V\u00caTEMENTS PROFESSIONNELS\",\"publisher\":{\"@id\":\"https:\/\/trade-mueller-beta.startupblitz.de\/fr\/#organization\"},\"potentialAction\":[{\"@type\":\"SearchAction\",\"target\":{\"@type\":\"EntryPoint\",\"urlTemplate\":\"https:\/\/trade-mueller-beta.startupblitz.de\/fr\/?s={search_term_string}\"},\"query-input\":{\"@type\":\"PropertyValueSpecification\",\"valueRequired\":true,\"valueName\":\"search_term_string\"}}],\"inLanguage\":\"fr-FR\"},{\"@type\":\"Organization\",\"@id\":\"https:\/\/trade-mueller-beta.startupblitz.de\/fr\/#organization\",\"name\":\"M\u00fcller Trade Corporate Clothing\",\"url\":\"https:\/\/trade-mueller-beta.startupblitz.de\/fr\/\",\"logo\":{\"@type\":\"ImageObject\",\"inLanguage\":\"fr-FR\",\"@id\":\"https:\/\/trade-mueller-beta.startupblitz.de\/fr\/#\/schema\/logo\/image\/\",\"url\":\"https:\/\/trade-mueller-beta.startupblitz.de\/wp-content\/uploads\/sites\/2\/cropped-cropped-mt-icon.png\",\"contentUrl\":\"https:\/\/trade-mueller-beta.startupblitz.de\/wp-content\/uploads\/sites\/2\/cropped-cropped-mt-icon.png\",\"width\":512,\"height\":512,\"caption\":\"M\u00fcller Trade Corporate Clothing\"},\"image\":{\"@id\":\"https:\/\/trade-mueller-beta.startupblitz.de\/fr\/#\/schema\/logo\/image\/\"}}]}<\/script>","yoast_head_json":{"title":"Protection des donn\u00e9es - M\u00fcller Trade","robots":{"index":"index","follow":"follow","max-snippet":"max-snippet:-1","max-image-preview":"max-image-preview:large","max-video-preview":"max-video-preview:-1"},"canonical":"https:\/\/trade-mueller-beta.startupblitz.de\/fr\/protection-des-donnees\/","og_locale":"fr_FR","og_type":"article","og_title":"Protection des donn\u00e9es - M\u00fcller Trade","og_description":"[...]plus from Protection des donn\u00e9es","og_url":"https:\/\/trade-mueller-beta.startupblitz.de\/fr\/protection-des-donnees\/","og_site_name":"M\u00fcller Trade","article_modified_time":"2024-09-26T15:24:01+00:00","twitter_card":"summary_large_image","twitter_misc":{"Dur\u00e9e de lecture estim\u00e9e":"11 minutes"},"schema":{"@context":"https:\/\/schema.org","@graph":[{"@type":"WebPage","@id":"https:\/\/trade-mueller-beta.startupblitz.de\/fr\/protection-des-donnees\/","url":"https:\/\/trade-mueller-beta.startupblitz.de\/fr\/protection-des-donnees\/","name":"Protection des donn\u00e9es - M\u00fcller Trade","isPartOf":{"@id":"https:\/\/trade-mueller-beta.startupblitz.de\/fr\/#website"},"datePublished":"2024-04-02T14:53:06+00:00","dateModified":"2024-09-26T15:24:01+00:00","breadcrumb":{"@id":"https:\/\/trade-mueller-beta.startupblitz.de\/fr\/protection-des-donnees\/#breadcrumb"},"inLanguage":"fr-FR","potentialAction":[{"@type":"ReadAction","target":["https:\/\/trade-mueller-beta.startupblitz.de\/fr\/protection-des-donnees\/"]}]},{"@type":"BreadcrumbList","@id":"https:\/\/trade-mueller-beta.startupblitz.de\/fr\/protection-des-donnees\/#breadcrumb","itemListElement":[{"@type":"ListItem","position":1,"name":"Startseite","item":"https:\/\/trade-mueller-beta.startupblitz.de\/fr\/"},{"@type":"ListItem","position":2,"name":"Protection des donn\u00e9es"}]},{"@type":"WebSite","@id":"https:\/\/trade-mueller-beta.startupblitz.de\/fr\/#website","url":"https:\/\/trade-mueller-beta.startupblitz.de\/fr\/","name":"M\u00fcller Trade","description":"VOTRE BOUTIQUE B2B DE V\u00caTEMENTS PROFESSIONNELS","publisher":{"@id":"https:\/\/trade-mueller-beta.startupblitz.de\/fr\/#organization"},"potentialAction":[{"@type":"SearchAction","target":{"@type":"EntryPoint","urlTemplate":"https:\/\/trade-mueller-beta.startupblitz.de\/fr\/?s={search_term_string}"},"query-input":{"@type":"PropertyValueSpecification","valueRequired":true,"valueName":"search_term_string"}}],"inLanguage":"fr-FR"},{"@type":"Organization","@id":"https:\/\/trade-mueller-beta.startupblitz.de\/fr\/#organization","name":"M\u00fcller Trade Corporate Clothing","url":"https:\/\/trade-mueller-beta.startupblitz.de\/fr\/","logo":{"@type":"ImageObject","inLanguage":"fr-FR","@id":"https:\/\/trade-mueller-beta.startupblitz.de\/fr\/#\/schema\/logo\/image\/","url":"https:\/\/trade-mueller-beta.startupblitz.de\/wp-content\/uploads\/sites\/2\/cropped-cropped-mt-icon.png","contentUrl":"https:\/\/trade-mueller-beta.startupblitz.de\/wp-content\/uploads\/sites\/2\/cropped-cropped-mt-icon.png","width":512,"height":512,"caption":"M\u00fcller Trade Corporate Clothing"},"image":{"@id":"https:\/\/trade-mueller-beta.startupblitz.de\/fr\/#\/schema\/logo\/image\/"}}]}},"acf":[],"_links":{"self":[{"href":"https:\/\/trade-mueller-beta.startupblitz.de\/fr\/wp-json\/wp\/v2\/pages\/12373"}],"collection":[{"href":"https:\/\/trade-mueller-beta.startupblitz.de\/fr\/wp-json\/wp\/v2\/pages"}],"about":[{"href":"https:\/\/trade-mueller-beta.startupblitz.de\/fr\/wp-json\/wp\/v2\/types\/page"}],"author":[{"embeddable":true,"href":"https:\/\/trade-mueller-beta.startupblitz.de\/fr\/wp-json\/wp\/v2\/users\/1"}],"replies":[{"embeddable":true,"href":"https:\/\/trade-mueller-beta.startupblitz.de\/fr\/wp-json\/wp\/v2\/comments?post=12373"}],"version-history":[{"count":3,"href":"https:\/\/trade-mueller-beta.startupblitz.de\/fr\/wp-json\/wp\/v2\/pages\/12373\/revisions"}],"predecessor-version":[{"id":256887,"href":"https:\/\/trade-mueller-beta.startupblitz.de\/fr\/wp-json\/wp\/v2\/pages\/12373\/revisions\/256887"}],"wp:attachment":[{"href":"https:\/\/trade-mueller-beta.startupblitz.de\/fr\/wp-json\/wp\/v2\/media?parent=12373"}],"curies":[{"name":"wp","href":"https:\/\/api.w.org\/{rel}","templated":true}]}}