{"id":12383,"date":"2024-04-05T11:34:36","date_gmt":"2024-04-05T09:34:36","guid":{"rendered":"https:\/\/trade-mueller-beta.startupblitz.de\/societe\/"},"modified":"2024-09-26T17:25:00","modified_gmt":"2024-09-26T15:25:00","slug":"enterprise","status":"publish","type":"page","link":"https:\/\/trade-mueller-beta.startupblitz.de\/fr\/enterprise\/","title":{"rendered":"Enterprise"},"content":{"rendered":"<div class=\"container page-header\"><p class=\"has-text-align-center page-teaser\">Nous nous r\u00e9jouissons de votre demande.<\/p>\n\n<div style=\"height:200px\" aria-hidden=\"true\" class=\"wp-block-spacer\"><\/div><\/div><div class=\"container-fluid backstretch-wrapper backstretch-center\"><div class=\"container happy-scrolling-stretch\"><div class=\"row align-items-lg-stretch\"><div class=\"col-lg-4\"><div style=\"aspect-ratio:1;min-height:unset;\" class=\"wp-block-cover is-light has-aspect-ratio\"><span aria-hidden=\"true\" class=\"wp-block-cover__background has-white-background-color has-background-dim-0 has-background-dim\"><\/span><img decoding=\"async\" width=\"850\" height=\"850\" class=\"wp-block-cover__image-background wp-image-230\" alt=\"\" src=\"https:\/\/trade-mueller-beta.startupblitz.de\/wp-content\/uploads\/sites\/2\/karin_baumeler.jpg\" style=\"object-position:43% 40%\" data-object-fit=\"cover\" data-object-position=\"43% 40%\" srcset=\"https:\/\/trade-mueller-beta.startupblitz.de\/wp-content\/uploads\/sites\/2\/karin_baumeler.jpg 850w, https:\/\/trade-mueller-beta.startupblitz.de\/wp-content\/uploads\/sites\/2\/karin_baumeler-400x400.jpg 400w, https:\/\/trade-mueller-beta.startupblitz.de\/wp-content\/uploads\/sites\/2\/karin_baumeler-800x800.jpg 800w, https:\/\/trade-mueller-beta.startupblitz.de\/wp-content\/uploads\/sites\/2\/karin_baumeler-150x150.jpg 150w, https:\/\/trade-mueller-beta.startupblitz.de\/wp-content\/uploads\/sites\/2\/karin_baumeler-768x768.jpg 768w, https:\/\/trade-mueller-beta.startupblitz.de\/wp-content\/uploads\/sites\/2\/karin_baumeler-300x300.jpg 300w, https:\/\/trade-mueller-beta.startupblitz.de\/wp-content\/uploads\/sites\/2\/karin_baumeler-600x600.jpg 600w, https:\/\/trade-mueller-beta.startupblitz.de\/wp-content\/uploads\/sites\/2\/karin_baumeler-100x100.jpg 100w\" sizes=\"(max-width: 850px) 100vw, 850px\" \/><div class=\"wp-block-cover__inner-container has-global-padding is-layout-constrained wp-block-cover-is-layout-constrained\"><p class=\"has-text-align-center has-large-font-size\"><\/p><\/div><\/div>\n\n<div style=\"aspect-ratio:1;min-height:unset;\" class=\"wp-block-cover is-light happy-scrolling-gap fade-in-down speed-300 has-aspect-ratio\"><span aria-hidden=\"true\" class=\"wp-block-cover__background has-gray-light-background-color has-background-dim-100 has-background-dim\"><\/span><div class=\"wp-block-cover__inner-container has-global-padding is-layout-constrained wp-block-cover-is-layout-constrained\"><p class=\"has-text-align-center has-large-font-size\">Karin Baumeler<\/p>\n\n<p class=\"has-text-align-center\">Marketing \/ Design<\/p><\/div><\/div><\/div>\n\n<div class=\"col-lg-4\"><div style=\"aspect-ratio:1;min-height:unset;\" class=\"wp-block-cover is-light has-aspect-ratio\"><span aria-hidden=\"true\" class=\"wp-block-cover__background has-background-dim-0 has-background-dim\" style=\"background-color:#8c908e\"><\/span><img decoding=\"async\" width=\"850\" height=\"850\" class=\"wp-block-cover__image-background wp-image-231\" alt=\"Stefan Kaelin\" src=\"https:\/\/trade-mueller-beta.startupblitz.de\/wp-content\/uploads\/sites\/2\/mt_stefan_kaelin.jpg\" data-object-fit=\"cover\" srcset=\"https:\/\/trade-mueller-beta.startupblitz.de\/wp-content\/uploads\/sites\/2\/mt_stefan_kaelin.jpg 850w, https:\/\/trade-mueller-beta.startupblitz.de\/wp-content\/uploads\/sites\/2\/mt_stefan_kaelin-400x400.jpg 400w, https:\/\/trade-mueller-beta.startupblitz.de\/wp-content\/uploads\/sites\/2\/mt_stefan_kaelin-800x800.jpg 800w, https:\/\/trade-mueller-beta.startupblitz.de\/wp-content\/uploads\/sites\/2\/mt_stefan_kaelin-150x150.jpg 150w, https:\/\/trade-mueller-beta.startupblitz.de\/wp-content\/uploads\/sites\/2\/mt_stefan_kaelin-768x768.jpg 768w, https:\/\/trade-mueller-beta.startupblitz.de\/wp-content\/uploads\/sites\/2\/mt_stefan_kaelin-300x300.jpg 300w, https:\/\/trade-mueller-beta.startupblitz.de\/wp-content\/uploads\/sites\/2\/mt_stefan_kaelin-600x600.jpg 600w, https:\/\/trade-mueller-beta.startupblitz.de\/wp-content\/uploads\/sites\/2\/mt_stefan_kaelin-100x100.jpg 100w\" sizes=\"(max-width: 850px) 100vw, 850px\" \/><div class=\"wp-block-cover__inner-container has-global-padding is-layout-constrained wp-block-cover-is-layout-constrained\"><p class=\"has-text-align-center has-large-font-size\"><\/p><\/div><\/div>\n\n<div style=\"aspect-ratio:1;min-height:unset;\" class=\"wp-block-cover is-light happy-scrolling-gap fade-in-down speed-300 has-aspect-ratio\"><span aria-hidden=\"true\" class=\"wp-block-cover__background has-gray-light-background-color has-background-dim-100 has-background-dim\"><\/span><div class=\"wp-block-cover__inner-container has-global-padding is-layout-constrained wp-block-cover-is-layout-constrained\"><p class=\"has-text-align-center has-large-font-size\">Stefan Kaelin<\/p>\n\n<p class=\"has-text-align-center\">Directeur g\u00e9n\u00e9ral<\/p>\n\n<p class=\"has-text-align-center\">Plus de 20 ans de savoir-faire dans le domaine du Corporate Clothing<\/p><\/div><\/div><\/div>\n\n<div class=\"col-lg-4 align-self-lg-stretch align-self-lg-stretch\"><div style=\"aspect-ratio:1;min-height:unset;\" class=\"wp-block-cover has-aspect-ratio\"><span aria-hidden=\"true\" class=\"wp-block-cover__background has-gray-background-color has-background-dim-100 has-background-dim\"><\/span><div class=\"wp-block-cover__inner-container has-global-padding is-layout-constrained wp-block-cover-is-layout-constrained\"><p class=\"has-text-align-center has-white-color has-text-color has-link-color has-medium-font-size wp-elements-1add0101912081d3eb41efee4f37a17c\">M\u00fcller Corporate Clothing AG<br>Bahnhofstrasse 24<br>8730 Uznach<\/p>\n\n<p class=\"has-text-align-center has-white-color has-text-color has-link-color has-medium-font-size wp-elements-aa7c96ae31e78e4679c4d29e6ab58b47\">T\u00e9l\u00e9phone +41 55 535 75 76<\/p>\n\n<p class=\"has-text-align-center white-link has-white-color has-text-color has-link-color has-medium-font-size wp-elements-36a06b50f350c49ad5feb2562abb7da2\"><a href=\"mailto:contact@trade-mueller-beta.startupblitz.de\" target=\"_blank\" rel=\"noreferrer noopener nofollow\">contact@trade-mueller-beta.startupblitz.de<\/a><\/p><\/div><\/div>\n\n<div style=\"aspect-ratio:1;min-height:unset;\" class=\"wp-block-cover is-light happy-scrolling-gap fade-in-down speed-300 has-aspect-ratio\"><span aria-hidden=\"true\" class=\"wp-block-cover__background has-gray-light-background-color has-background-dim-100 has-background-dim\"><\/span><div class=\"wp-block-cover__inner-container has-global-padding is-layout-constrained wp-block-cover-is-layout-constrained\"><p class=\"has-text-align-center has-black-color has-text-color has-link-color has-medium-font-size wp-elements-f2af0c838d43e8721dc84c7b13f38cda\">M\u00fcller Trade<br>Entreprise g\u00e9r\u00e9e par ses propri\u00e9taires depuis 2005<\/p><\/div><\/div><\/div><\/div><\/div><\/div>","protected":false},"excerpt":{"rendered":"<p> [&#8230;]<\/p>\n<p><a class=\"btn btn-secondary understrap-read-more-link\" href=\"https:\/\/trade-mueller-beta.startupblitz.de\/fr\/enterprise\/\">plus<span class=\"screen-reader-text\"> from Enterprise<\/span><\/a><\/p>\n","protected":false},"author":1,"featured_media":10441,"parent":0,"menu_order":6,"comment_status":"closed","ping_status":"closed","template":"page-templates\/subpage.php","meta":{"_acf_changed":false,"inline_featured_image":false,"footnotes":""},"class_list":["post-12383","page","type-page","status-publish","has-post-thumbnail","hentry"],"yoast_head":"<title>Enterprise - M\u00fcller Trade<\/title>\n<meta name=\"robots\" content=\"index, follow, max-snippet:-1, max-image-preview:large, max-video-preview:-1\" \/>\n<link rel=\"canonical\" href=\"https:\/\/trade-mueller-beta.startupblitz.de\/fr\/enterprise\/\" \/>\n<meta property=\"og:locale\" content=\"fr_FR\" \/>\n<meta property=\"og:type\" content=\"article\" \/>\n<meta property=\"og:title\" content=\"Enterprise - M\u00fcller Trade\" \/>\n<meta property=\"og:description\" content=\"[...]plus from Enterprise\" \/>\n<meta property=\"og:url\" content=\"https:\/\/trade-mueller-beta.startupblitz.de\/fr\/enterprise\/\" \/>\n<meta property=\"og:site_name\" content=\"M\u00fcller Trade\" \/>\n<meta property=\"article:modified_time\" content=\"2024-09-26T15:25:00+00:00\" \/>\n<meta property=\"og:image\" content=\"https:\/\/trade-mueller-beta.startupblitz.de\/wp-content\/uploads\/sites\/2\/unternehmen_hintergrundbild-1919x1920-1-jpg-avif.avif\" \/>\n\t<meta property=\"og:image:width\" content=\"1919\" \/>\n\t<meta property=\"og:image:height\" content=\"1920\" \/>\n\t<meta property=\"og:image:type\" content=\"image\/jpeg\" \/>\n<meta name=\"twitter:card\" content=\"summary_large_image\" \/>\n<meta name=\"twitter:label1\" content=\"Dur\u00e9e de lecture estim\u00e9e\" \/>\n\t<meta name=\"twitter:data1\" content=\"1 minute\" \/>\n<script type=\"application\/ld+json\" class=\"yoast-schema-graph\">{\"@context\":\"https:\/\/schema.org\",\"@graph\":[{\"@type\":\"WebPage\",\"@id\":\"https:\/\/trade-mueller-beta.startupblitz.de\/fr\/enterprise\/\",\"url\":\"https:\/\/trade-mueller-beta.startupblitz.de\/fr\/enterprise\/\",\"name\":\"Enterprise - M\u00fcller Trade\",\"isPartOf\":{\"@id\":\"https:\/\/trade-mueller-beta.startupblitz.de\/fr\/#website\"},\"primaryImageOfPage\":{\"@id\":\"https:\/\/trade-mueller-beta.startupblitz.de\/fr\/enterprise\/#primaryimage\"},\"image\":{\"@id\":\"https:\/\/trade-mueller-beta.startupblitz.de\/fr\/enterprise\/#primaryimage\"},\"thumbnailUrl\":\"https:\/\/trade-mueller-beta.startupblitz.de\/wp-content\/uploads\/sites\/2\/unternehmen_hintergrundbild-1919x1920-1.jpg\",\"datePublished\":\"2024-04-05T09:34:36+00:00\",\"dateModified\":\"2024-09-26T15:25:00+00:00\",\"breadcrumb\":{\"@id\":\"https:\/\/trade-mueller-beta.startupblitz.de\/fr\/enterprise\/#breadcrumb\"},\"inLanguage\":\"fr-FR\",\"potentialAction\":[{\"@type\":\"ReadAction\",\"target\":[\"https:\/\/trade-mueller-beta.startupblitz.de\/fr\/enterprise\/\"]}]},{\"@type\":\"ImageObject\",\"inLanguage\":\"fr-FR\",\"@id\":\"https:\/\/trade-mueller-beta.startupblitz.de\/fr\/enterprise\/#primaryimage\",\"url\":\"https:\/\/trade-mueller-beta.startupblitz.de\/wp-content\/uploads\/sites\/2\/unternehmen_hintergrundbild-1919x1920-1.jpg\",\"contentUrl\":\"https:\/\/trade-mueller-beta.startupblitz.de\/wp-content\/uploads\/sites\/2\/unternehmen_hintergrundbild-1919x1920-1.jpg\",\"width\":1919,\"height\":1920},{\"@type\":\"BreadcrumbList\",\"@id\":\"https:\/\/trade-mueller-beta.startupblitz.de\/fr\/enterprise\/#breadcrumb\",\"itemListElement\":[{\"@type\":\"ListItem\",\"position\":1,\"name\":\"Startseite\",\"item\":\"https:\/\/trade-mueller-beta.startupblitz.de\/fr\/\"},{\"@type\":\"ListItem\",\"position\":2,\"name\":\"Enterprise\"}]},{\"@type\":\"WebSite\",\"@id\":\"https:\/\/trade-mueller-beta.startupblitz.de\/fr\/#website\",\"url\":\"https:\/\/trade-mueller-beta.startupblitz.de\/fr\/\",\"name\":\"M\u00fcller Trade\",\"description\":\"VOTRE BOUTIQUE B2B DE V\u00caTEMENTS PROFESSIONNELS\",\"publisher\":{\"@id\":\"https:\/\/trade-mueller-beta.startupblitz.de\/fr\/#organization\"},\"potentialAction\":[{\"@type\":\"SearchAction\",\"target\":{\"@type\":\"EntryPoint\",\"urlTemplate\":\"https:\/\/trade-mueller-beta.startupblitz.de\/fr\/?s={search_term_string}\"},\"query-input\":{\"@type\":\"PropertyValueSpecification\",\"valueRequired\":true,\"valueName\":\"search_term_string\"}}],\"inLanguage\":\"fr-FR\"},{\"@type\":\"Organization\",\"@id\":\"https:\/\/trade-mueller-beta.startupblitz.de\/fr\/#organization\",\"name\":\"M\u00fcller Trade Corporate Clothing\",\"url\":\"https:\/\/trade-mueller-beta.startupblitz.de\/fr\/\",\"logo\":{\"@type\":\"ImageObject\",\"inLanguage\":\"fr-FR\",\"@id\":\"https:\/\/trade-mueller-beta.startupblitz.de\/fr\/#\/schema\/logo\/image\/\",\"url\":\"https:\/\/trade-mueller-beta.startupblitz.de\/wp-content\/uploads\/sites\/2\/cropped-cropped-mt-icon.png\",\"contentUrl\":\"https:\/\/trade-mueller-beta.startupblitz.de\/wp-content\/uploads\/sites\/2\/cropped-cropped-mt-icon.png\",\"width\":512,\"height\":512,\"caption\":\"M\u00fcller Trade Corporate Clothing\"},\"image\":{\"@id\":\"https:\/\/trade-mueller-beta.startupblitz.de\/fr\/#\/schema\/logo\/image\/\"}}]}<\/script>","yoast_head_json":{"title":"Enterprise - M\u00fcller Trade","robots":{"index":"index","follow":"follow","max-snippet":"max-snippet:-1","max-image-preview":"max-image-preview:large","max-video-preview":"max-video-preview:-1"},"canonical":"https:\/\/trade-mueller-beta.startupblitz.de\/fr\/enterprise\/","og_locale":"fr_FR","og_type":"article","og_title":"Enterprise - M\u00fcller Trade","og_description":"[...]plus from Enterprise","og_url":"https:\/\/trade-mueller-beta.startupblitz.de\/fr\/enterprise\/","og_site_name":"M\u00fcller Trade","article_modified_time":"2024-09-26T15:25:00+00:00","og_image":[{"width":1919,"height":1920,"url":"https:\/\/trade-mueller-beta.startupblitz.de\/wp-content\/uploads\/sites\/2\/unternehmen_hintergrundbild-1919x1920-1-jpg-avif.avif","type":"image\/jpeg"}],"twitter_card":"summary_large_image","twitter_misc":{"Dur\u00e9e de lecture estim\u00e9e":"1 minute"},"schema":{"@context":"https:\/\/schema.org","@graph":[{"@type":"WebPage","@id":"https:\/\/trade-mueller-beta.startupblitz.de\/fr\/enterprise\/","url":"https:\/\/trade-mueller-beta.startupblitz.de\/fr\/enterprise\/","name":"Enterprise - M\u00fcller Trade","isPartOf":{"@id":"https:\/\/trade-mueller-beta.startupblitz.de\/fr\/#website"},"primaryImageOfPage":{"@id":"https:\/\/trade-mueller-beta.startupblitz.de\/fr\/enterprise\/#primaryimage"},"image":{"@id":"https:\/\/trade-mueller-beta.startupblitz.de\/fr\/enterprise\/#primaryimage"},"thumbnailUrl":"https:\/\/trade-mueller-beta.startupblitz.de\/wp-content\/uploads\/sites\/2\/unternehmen_hintergrundbild-1919x1920-1.jpg","datePublished":"2024-04-05T09:34:36+00:00","dateModified":"2024-09-26T15:25:00+00:00","breadcrumb":{"@id":"https:\/\/trade-mueller-beta.startupblitz.de\/fr\/enterprise\/#breadcrumb"},"inLanguage":"fr-FR","potentialAction":[{"@type":"ReadAction","target":["https:\/\/trade-mueller-beta.startupblitz.de\/fr\/enterprise\/"]}]},{"@type":"ImageObject","inLanguage":"fr-FR","@id":"https:\/\/trade-mueller-beta.startupblitz.de\/fr\/enterprise\/#primaryimage","url":"https:\/\/trade-mueller-beta.startupblitz.de\/wp-content\/uploads\/sites\/2\/unternehmen_hintergrundbild-1919x1920-1.jpg","contentUrl":"https:\/\/trade-mueller-beta.startupblitz.de\/wp-content\/uploads\/sites\/2\/unternehmen_hintergrundbild-1919x1920-1.jpg","width":1919,"height":1920},{"@type":"BreadcrumbList","@id":"https:\/\/trade-mueller-beta.startupblitz.de\/fr\/enterprise\/#breadcrumb","itemListElement":[{"@type":"ListItem","position":1,"name":"Startseite","item":"https:\/\/trade-mueller-beta.startupblitz.de\/fr\/"},{"@type":"ListItem","position":2,"name":"Enterprise"}]},{"@type":"WebSite","@id":"https:\/\/trade-mueller-beta.startupblitz.de\/fr\/#website","url":"https:\/\/trade-mueller-beta.startupblitz.de\/fr\/","name":"M\u00fcller Trade","description":"VOTRE BOUTIQUE B2B DE V\u00caTEMENTS PROFESSIONNELS","publisher":{"@id":"https:\/\/trade-mueller-beta.startupblitz.de\/fr\/#organization"},"potentialAction":[{"@type":"SearchAction","target":{"@type":"EntryPoint","urlTemplate":"https:\/\/trade-mueller-beta.startupblitz.de\/fr\/?s={search_term_string}"},"query-input":{"@type":"PropertyValueSpecification","valueRequired":true,"valueName":"search_term_string"}}],"inLanguage":"fr-FR"},{"@type":"Organization","@id":"https:\/\/trade-mueller-beta.startupblitz.de\/fr\/#organization","name":"M\u00fcller Trade Corporate Clothing","url":"https:\/\/trade-mueller-beta.startupblitz.de\/fr\/","logo":{"@type":"ImageObject","inLanguage":"fr-FR","@id":"https:\/\/trade-mueller-beta.startupblitz.de\/fr\/#\/schema\/logo\/image\/","url":"https:\/\/trade-mueller-beta.startupblitz.de\/wp-content\/uploads\/sites\/2\/cropped-cropped-mt-icon.png","contentUrl":"https:\/\/trade-mueller-beta.startupblitz.de\/wp-content\/uploads\/sites\/2\/cropped-cropped-mt-icon.png","width":512,"height":512,"caption":"M\u00fcller Trade Corporate Clothing"},"image":{"@id":"https:\/\/trade-mueller-beta.startupblitz.de\/fr\/#\/schema\/logo\/image\/"}}]}},"acf":[],"_links":{"self":[{"href":"https:\/\/trade-mueller-beta.startupblitz.de\/fr\/wp-json\/wp\/v2\/pages\/12383"}],"collection":[{"href":"https:\/\/trade-mueller-beta.startupblitz.de\/fr\/wp-json\/wp\/v2\/pages"}],"about":[{"href":"https:\/\/trade-mueller-beta.startupblitz.de\/fr\/wp-json\/wp\/v2\/types\/page"}],"author":[{"embeddable":true,"href":"https:\/\/trade-mueller-beta.startupblitz.de\/fr\/wp-json\/wp\/v2\/users\/1"}],"replies":[{"embeddable":true,"href":"https:\/\/trade-mueller-beta.startupblitz.de\/fr\/wp-json\/wp\/v2\/comments?post=12383"}],"version-history":[{"count":6,"href":"https:\/\/trade-mueller-beta.startupblitz.de\/fr\/wp-json\/wp\/v2\/pages\/12383\/revisions"}],"predecessor-version":[{"id":256889,"href":"https:\/\/trade-mueller-beta.startupblitz.de\/fr\/wp-json\/wp\/v2\/pages\/12383\/revisions\/256889"}],"wp:featuredmedia":[{"embeddable":true,"href":"https:\/\/trade-mueller-beta.startupblitz.de\/fr\/wp-json\/wp\/v2\/media\/10441"}],"wp:attachment":[{"href":"https:\/\/trade-mueller-beta.startupblitz.de\/fr\/wp-json\/wp\/v2\/media?parent=12383"}],"curies":[{"name":"wp","href":"https:\/\/api.w.org\/{rel}","templated":true}]}}