{"id":12387,"date":"2024-04-05T11:36:36","date_gmt":"2024-04-05T09:36:36","guid":{"rendered":"https:\/\/trade-mueller-beta.startupblitz.de\/references\/"},"modified":"2024-09-26T17:26:21","modified_gmt":"2024-09-26T15:26:21","slug":"references","status":"publish","type":"page","link":"https:\/\/trade-mueller-beta.startupblitz.de\/fr\/references\/","title":{"rendered":"R\u00e9f\u00e9rences"},"content":{"rendered":"<div class=\"container page-header\"><h2 class=\"wp-block-heading has-text-align-center page-teaser\"><strong>Ces entreprises nous accordent d\u00e9j\u00e0 leur confiance<\/strong><br><strong>&#8211; autres r\u00e9f\u00e9rences sur demande.<\/strong><\/h2><\/div><div class=\"container-fluid has-gray-light-background-color has-background\"><div class=\"container listing-posts listing-referenzen\"><div class=\"referenzen-listing\"><div class=\"listing-item\"><a class=\"image\" href=\"https:\/\/trade-mueller-beta.startupblitz.de\/fr\/references\/palace-hotel-luzern-luzern\/\"><img decoding=\"async\" width=\"144\" height=\"96\" src=\"https:\/\/trade-mueller-beta.startupblitz.de\/wp-content\/uploads\/sites\/2\/palace-144x96-1.png\" class=\"attachment-full size-full wp-post-image\" alt=\"\" \/><\/a> <a class=\"title\" href=\"https:\/\/trade-mueller-beta.startupblitz.de\/fr\/references\/palace-hotel-luzern-luzern\/\">Palace Hotel Luzern, Luzern<\/a><\/div><div class=\"listing-item\"><a class=\"image\" href=\"https:\/\/trade-mueller-beta.startupblitz.de\/fr\/references\/segantini-catering-adliswil\/\"><img decoding=\"async\" width=\"144\" height=\"96\" src=\"https:\/\/trade-mueller-beta.startupblitz.de\/wp-content\/uploads\/sites\/2\/segantini-144x96-1.png\" class=\"attachment-full size-full wp-post-image\" alt=\"\" \/><\/a> <a class=\"title\" href=\"https:\/\/trade-mueller-beta.startupblitz.de\/fr\/references\/segantini-catering-adliswil\/\">Segantini Catering, Adliswil<\/a><\/div><div class=\"listing-item\"><a class=\"image\" href=\"https:\/\/trade-mueller-beta.startupblitz.de\/fr\/references\/kibag-materiaux-de-construction-region-sihl-lac-de-zurich\/\"><img decoding=\"async\" width=\"144\" height=\"96\" src=\"https:\/\/trade-mueller-beta.startupblitz.de\/wp-content\/uploads\/sites\/2\/kibag-144x96-1.png\" class=\"attachment-full size-full wp-post-image\" alt=\"\" \/><\/a> <a class=\"title\" href=\"https:\/\/trade-mueller-beta.startupblitz.de\/fr\/references\/kibag-materiaux-de-construction-region-sihl-lac-de-zurich\/\">KIBAG Mat\u00e9riaux de construction, r\u00e9gion Sihl, lac de Zurich<\/a><\/div><div class=\"listing-item\"><a class=\"image\" href=\"https:\/\/trade-mueller-beta.startupblitz.de\/fr\/references\/candrian-catering-zurich\/\"><img decoding=\"async\" width=\"144\" height=\"106\" src=\"https:\/\/trade-mueller-beta.startupblitz.de\/wp-content\/uploads\/sites\/2\/candrian-2-144x106-1.png\" class=\"attachment-full size-full wp-post-image\" alt=\"\" \/><\/a> <a class=\"title\" href=\"https:\/\/trade-mueller-beta.startupblitz.de\/fr\/references\/candrian-catering-zurich\/\">Candrian Catering, Zurich<\/a><\/div><div class=\"listing-item\"><a class=\"image\" href=\"https:\/\/trade-mueller-beta.startupblitz.de\/fr\/references\/grand-resort-bad-ragaz\/\"><img decoding=\"async\" width=\"144\" height=\"96\" src=\"https:\/\/trade-mueller-beta.startupblitz.de\/wp-content\/uploads\/sites\/2\/bad-ragaz-144x96-1.png\" class=\"attachment-full size-full wp-post-image\" alt=\"\" \/><\/a> <a class=\"title\" href=\"https:\/\/trade-mueller-beta.startupblitz.de\/fr\/references\/grand-resort-bad-ragaz\/\">Grand Resort Bad Ragaz<\/a><\/div><div class=\"listing-item\"><a class=\"image\" href=\"https:\/\/trade-mueller-beta.startupblitz.de\/fr\/references\/hotel-brasserie-loewen-am-see-zug\/\"><img decoding=\"async\" width=\"144\" height=\"96\" src=\"https:\/\/trade-mueller-beta.startupblitz.de\/wp-content\/uploads\/sites\/2\/loewen-144x96-1.png\" class=\"attachment-full size-full wp-post-image\" alt=\"\" \/><\/a> <a class=\"title\" href=\"https:\/\/trade-mueller-beta.startupblitz.de\/fr\/references\/hotel-brasserie-loewen-am-see-zug\/\">Hotel &amp; Brasserie L\u00f6wen am See, Zug<\/a><\/div><div class=\"listing-item\"><a class=\"image\" href=\"https:\/\/trade-mueller-beta.startupblitz.de\/fr\/references\/la-coquillade-gargas-fr\/\"><img decoding=\"async\" width=\"144\" height=\"96\" src=\"https:\/\/trade-mueller-beta.startupblitz.de\/wp-content\/uploads\/sites\/2\/coquillade-144x96-1.png\" class=\"attachment-full size-full wp-post-image\" alt=\"\" \/><\/a> <a class=\"title\" href=\"https:\/\/trade-mueller-beta.startupblitz.de\/fr\/references\/la-coquillade-gargas-fr\/\">La Coquillade, Gargas FR<\/a><\/div><div class=\"listing-item\"><a class=\"image\" href=\"https:\/\/trade-mueller-beta.startupblitz.de\/fr\/references\/hotel-laudinella-st-moritz\/\"><img decoding=\"async\" width=\"144\" height=\"96\" src=\"https:\/\/trade-mueller-beta.startupblitz.de\/wp-content\/uploads\/sites\/2\/laudinella-144x96-1.png\" class=\"attachment-full size-full wp-post-image\" alt=\"\" \/><\/a> <a class=\"title\" href=\"https:\/\/trade-mueller-beta.startupblitz.de\/fr\/references\/hotel-laudinella-st-moritz\/\">Hotel Laudinella, St. Moritz<\/a><\/div><div class=\"listing-item\"><a class=\"image\" href=\"https:\/\/trade-mueller-beta.startupblitz.de\/fr\/references\/hotel-seehof-davos-davos-dorf-schlosshotel-vereina-kloster\/\"><img decoding=\"async\" width=\"144\" height=\"96\" src=\"https:\/\/trade-mueller-beta.startupblitz.de\/wp-content\/uploads\/sites\/2\/seehof-144x96-1.png\" class=\"attachment-full size-full wp-post-image\" alt=\"\" \/><\/a> <a class=\"title\" href=\"https:\/\/trade-mueller-beta.startupblitz.de\/fr\/references\/hotel-seehof-davos-davos-dorf-schlosshotel-vereina-kloster\/\">Hotel Seehof Davos, Davos Dorf Schlosshotel Vereina, Kloster<\/a><\/div><div class=\"listing-item\"><a class=\"image\" href=\"https:\/\/trade-mueller-beta.startupblitz.de\/fr\/references\/hotel-frutt-lodge-spa-hotel-frutt-family-lodge-melchsee-frutt\/\"><img decoding=\"async\" width=\"144\" height=\"96\" src=\"https:\/\/trade-mueller-beta.startupblitz.de\/wp-content\/uploads\/sites\/2\/frutt-144x96-1.png\" class=\"attachment-full size-full wp-post-image\" alt=\"\" \/><\/a> <a class=\"title\" href=\"https:\/\/trade-mueller-beta.startupblitz.de\/fr\/references\/hotel-frutt-lodge-spa-hotel-frutt-family-lodge-melchsee-frutt\/\">Hotel frutt Lodge &amp; Spa \/ Hotel frutt Family Lodge, Melchsee-Frutt<\/a><\/div><\/div><\/div><\/div>","protected":false},"excerpt":{"rendered":"<p> [&#8230;]<\/p>\n<p><a class=\"btn btn-secondary understrap-read-more-link\" href=\"https:\/\/trade-mueller-beta.startupblitz.de\/fr\/references\/hotel-frutt-lodge-spa-hotel-frutt-family-lodge-melchsee-frutt\/\">plus<span class=\"screen-reader-text\"> from Hotel frutt Lodge &amp; Spa \/ Hotel frutt Family Lodge, Melchsee-Frutt<\/span><\/a><\/p>\n","protected":false},"author":1,"featured_media":0,"parent":0,"menu_order":9,"comment_status":"closed","ping_status":"closed","template":"page-templates\/homepage.php","meta":{"_acf_changed":false,"inline_featured_image":false,"footnotes":""},"class_list":["post-12387","page","type-page","status-publish","hentry"],"yoast_head":"<title>R\u00e9f\u00e9rences - M\u00fcller Trade<\/title>\n<meta name=\"robots\" content=\"index, follow, max-snippet:-1, max-image-preview:large, max-video-preview:-1\" \/>\n<link rel=\"canonical\" href=\"https:\/\/trade-mueller-beta.startupblitz.de\/fr\/references\/\" \/>\n<meta property=\"og:locale\" content=\"fr_FR\" \/>\n<meta property=\"og:type\" content=\"article\" \/>\n<meta property=\"og:title\" content=\"R\u00e9f\u00e9rences - M\u00fcller Trade\" \/>\n<meta property=\"og:description\" content=\"[...]plus from Hotel frutt Lodge &amp; Spa \/ Hotel frutt Family Lodge, Melchsee-Frutt\" \/>\n<meta property=\"og:url\" content=\"https:\/\/trade-mueller-beta.startupblitz.de\/fr\/references\/\" \/>\n<meta property=\"og:site_name\" content=\"M\u00fcller Trade\" \/>\n<meta property=\"article:modified_time\" content=\"2024-09-26T15:26:21+00:00\" \/>\n<meta name=\"twitter:card\" content=\"summary_large_image\" \/>\n<meta name=\"twitter:label1\" content=\"Dur\u00e9e de lecture estim\u00e9e\" \/>\n\t<meta name=\"twitter:data1\" content=\"1 minute\" \/>\n<script type=\"application\/ld+json\" class=\"yoast-schema-graph\">{\"@context\":\"https:\/\/schema.org\",\"@graph\":[{\"@type\":\"WebPage\",\"@id\":\"https:\/\/trade-mueller-beta.startupblitz.de\/fr\/references\/\",\"url\":\"https:\/\/trade-mueller-beta.startupblitz.de\/fr\/references\/\",\"name\":\"R\u00e9f\u00e9rences - M\u00fcller Trade\",\"isPartOf\":{\"@id\":\"https:\/\/trade-mueller-beta.startupblitz.de\/fr\/#website\"},\"datePublished\":\"2024-04-05T09:36:36+00:00\",\"dateModified\":\"2024-09-26T15:26:21+00:00\",\"breadcrumb\":{\"@id\":\"https:\/\/trade-mueller-beta.startupblitz.de\/fr\/references\/#breadcrumb\"},\"inLanguage\":\"fr-FR\",\"potentialAction\":[{\"@type\":\"ReadAction\",\"target\":[\"https:\/\/trade-mueller-beta.startupblitz.de\/fr\/references\/\"]}]},{\"@type\":\"BreadcrumbList\",\"@id\":\"https:\/\/trade-mueller-beta.startupblitz.de\/fr\/references\/#breadcrumb\",\"itemListElement\":[{\"@type\":\"ListItem\",\"position\":1,\"name\":\"Startseite\",\"item\":\"https:\/\/trade-mueller-beta.startupblitz.de\/fr\/\"},{\"@type\":\"ListItem\",\"position\":2,\"name\":\"R\u00e9f\u00e9rences\"}]},{\"@type\":\"WebSite\",\"@id\":\"https:\/\/trade-mueller-beta.startupblitz.de\/fr\/#website\",\"url\":\"https:\/\/trade-mueller-beta.startupblitz.de\/fr\/\",\"name\":\"M\u00fcller Trade\",\"description\":\"VOTRE BOUTIQUE B2B DE V\u00caTEMENTS PROFESSIONNELS\",\"publisher\":{\"@id\":\"https:\/\/trade-mueller-beta.startupblitz.de\/fr\/#organization\"},\"potentialAction\":[{\"@type\":\"SearchAction\",\"target\":{\"@type\":\"EntryPoint\",\"urlTemplate\":\"https:\/\/trade-mueller-beta.startupblitz.de\/fr\/?s={search_term_string}\"},\"query-input\":{\"@type\":\"PropertyValueSpecification\",\"valueRequired\":true,\"valueName\":\"search_term_string\"}}],\"inLanguage\":\"fr-FR\"},{\"@type\":\"Organization\",\"@id\":\"https:\/\/trade-mueller-beta.startupblitz.de\/fr\/#organization\",\"name\":\"M\u00fcller Trade Corporate Clothing\",\"url\":\"https:\/\/trade-mueller-beta.startupblitz.de\/fr\/\",\"logo\":{\"@type\":\"ImageObject\",\"inLanguage\":\"fr-FR\",\"@id\":\"https:\/\/trade-mueller-beta.startupblitz.de\/fr\/#\/schema\/logo\/image\/\",\"url\":\"https:\/\/trade-mueller-beta.startupblitz.de\/wp-content\/uploads\/sites\/2\/cropped-cropped-mt-icon.png\",\"contentUrl\":\"https:\/\/trade-mueller-beta.startupblitz.de\/wp-content\/uploads\/sites\/2\/cropped-cropped-mt-icon.png\",\"width\":512,\"height\":512,\"caption\":\"M\u00fcller Trade Corporate Clothing\"},\"image\":{\"@id\":\"https:\/\/trade-mueller-beta.startupblitz.de\/fr\/#\/schema\/logo\/image\/\"}}]}<\/script>","yoast_head_json":{"title":"R\u00e9f\u00e9rences - M\u00fcller Trade","robots":{"index":"index","follow":"follow","max-snippet":"max-snippet:-1","max-image-preview":"max-image-preview:large","max-video-preview":"max-video-preview:-1"},"canonical":"https:\/\/trade-mueller-beta.startupblitz.de\/fr\/references\/","og_locale":"fr_FR","og_type":"article","og_title":"R\u00e9f\u00e9rences - M\u00fcller Trade","og_description":"[...]plus from Hotel frutt Lodge &amp; Spa \/ Hotel frutt Family Lodge, Melchsee-Frutt","og_url":"https:\/\/trade-mueller-beta.startupblitz.de\/fr\/references\/","og_site_name":"M\u00fcller Trade","article_modified_time":"2024-09-26T15:26:21+00:00","twitter_card":"summary_large_image","twitter_misc":{"Dur\u00e9e de lecture estim\u00e9e":"1 minute"},"schema":{"@context":"https:\/\/schema.org","@graph":[{"@type":"WebPage","@id":"https:\/\/trade-mueller-beta.startupblitz.de\/fr\/references\/","url":"https:\/\/trade-mueller-beta.startupblitz.de\/fr\/references\/","name":"R\u00e9f\u00e9rences - M\u00fcller Trade","isPartOf":{"@id":"https:\/\/trade-mueller-beta.startupblitz.de\/fr\/#website"},"datePublished":"2024-04-05T09:36:36+00:00","dateModified":"2024-09-26T15:26:21+00:00","breadcrumb":{"@id":"https:\/\/trade-mueller-beta.startupblitz.de\/fr\/references\/#breadcrumb"},"inLanguage":"fr-FR","potentialAction":[{"@type":"ReadAction","target":["https:\/\/trade-mueller-beta.startupblitz.de\/fr\/references\/"]}]},{"@type":"BreadcrumbList","@id":"https:\/\/trade-mueller-beta.startupblitz.de\/fr\/references\/#breadcrumb","itemListElement":[{"@type":"ListItem","position":1,"name":"Startseite","item":"https:\/\/trade-mueller-beta.startupblitz.de\/fr\/"},{"@type":"ListItem","position":2,"name":"R\u00e9f\u00e9rences"}]},{"@type":"WebSite","@id":"https:\/\/trade-mueller-beta.startupblitz.de\/fr\/#website","url":"https:\/\/trade-mueller-beta.startupblitz.de\/fr\/","name":"M\u00fcller Trade","description":"VOTRE BOUTIQUE B2B DE V\u00caTEMENTS PROFESSIONNELS","publisher":{"@id":"https:\/\/trade-mueller-beta.startupblitz.de\/fr\/#organization"},"potentialAction":[{"@type":"SearchAction","target":{"@type":"EntryPoint","urlTemplate":"https:\/\/trade-mueller-beta.startupblitz.de\/fr\/?s={search_term_string}"},"query-input":{"@type":"PropertyValueSpecification","valueRequired":true,"valueName":"search_term_string"}}],"inLanguage":"fr-FR"},{"@type":"Organization","@id":"https:\/\/trade-mueller-beta.startupblitz.de\/fr\/#organization","name":"M\u00fcller Trade Corporate Clothing","url":"https:\/\/trade-mueller-beta.startupblitz.de\/fr\/","logo":{"@type":"ImageObject","inLanguage":"fr-FR","@id":"https:\/\/trade-mueller-beta.startupblitz.de\/fr\/#\/schema\/logo\/image\/","url":"https:\/\/trade-mueller-beta.startupblitz.de\/wp-content\/uploads\/sites\/2\/cropped-cropped-mt-icon.png","contentUrl":"https:\/\/trade-mueller-beta.startupblitz.de\/wp-content\/uploads\/sites\/2\/cropped-cropped-mt-icon.png","width":512,"height":512,"caption":"M\u00fcller Trade Corporate Clothing"},"image":{"@id":"https:\/\/trade-mueller-beta.startupblitz.de\/fr\/#\/schema\/logo\/image\/"}}]}},"acf":[],"_links":{"self":[{"href":"https:\/\/trade-mueller-beta.startupblitz.de\/fr\/wp-json\/wp\/v2\/pages\/12387"}],"collection":[{"href":"https:\/\/trade-mueller-beta.startupblitz.de\/fr\/wp-json\/wp\/v2\/pages"}],"about":[{"href":"https:\/\/trade-mueller-beta.startupblitz.de\/fr\/wp-json\/wp\/v2\/types\/page"}],"author":[{"embeddable":true,"href":"https:\/\/trade-mueller-beta.startupblitz.de\/fr\/wp-json\/wp\/v2\/users\/1"}],"replies":[{"embeddable":true,"href":"https:\/\/trade-mueller-beta.startupblitz.de\/fr\/wp-json\/wp\/v2\/comments?post=12387"}],"version-history":[{"count":4,"href":"https:\/\/trade-mueller-beta.startupblitz.de\/fr\/wp-json\/wp\/v2\/pages\/12387\/revisions"}],"predecessor-version":[{"id":256892,"href":"https:\/\/trade-mueller-beta.startupblitz.de\/fr\/wp-json\/wp\/v2\/pages\/12387\/revisions\/256892"}],"wp:attachment":[{"href":"https:\/\/trade-mueller-beta.startupblitz.de\/fr\/wp-json\/wp\/v2\/media?parent=12387"}],"curies":[{"name":"wp","href":"https:\/\/api.w.org\/{rel}","templated":true}]}}