{"id":12395,"date":"2024-04-05T11:35:10","date_gmt":"2024-04-05T09:35:10","guid":{"rendered":"https:\/\/trade-mueller-beta.startupblitz.de\/services\/"},"modified":"2024-09-26T17:25:13","modified_gmt":"2024-09-26T15:25:13","slug":"services","status":"publish","type":"page","link":"https:\/\/trade-mueller-beta.startupblitz.de\/fr\/services\/","title":{"rendered":"Services"},"content":{"rendered":"<div class=\"container page-header\"><p class=\"has-text-align-center page-teaser\"><strong>Nous soulageons votre entreprise en mati\u00e8re de v\u00eatements<\/strong><br><strong>et d\u00e9terminons vos besoins de mani\u00e8re cibl\u00e9e.<\/strong><\/p><\/div><div class=\"container-fluid backstretch-wrapper\"><div class=\"container happy-scrolling-up\"><div class=\"row align-items-lg-stretch\"><div class=\"col-lg-4\"><div style=\"aspect-ratio:1;min-height:unset;\" class=\"wp-block-cover is-light has-red-color has-text-color has-link-color wp-elements-9221fa8bb495589db47ae21a4c9737e3 has-aspect-ratio\"><span aria-hidden=\"true\" class=\"wp-block-cover__background has-gray-light-background-color has-background-dim-100 has-background-dim\"><\/span><div class=\"wp-block-cover__inner-container has-global-padding is-layout-constrained wp-block-cover-is-layout-constrained\"><h1 class=\"wp-block-heading has-text-align-center\">CONSULTATION<\/h1>\n\n<p class=\"has-text-align-center\">Proposition d&rsquo;un concept de corporate clothing<\/p>\n\n<p class=\"has-text-align-center\">\u00c9tudes sur les propri\u00e9t\u00e9s d&rsquo;entretien et de mat\u00e9riaux<\/p>\n\n<p class=\"has-text-align-center\">S\u00e9minaires de style et de pr\u00e9sentation<\/p><\/div><\/div><\/div>\n\n<div class=\"col-lg-4\"><div style=\"aspect-ratio:1;min-height:unset;\" class=\"wp-block-cover is-light has-red-color has-text-color has-link-color wp-elements-062878dfd0d4949fce23f7a44f3dc59c has-aspect-ratio\"><span aria-hidden=\"true\" class=\"wp-block-cover__background has-gray-light-background-color has-background-dim-100 has-background-dim\"><\/span><div class=\"wp-block-cover__inner-container has-global-padding is-layout-constrained wp-block-cover-is-layout-constrained\"><h1 class=\"wp-block-heading has-text-align-center\">EX\u00c9CUTION<\/h1>\n\n<p class=\"has-text-align-center\">Votre \u00e9quipe est mesur\u00e9e<\/p>\n\n<p class=\"has-text-align-center\">Essayages chez vous ou chez nous<\/p>\n\n<p class=\"has-text-align-center\">Ajustements dans notre propre atelier<\/p><\/div><\/div><\/div>\n\n<div class=\"col-lg-4 align-self-lg-stretch align-self-lg-stretch\"><div style=\"aspect-ratio:1;min-height:unset;\" class=\"wp-block-cover is-light has-red-color has-text-color has-link-color wp-elements-e0b4a64e02a3a982aef5659397158876 has-aspect-ratio\"><span aria-hidden=\"true\" class=\"wp-block-cover__background has-gray-light-background-color has-background-dim-100 has-background-dim\"><\/span><div class=\"wp-block-cover__inner-container has-global-padding is-layout-constrained wp-block-cover-is-layout-constrained\"><h1 class=\"wp-block-heading has-text-align-center\">LOGISTIQUE<\/h1>\n\n<p class=\"has-text-align-center\">\u00c9tiquetage et pr\u00e9paration des commandes<\/p>\n\n<p class=\"has-text-align-center\">Livraison et distribution des marchandises<\/p>\n\n<p class=\"has-text-align-center\">Stockage en concertation<\/p><\/div><\/div><\/div><\/div><\/div>\n\n<p><\/p><\/div>","protected":false},"excerpt":{"rendered":"<p> [&#8230;]<\/p>\n<p><a class=\"btn btn-secondary understrap-read-more-link\" href=\"https:\/\/trade-mueller-beta.startupblitz.de\/fr\/services\/\">plus<span class=\"screen-reader-text\"> from Services<\/span><\/a><\/p>\n","protected":false},"author":1,"featured_media":10461,"parent":0,"menu_order":7,"comment_status":"closed","ping_status":"closed","template":"page-templates\/subpage.php","meta":{"_acf_changed":false,"inline_featured_image":false,"footnotes":""},"class_list":["post-12395","page","type-page","status-publish","has-post-thumbnail","hentry"],"yoast_head":"<title>Services - M\u00fcller Trade<\/title>\n<meta name=\"description\" content=\"M\u00dcLLER TRADE Services - Nous soulageons votre entreprise en mati\u00e8re de v\u00eatements et d\u00e9terminons vos besoins de mani\u00e8re cibl\u00e9e.\" \/>\n<meta name=\"robots\" content=\"index, follow, max-snippet:-1, max-image-preview:large, max-video-preview:-1\" \/>\n<link rel=\"canonical\" href=\"https:\/\/trade-mueller-beta.startupblitz.de\/fr\/services\/\" \/>\n<meta property=\"og:locale\" content=\"fr_FR\" \/>\n<meta property=\"og:type\" content=\"article\" \/>\n<meta property=\"og:title\" content=\"Services - M\u00fcller Trade\" \/>\n<meta property=\"og:description\" content=\"M\u00dcLLER TRADE Services - Nous soulageons votre entreprise en mati\u00e8re de v\u00eatements et d\u00e9terminons vos besoins de mani\u00e8re cibl\u00e9e.\" \/>\n<meta property=\"og:url\" content=\"https:\/\/trade-mueller-beta.startupblitz.de\/fr\/services\/\" \/>\n<meta property=\"og:site_name\" content=\"M\u00fcller Trade\" \/>\n<meta property=\"article:modified_time\" content=\"2024-09-26T15:25:13+00:00\" \/>\n<meta property=\"og:image\" content=\"https:\/\/trade-mueller-beta.startupblitz.de\/wp-content\/uploads\/sites\/2\/mt_dienstleistung-1920x1280-1-jpg-avif.avif\" \/>\n\t<meta property=\"og:image:width\" content=\"1920\" \/>\n\t<meta property=\"og:image:height\" content=\"1280\" \/>\n\t<meta property=\"og:image:type\" content=\"image\/jpeg\" \/>\n<meta name=\"twitter:card\" content=\"summary_large_image\" \/>\n<meta name=\"twitter:label1\" content=\"Dur\u00e9e de lecture estim\u00e9e\" \/>\n\t<meta name=\"twitter:data1\" content=\"1 minute\" \/>\n<script type=\"application\/ld+json\" class=\"yoast-schema-graph\">{\"@context\":\"https:\/\/schema.org\",\"@graph\":[{\"@type\":\"WebPage\",\"@id\":\"https:\/\/trade-mueller-beta.startupblitz.de\/fr\/services\/\",\"url\":\"https:\/\/trade-mueller-beta.startupblitz.de\/fr\/services\/\",\"name\":\"Services - M\u00fcller Trade\",\"isPartOf\":{\"@id\":\"https:\/\/trade-mueller-beta.startupblitz.de\/fr\/#website\"},\"primaryImageOfPage\":{\"@id\":\"https:\/\/trade-mueller-beta.startupblitz.de\/fr\/services\/#primaryimage\"},\"image\":{\"@id\":\"https:\/\/trade-mueller-beta.startupblitz.de\/fr\/services\/#primaryimage\"},\"thumbnailUrl\":\"https:\/\/trade-mueller-beta.startupblitz.de\/wp-content\/uploads\/sites\/2\/mt_dienstleistung-1920x1280-1.jpg\",\"datePublished\":\"2024-04-05T09:35:10+00:00\",\"dateModified\":\"2024-09-26T15:25:13+00:00\",\"description\":\"M\u00dcLLER TRADE Services - Nous soulageons votre entreprise en mati\u00e8re de v\u00eatements et d\u00e9terminons vos besoins de mani\u00e8re cibl\u00e9e.\",\"breadcrumb\":{\"@id\":\"https:\/\/trade-mueller-beta.startupblitz.de\/fr\/services\/#breadcrumb\"},\"inLanguage\":\"fr-FR\",\"potentialAction\":[{\"@type\":\"ReadAction\",\"target\":[\"https:\/\/trade-mueller-beta.startupblitz.de\/fr\/services\/\"]}]},{\"@type\":\"ImageObject\",\"inLanguage\":\"fr-FR\",\"@id\":\"https:\/\/trade-mueller-beta.startupblitz.de\/fr\/services\/#primaryimage\",\"url\":\"https:\/\/trade-mueller-beta.startupblitz.de\/wp-content\/uploads\/sites\/2\/mt_dienstleistung-1920x1280-1.jpg\",\"contentUrl\":\"https:\/\/trade-mueller-beta.startupblitz.de\/wp-content\/uploads\/sites\/2\/mt_dienstleistung-1920x1280-1.jpg\",\"width\":1920,\"height\":1280},{\"@type\":\"BreadcrumbList\",\"@id\":\"https:\/\/trade-mueller-beta.startupblitz.de\/fr\/services\/#breadcrumb\",\"itemListElement\":[{\"@type\":\"ListItem\",\"position\":1,\"name\":\"Startseite\",\"item\":\"https:\/\/trade-mueller-beta.startupblitz.de\/fr\/\"},{\"@type\":\"ListItem\",\"position\":2,\"name\":\"Services\"}]},{\"@type\":\"WebSite\",\"@id\":\"https:\/\/trade-mueller-beta.startupblitz.de\/fr\/#website\",\"url\":\"https:\/\/trade-mueller-beta.startupblitz.de\/fr\/\",\"name\":\"M\u00fcller Trade\",\"description\":\"VOTRE BOUTIQUE B2B DE V\u00caTEMENTS PROFESSIONNELS\",\"publisher\":{\"@id\":\"https:\/\/trade-mueller-beta.startupblitz.de\/fr\/#organization\"},\"potentialAction\":[{\"@type\":\"SearchAction\",\"target\":{\"@type\":\"EntryPoint\",\"urlTemplate\":\"https:\/\/trade-mueller-beta.startupblitz.de\/fr\/?s={search_term_string}\"},\"query-input\":{\"@type\":\"PropertyValueSpecification\",\"valueRequired\":true,\"valueName\":\"search_term_string\"}}],\"inLanguage\":\"fr-FR\"},{\"@type\":\"Organization\",\"@id\":\"https:\/\/trade-mueller-beta.startupblitz.de\/fr\/#organization\",\"name\":\"M\u00fcller Trade Corporate Clothing\",\"url\":\"https:\/\/trade-mueller-beta.startupblitz.de\/fr\/\",\"logo\":{\"@type\":\"ImageObject\",\"inLanguage\":\"fr-FR\",\"@id\":\"https:\/\/trade-mueller-beta.startupblitz.de\/fr\/#\/schema\/logo\/image\/\",\"url\":\"https:\/\/trade-mueller-beta.startupblitz.de\/wp-content\/uploads\/sites\/2\/cropped-cropped-mt-icon.png\",\"contentUrl\":\"https:\/\/trade-mueller-beta.startupblitz.de\/wp-content\/uploads\/sites\/2\/cropped-cropped-mt-icon.png\",\"width\":512,\"height\":512,\"caption\":\"M\u00fcller Trade Corporate Clothing\"},\"image\":{\"@id\":\"https:\/\/trade-mueller-beta.startupblitz.de\/fr\/#\/schema\/logo\/image\/\"}}]}<\/script>","yoast_head_json":{"title":"Services - M\u00fcller Trade","description":"M\u00dcLLER TRADE Services - Nous soulageons votre entreprise en mati\u00e8re de v\u00eatements et d\u00e9terminons vos besoins de mani\u00e8re cibl\u00e9e.","robots":{"index":"index","follow":"follow","max-snippet":"max-snippet:-1","max-image-preview":"max-image-preview:large","max-video-preview":"max-video-preview:-1"},"canonical":"https:\/\/trade-mueller-beta.startupblitz.de\/fr\/services\/","og_locale":"fr_FR","og_type":"article","og_title":"Services - M\u00fcller Trade","og_description":"M\u00dcLLER TRADE Services - Nous soulageons votre entreprise en mati\u00e8re de v\u00eatements et d\u00e9terminons vos besoins de mani\u00e8re cibl\u00e9e.","og_url":"https:\/\/trade-mueller-beta.startupblitz.de\/fr\/services\/","og_site_name":"M\u00fcller Trade","article_modified_time":"2024-09-26T15:25:13+00:00","og_image":[{"width":1920,"height":1280,"url":"https:\/\/trade-mueller-beta.startupblitz.de\/wp-content\/uploads\/sites\/2\/mt_dienstleistung-1920x1280-1-jpg-avif.avif","type":"image\/jpeg"}],"twitter_card":"summary_large_image","twitter_misc":{"Dur\u00e9e de lecture estim\u00e9e":"1 minute"},"schema":{"@context":"https:\/\/schema.org","@graph":[{"@type":"WebPage","@id":"https:\/\/trade-mueller-beta.startupblitz.de\/fr\/services\/","url":"https:\/\/trade-mueller-beta.startupblitz.de\/fr\/services\/","name":"Services - M\u00fcller Trade","isPartOf":{"@id":"https:\/\/trade-mueller-beta.startupblitz.de\/fr\/#website"},"primaryImageOfPage":{"@id":"https:\/\/trade-mueller-beta.startupblitz.de\/fr\/services\/#primaryimage"},"image":{"@id":"https:\/\/trade-mueller-beta.startupblitz.de\/fr\/services\/#primaryimage"},"thumbnailUrl":"https:\/\/trade-mueller-beta.startupblitz.de\/wp-content\/uploads\/sites\/2\/mt_dienstleistung-1920x1280-1.jpg","datePublished":"2024-04-05T09:35:10+00:00","dateModified":"2024-09-26T15:25:13+00:00","description":"M\u00dcLLER TRADE Services - Nous soulageons votre entreprise en mati\u00e8re de v\u00eatements et d\u00e9terminons vos besoins de mani\u00e8re cibl\u00e9e.","breadcrumb":{"@id":"https:\/\/trade-mueller-beta.startupblitz.de\/fr\/services\/#breadcrumb"},"inLanguage":"fr-FR","potentialAction":[{"@type":"ReadAction","target":["https:\/\/trade-mueller-beta.startupblitz.de\/fr\/services\/"]}]},{"@type":"ImageObject","inLanguage":"fr-FR","@id":"https:\/\/trade-mueller-beta.startupblitz.de\/fr\/services\/#primaryimage","url":"https:\/\/trade-mueller-beta.startupblitz.de\/wp-content\/uploads\/sites\/2\/mt_dienstleistung-1920x1280-1.jpg","contentUrl":"https:\/\/trade-mueller-beta.startupblitz.de\/wp-content\/uploads\/sites\/2\/mt_dienstleistung-1920x1280-1.jpg","width":1920,"height":1280},{"@type":"BreadcrumbList","@id":"https:\/\/trade-mueller-beta.startupblitz.de\/fr\/services\/#breadcrumb","itemListElement":[{"@type":"ListItem","position":1,"name":"Startseite","item":"https:\/\/trade-mueller-beta.startupblitz.de\/fr\/"},{"@type":"ListItem","position":2,"name":"Services"}]},{"@type":"WebSite","@id":"https:\/\/trade-mueller-beta.startupblitz.de\/fr\/#website","url":"https:\/\/trade-mueller-beta.startupblitz.de\/fr\/","name":"M\u00fcller Trade","description":"VOTRE BOUTIQUE B2B DE V\u00caTEMENTS PROFESSIONNELS","publisher":{"@id":"https:\/\/trade-mueller-beta.startupblitz.de\/fr\/#organization"},"potentialAction":[{"@type":"SearchAction","target":{"@type":"EntryPoint","urlTemplate":"https:\/\/trade-mueller-beta.startupblitz.de\/fr\/?s={search_term_string}"},"query-input":{"@type":"PropertyValueSpecification","valueRequired":true,"valueName":"search_term_string"}}],"inLanguage":"fr-FR"},{"@type":"Organization","@id":"https:\/\/trade-mueller-beta.startupblitz.de\/fr\/#organization","name":"M\u00fcller Trade Corporate Clothing","url":"https:\/\/trade-mueller-beta.startupblitz.de\/fr\/","logo":{"@type":"ImageObject","inLanguage":"fr-FR","@id":"https:\/\/trade-mueller-beta.startupblitz.de\/fr\/#\/schema\/logo\/image\/","url":"https:\/\/trade-mueller-beta.startupblitz.de\/wp-content\/uploads\/sites\/2\/cropped-cropped-mt-icon.png","contentUrl":"https:\/\/trade-mueller-beta.startupblitz.de\/wp-content\/uploads\/sites\/2\/cropped-cropped-mt-icon.png","width":512,"height":512,"caption":"M\u00fcller Trade Corporate Clothing"},"image":{"@id":"https:\/\/trade-mueller-beta.startupblitz.de\/fr\/#\/schema\/logo\/image\/"}}]}},"acf":[],"_links":{"self":[{"href":"https:\/\/trade-mueller-beta.startupblitz.de\/fr\/wp-json\/wp\/v2\/pages\/12395"}],"collection":[{"href":"https:\/\/trade-mueller-beta.startupblitz.de\/fr\/wp-json\/wp\/v2\/pages"}],"about":[{"href":"https:\/\/trade-mueller-beta.startupblitz.de\/fr\/wp-json\/wp\/v2\/types\/page"}],"author":[{"embeddable":true,"href":"https:\/\/trade-mueller-beta.startupblitz.de\/fr\/wp-json\/wp\/v2\/users\/1"}],"replies":[{"embeddable":true,"href":"https:\/\/trade-mueller-beta.startupblitz.de\/fr\/wp-json\/wp\/v2\/comments?post=12395"}],"version-history":[{"count":4,"href":"https:\/\/trade-mueller-beta.startupblitz.de\/fr\/wp-json\/wp\/v2\/pages\/12395\/revisions"}],"predecessor-version":[{"id":256890,"href":"https:\/\/trade-mueller-beta.startupblitz.de\/fr\/wp-json\/wp\/v2\/pages\/12395\/revisions\/256890"}],"wp:featuredmedia":[{"embeddable":true,"href":"https:\/\/trade-mueller-beta.startupblitz.de\/fr\/wp-json\/wp\/v2\/media\/10461"}],"wp:attachment":[{"href":"https:\/\/trade-mueller-beta.startupblitz.de\/fr\/wp-json\/wp\/v2\/media?parent=12395"}],"curies":[{"name":"wp","href":"https:\/\/api.w.org\/{rel}","templated":true}]}}