{"id":12400,"date":"2024-04-02T16:54:09","date_gmt":"2024-04-02T14:54:09","guid":{"rendered":"https:\/\/trade-mueller-beta.startupblitz.de\/?page_id=12400"},"modified":"2024-09-27T14:06:24","modified_gmt":"2024-09-27T12:06:24","slug":"cgv","status":"publish","type":"page","link":"https:\/\/trade-mueller-beta.startupblitz.de\/fr\/cgv\/","title":{"rendered":"Conditions g\u00e9n\u00e9rales de vente (CGV)"},"content":{"rendered":"<div class=\"container page-header\"><h1 class=\"wp-block-heading has-text-align-center page-teaser\">Mentions l\u00e9gales<\/h1><\/div><div class=\"container\"><h2 class=\"wp-block-heading\">1. domaine d&rsquo;application<\/h2>\n\n<p>Les pr\u00e9sentes conditions g\u00e9n\u00e9rales de vente (CGV) s&rsquo;appliquent \u00e0 toutes les relations commerciales avec nos clients (notamment les offres, les commandes, les conditions de livraison et de paiement). Les CGV divergentes de nos clients ne sont pas accept\u00e9es. Les pr\u00e9sentes CGV peuvent \u00eatre modifi\u00e9es \u00e0 tout moment ; les CGV valables sont celles en vigueur au moment de la confirmation de la commande.<\/p>\n\n<h2 class=\"wp-block-heading\">2. offres et prix<\/h2>\n\n<p>Toutes nos offres sont sans engagement en ce qui concerne le prix, la quantit\u00e9 et le d\u00e9lai de livraison.<\/p>\n\n<p>L&rsquo;acceptation de la commande n&rsquo;est juridiquement contraignante qu&rsquo;\u00e0 partir de notre confirmation de commande, y compris le d\u00e9lai de livraison pr\u00e9vu. Nous nous r\u00e9servons le droit de modifier les prix pour les commandes suppl\u00e9mentaires.<\/p>\n\n<h2 class=\"wp-block-heading\">3. finitions, modifications et adaptations<\/h2>\n\n<p>Les finitions d&rsquo;un produit (p. ex. impression ou broderie) font l&rsquo;objet d&rsquo;une offre s\u00e9par\u00e9e. Les modifications et adaptations effectu\u00e9es par nos ateliers font \u00e9galement l&rsquo;objet d&rsquo;une offre s\u00e9par\u00e9e.<\/p>\n\n<h2 class=\"wp-block-heading\">4. D\u00e9lais de livraison et retards<\/h2>\n\n<p>Les d\u00e9lais de livraison pr\u00e9visionnels sont indiqu\u00e9s dans la confirmation de commande. Le client a le droit, imm\u00e9diatement apr\u00e8s l&rsquo;expiration de ce d\u00e9lai, de fixer par \u00e9crit \u00e0 M\u00fcller Corporate Clothing AG un d\u00e9lai suppl\u00e9mentaire d&rsquo;au moins 14 jours pour la livraison. Si M\u00fcller Corporate Clothing AG ne remet pas la livraison \u00e0 une entreprise de transport suisse dans ce d\u00e9lai, le client a le droit de r\u00e9silier le contrat sans frais. En cas de retard de r\u00e9ception de la part du client, M\u00fcller Corporate Clothing AG est en droit, apr\u00e8s l&rsquo;expiration des d\u00e9lais de livraison convenus par contrat, de lui accorder par \u00e9crit un d\u00e9lai suppl\u00e9mentaire d&rsquo;au moins 14 jours pour r\u00e9ceptionner la marchandise. Apr\u00e8s l&rsquo;expiration de ce d\u00e9lai suppl\u00e9mentaire, M\u00fcller Corporate Clothing AG peut insister sur l&rsquo;ex\u00e9cution du contrat et exiger des dommages et int\u00e9r\u00eats ou se retirer du contrat et exiger des dommages et int\u00e9r\u00eats.<\/p>\n\n<h2 class=\"wp-block-heading\">5. conditions de paiement<\/h2>\n\n<p>Les conditions de paiement (paiement anticip\u00e9, paiements \u00e0 conto, d\u00e9lais de paiement, etc.) r\u00e9sultent de la confirmation de commande ou sont mentionn\u00e9es sur les factures. Les d\u00e9ductions non autoris\u00e9es peuvent \u00eatre factur\u00e9es ult\u00e9rieurement. En cas de retard de paiement, un int\u00e9r\u00eat moratoire de 5 % par an doit \u00eatre pay\u00e9. Des frais de rappel d&rsquo;un montant de 25 CHF sont factur\u00e9s \u00e0 partir du 2e rappel. Si, m\u00eame apr\u00e8s le 2e rappel, le virement complet n&rsquo;est pas effectu\u00e9 dans le d\u00e9lai qui y est fix\u00e9, toutes les factures impay\u00e9es du client deviennent imm\u00e9diatement exigibles. M\u00fcller Corporate Clothing AG se r\u00e9serve en outre le droit de confier ensuite les cr\u00e9ances \u00e0 une soci\u00e9t\u00e9 de recouvrement pour encaissement ; les frais suppl\u00e9mentaires qui en r\u00e9sultent sont \u00e0 la charge du client d\u00e9biteur.<\/p>\n\n<h2 class=\"wp-block-heading\">6. R\u00e9clamation pour d\u00e9faut et droit de retour<\/h2>\n\n<p>Le client doit signaler par \u00e9crit les d\u00e9fauts dans un d\u00e9lai de 7 jours \u00e0 compter de la r\u00e9ception, en indiquant la d\u00e9signation exacte de la marchandise (article, quantit\u00e9, code de taille et indications de couleur), le num\u00e9ro du bulletin de livraison ou de la facture ainsi que le motif du renvoi et en envoyant simultan\u00e9ment la marchandise dans son emballage d&rsquo;origine \u00e0 l&rsquo;adresse suivante : M\u00fcller Corporate Clothing AG, Bahnhofstrasse 24, 8730 Uznach. Pass\u00e9 ce d\u00e9lai, M\u00fcller Corporate Clothing AG peut refuser d&rsquo;accepter les retours. Pour tous les textiles, il faut toujours s&rsquo;attendre \u00e0 de l\u00e9g\u00e8res variations de coloration, de taille et de grammage. Dans le cadre des tol\u00e9rances clairement d\u00e9finies par le fabricant, de telles variations ne constituent pas un motif de r\u00e9clamation. En cas de litige, un examen neutre effectu\u00e9 par TESTEX (Zurich) permet de trancher d\u00e9finitivement. Le client n&rsquo;a pas de droit de retour g\u00e9n\u00e9ral pour les marchandises livr\u00e9es correctement. Les articles de fin de s\u00e9rie, les articles qui ne sont pas en stock et les articles sans emballage d&rsquo;origine ne peuvent pas \u00eatre repris. Le retour pr\u00e9vu de marchandises non utilis\u00e9es, non endommag\u00e9es et non trait\u00e9es ult\u00e9rieurement doit \u00eatre demand\u00e9 par \u00e9crit dans les 14 jours suivant la r\u00e9ception, en indiquant la d\u00e9signation exacte de la marchandise (article, quantit\u00e9, code de taille et indications de couleur), le num\u00e9ro du bulletin de livraison ou de la facture ainsi que le motif du retour. Si M\u00fcller Corporate Clothing AG accepte la reprise par \u00e9crit, la marchandise peut \u00eatre renvoy\u00e9e aux frais du client dans son emballage d&rsquo;origine dans un d\u00e9lai de 7 jours \u00e0 l&rsquo;adresse suivante : M\u00fcller Corporate Clothing AG, Bahnhofstrasse 24, 8730 Uznach.<\/p>\n\n<h2 class=\"wp-block-heading\">7. exp\u00e9dition<\/h2>\n\n<p>La livraison s&rsquo;effectue \u00e0 partir de notre entrep\u00f4t, aux frais et aux risques du client, par une entreprise de transport suisse de notre choix. Tous les frais d&#8217;emballage, de documents de livraison et les frais de transport et de livraison en cas d&rsquo;exp\u00e9dition normale sont indiqu\u00e9s dans la confirmation de commande. Les livraisons sp\u00e9ciales par express, coursier ou services comparables sont factur\u00e9es s\u00e9par\u00e9ment au client.<\/p>\n\n<h2 class=\"wp-block-heading\">8. responsabilit\u00e9<\/h2>\n\n<p>Les demandes de dommages et int\u00e9r\u00eats du client pour retard ou impossibilit\u00e9 de la prestation, pour violation du contrat et pour faute lors de la conclusion du contrat, sont exclues, sauf en cas d&rsquo;intention ill\u00e9gale ou de n\u00e9gligence grave. La responsabilit\u00e9 pour les dommages indirects et cons\u00e9cutifs r\u00e9sultant de l&rsquo;utilisation, d&rsquo;un d\u00e9faut de prestation ou d&rsquo;une perte de prestation est exclue.<\/p>\n\n<h2 class=\"wp-block-heading\">9. Lieu d&rsquo;ex\u00e9cution, juridiction comp\u00e9tente, droit applicable<\/h2>\n\n<p>Le lieu d&rsquo;ex\u00e9cution et le for juridique sont le si\u00e8ge de M\u00fcller Corporate Clothing AG \u00e0 Uznach. Seul le droit suisse est applicable. <\/p>\n\n<p><\/p>\n\n<p><\/p><\/div>","protected":false},"excerpt":{"rendered":"<p> [&#8230;]<\/p>\n<p><a class=\"btn btn-secondary understrap-read-more-link\" href=\"https:\/\/trade-mueller-beta.startupblitz.de\/fr\/cgv\/\">plus<span class=\"screen-reader-text\"> from Conditions g\u00e9n\u00e9rales de vente (CGV)<\/span><\/a><\/p>\n","protected":false},"author":1,"featured_media":0,"parent":0,"menu_order":3,"comment_status":"closed","ping_status":"closed","template":"page-templates\/subpage.php","meta":{"_acf_changed":false,"inline_featured_image":false,"footnotes":""},"class_list":["post-12400","page","type-page","status-publish","hentry"],"yoast_head":"<title>Conditions g\u00e9n\u00e9rales de vente (CGV) - M\u00fcller Trade<\/title>\n<meta name=\"robots\" content=\"index, follow, max-snippet:-1, max-image-preview:large, max-video-preview:-1\" \/>\n<link rel=\"canonical\" href=\"https:\/\/trade-mueller-beta.startupblitz.de\/fr\/cgv\/\" \/>\n<meta property=\"og:locale\" content=\"fr_FR\" \/>\n<meta property=\"og:type\" content=\"article\" \/>\n<meta property=\"og:title\" content=\"Conditions g\u00e9n\u00e9rales de vente (CGV) - M\u00fcller Trade\" \/>\n<meta property=\"og:description\" content=\"[...]plus from Conditions g\u00e9n\u00e9rales de vente (CGV)\" \/>\n<meta property=\"og:url\" content=\"https:\/\/trade-mueller-beta.startupblitz.de\/fr\/cgv\/\" \/>\n<meta property=\"og:site_name\" content=\"M\u00fcller Trade\" \/>\n<meta property=\"article:modified_time\" content=\"2024-09-27T12:06:24+00:00\" \/>\n<meta name=\"twitter:card\" content=\"summary_large_image\" \/>\n<meta name=\"twitter:label1\" content=\"Dur\u00e9e de lecture estim\u00e9e\" \/>\n\t<meta name=\"twitter:data1\" content=\"5 minutes\" \/>\n<script type=\"application\/ld+json\" class=\"yoast-schema-graph\">{\"@context\":\"https:\/\/schema.org\",\"@graph\":[{\"@type\":\"WebPage\",\"@id\":\"https:\/\/trade-mueller-beta.startupblitz.de\/fr\/cgv\/\",\"url\":\"https:\/\/trade-mueller-beta.startupblitz.de\/fr\/cgv\/\",\"name\":\"Conditions g\u00e9n\u00e9rales de vente (CGV) - M\u00fcller Trade\",\"isPartOf\":{\"@id\":\"https:\/\/trade-mueller-beta.startupblitz.de\/fr\/#website\"},\"datePublished\":\"2024-04-02T14:54:09+00:00\",\"dateModified\":\"2024-09-27T12:06:24+00:00\",\"breadcrumb\":{\"@id\":\"https:\/\/trade-mueller-beta.startupblitz.de\/fr\/cgv\/#breadcrumb\"},\"inLanguage\":\"fr-FR\",\"potentialAction\":[{\"@type\":\"ReadAction\",\"target\":[\"https:\/\/trade-mueller-beta.startupblitz.de\/fr\/cgv\/\"]}]},{\"@type\":\"BreadcrumbList\",\"@id\":\"https:\/\/trade-mueller-beta.startupblitz.de\/fr\/cgv\/#breadcrumb\",\"itemListElement\":[{\"@type\":\"ListItem\",\"position\":1,\"name\":\"Startseite\",\"item\":\"https:\/\/trade-mueller-beta.startupblitz.de\/fr\/\"},{\"@type\":\"ListItem\",\"position\":2,\"name\":\"Conditions g\u00e9n\u00e9rales de vente (CGV)\"}]},{\"@type\":\"WebSite\",\"@id\":\"https:\/\/trade-mueller-beta.startupblitz.de\/fr\/#website\",\"url\":\"https:\/\/trade-mueller-beta.startupblitz.de\/fr\/\",\"name\":\"M\u00fcller Trade\",\"description\":\"VOTRE BOUTIQUE B2B DE V\u00caTEMENTS PROFESSIONNELS\",\"publisher\":{\"@id\":\"https:\/\/trade-mueller-beta.startupblitz.de\/fr\/#organization\"},\"potentialAction\":[{\"@type\":\"SearchAction\",\"target\":{\"@type\":\"EntryPoint\",\"urlTemplate\":\"https:\/\/trade-mueller-beta.startupblitz.de\/fr\/?s={search_term_string}\"},\"query-input\":{\"@type\":\"PropertyValueSpecification\",\"valueRequired\":true,\"valueName\":\"search_term_string\"}}],\"inLanguage\":\"fr-FR\"},{\"@type\":\"Organization\",\"@id\":\"https:\/\/trade-mueller-beta.startupblitz.de\/fr\/#organization\",\"name\":\"M\u00fcller Trade Corporate Clothing\",\"url\":\"https:\/\/trade-mueller-beta.startupblitz.de\/fr\/\",\"logo\":{\"@type\":\"ImageObject\",\"inLanguage\":\"fr-FR\",\"@id\":\"https:\/\/trade-mueller-beta.startupblitz.de\/fr\/#\/schema\/logo\/image\/\",\"url\":\"https:\/\/trade-mueller-beta.startupblitz.de\/wp-content\/uploads\/sites\/2\/cropped-cropped-mt-icon.png\",\"contentUrl\":\"https:\/\/trade-mueller-beta.startupblitz.de\/wp-content\/uploads\/sites\/2\/cropped-cropped-mt-icon.png\",\"width\":512,\"height\":512,\"caption\":\"M\u00fcller Trade Corporate Clothing\"},\"image\":{\"@id\":\"https:\/\/trade-mueller-beta.startupblitz.de\/fr\/#\/schema\/logo\/image\/\"}}]}<\/script>","yoast_head_json":{"title":"Conditions g\u00e9n\u00e9rales de vente (CGV) - M\u00fcller Trade","robots":{"index":"index","follow":"follow","max-snippet":"max-snippet:-1","max-image-preview":"max-image-preview:large","max-video-preview":"max-video-preview:-1"},"canonical":"https:\/\/trade-mueller-beta.startupblitz.de\/fr\/cgv\/","og_locale":"fr_FR","og_type":"article","og_title":"Conditions g\u00e9n\u00e9rales de vente (CGV) - M\u00fcller Trade","og_description":"[...]plus from Conditions g\u00e9n\u00e9rales de vente (CGV)","og_url":"https:\/\/trade-mueller-beta.startupblitz.de\/fr\/cgv\/","og_site_name":"M\u00fcller Trade","article_modified_time":"2024-09-27T12:06:24+00:00","twitter_card":"summary_large_image","twitter_misc":{"Dur\u00e9e de lecture estim\u00e9e":"5 minutes"},"schema":{"@context":"https:\/\/schema.org","@graph":[{"@type":"WebPage","@id":"https:\/\/trade-mueller-beta.startupblitz.de\/fr\/cgv\/","url":"https:\/\/trade-mueller-beta.startupblitz.de\/fr\/cgv\/","name":"Conditions g\u00e9n\u00e9rales de vente (CGV) - M\u00fcller Trade","isPartOf":{"@id":"https:\/\/trade-mueller-beta.startupblitz.de\/fr\/#website"},"datePublished":"2024-04-02T14:54:09+00:00","dateModified":"2024-09-27T12:06:24+00:00","breadcrumb":{"@id":"https:\/\/trade-mueller-beta.startupblitz.de\/fr\/cgv\/#breadcrumb"},"inLanguage":"fr-FR","potentialAction":[{"@type":"ReadAction","target":["https:\/\/trade-mueller-beta.startupblitz.de\/fr\/cgv\/"]}]},{"@type":"BreadcrumbList","@id":"https:\/\/trade-mueller-beta.startupblitz.de\/fr\/cgv\/#breadcrumb","itemListElement":[{"@type":"ListItem","position":1,"name":"Startseite","item":"https:\/\/trade-mueller-beta.startupblitz.de\/fr\/"},{"@type":"ListItem","position":2,"name":"Conditions g\u00e9n\u00e9rales de vente (CGV)"}]},{"@type":"WebSite","@id":"https:\/\/trade-mueller-beta.startupblitz.de\/fr\/#website","url":"https:\/\/trade-mueller-beta.startupblitz.de\/fr\/","name":"M\u00fcller Trade","description":"VOTRE BOUTIQUE B2B DE V\u00caTEMENTS PROFESSIONNELS","publisher":{"@id":"https:\/\/trade-mueller-beta.startupblitz.de\/fr\/#organization"},"potentialAction":[{"@type":"SearchAction","target":{"@type":"EntryPoint","urlTemplate":"https:\/\/trade-mueller-beta.startupblitz.de\/fr\/?s={search_term_string}"},"query-input":{"@type":"PropertyValueSpecification","valueRequired":true,"valueName":"search_term_string"}}],"inLanguage":"fr-FR"},{"@type":"Organization","@id":"https:\/\/trade-mueller-beta.startupblitz.de\/fr\/#organization","name":"M\u00fcller Trade Corporate Clothing","url":"https:\/\/trade-mueller-beta.startupblitz.de\/fr\/","logo":{"@type":"ImageObject","inLanguage":"fr-FR","@id":"https:\/\/trade-mueller-beta.startupblitz.de\/fr\/#\/schema\/logo\/image\/","url":"https:\/\/trade-mueller-beta.startupblitz.de\/wp-content\/uploads\/sites\/2\/cropped-cropped-mt-icon.png","contentUrl":"https:\/\/trade-mueller-beta.startupblitz.de\/wp-content\/uploads\/sites\/2\/cropped-cropped-mt-icon.png","width":512,"height":512,"caption":"M\u00fcller Trade Corporate Clothing"},"image":{"@id":"https:\/\/trade-mueller-beta.startupblitz.de\/fr\/#\/schema\/logo\/image\/"}}]}},"acf":[],"_links":{"self":[{"href":"https:\/\/trade-mueller-beta.startupblitz.de\/fr\/wp-json\/wp\/v2\/pages\/12400"}],"collection":[{"href":"https:\/\/trade-mueller-beta.startupblitz.de\/fr\/wp-json\/wp\/v2\/pages"}],"about":[{"href":"https:\/\/trade-mueller-beta.startupblitz.de\/fr\/wp-json\/wp\/v2\/types\/page"}],"author":[{"embeddable":true,"href":"https:\/\/trade-mueller-beta.startupblitz.de\/fr\/wp-json\/wp\/v2\/users\/1"}],"replies":[{"embeddable":true,"href":"https:\/\/trade-mueller-beta.startupblitz.de\/fr\/wp-json\/wp\/v2\/comments?post=12400"}],"version-history":[{"count":12,"href":"https:\/\/trade-mueller-beta.startupblitz.de\/fr\/wp-json\/wp\/v2\/pages\/12400\/revisions"}],"predecessor-version":[{"id":256897,"href":"https:\/\/trade-mueller-beta.startupblitz.de\/fr\/wp-json\/wp\/v2\/pages\/12400\/revisions\/256897"}],"wp:attachment":[{"href":"https:\/\/trade-mueller-beta.startupblitz.de\/fr\/wp-json\/wp\/v2\/media?parent=12400"}],"curies":[{"name":"wp","href":"https:\/\/api.w.org\/{rel}","templated":true}]}}