{"id":137509,"date":"2024-05-14T09:57:11","date_gmt":"2024-05-14T07:57:11","guid":{"rendered":"https:\/\/trade-mueller-beta.startupblitz.de\/sinscrire\/"},"modified":"2024-09-27T11:32:18","modified_gmt":"2024-09-27T09:32:18","slug":"sinscrire","status":"publish","type":"page","link":"https:\/\/trade-mueller-beta.startupblitz.de\/fr\/sinscrire\/","title":{"rendered":"s&rsquo;inscrire"},"content":{"rendered":"<div class=\"container page-header\"><p class=\"has-text-align-center page-teaser\">Inscrivez-vous \u00e0 la boutique M\u00fcller Trade. <\/p><\/div><div class=\"container\"><div class=\"woocommerce-notices-wrapper\"><\/div><form id=\"customer_register_form\" method=\"post\" class=\"mueller-form\" >\n\t<div class=\"row\" id=\"customer_details\">\n\t\t<div class=\"col-12 col-lg-6\">\n\t\t\t<h3>Adresse de facturation<\/h3>\n\t\t\t<div class=\"woocommerce-billing-fields__field-wrapper pt-46\">\n    \t\t\t<p class=\"form-row form-row-first mb-3 validate-required\" id=\"billing_first_name_field\" data-priority=\"10\"><label for=\"billing_first_name\" class=\"\">Pr\u00e9nom&nbsp;<abbr class=\"required\" title=\"obligatoire\">*<\/abbr><\/label><span class=\"woocommerce-input-wrapper\"><input type=\"text\" class=\"input-text form-control\" name=\"billing_first_name\" id=\"billing_first_name\" placeholder=\"\"  value=\"\" aria-required=\"true\" autocomplete=\"given-name\" \/><\/span><\/p><p class=\"form-row form-row-last mb-3 validate-required\" id=\"billing_last_name_field\" data-priority=\"20\"><label for=\"billing_last_name\" class=\"\">Nom&nbsp;<abbr class=\"required\" title=\"obligatoire\">*<\/abbr><\/label><span class=\"woocommerce-input-wrapper\"><input type=\"text\" class=\"input-text form-control\" name=\"billing_last_name\" id=\"billing_last_name\" placeholder=\"\"  value=\"\" aria-required=\"true\" autocomplete=\"family-name\" \/><\/span><\/p><p class=\"form-row form-row-wide mb-3 validate-required\" id=\"billing_company_field\" data-priority=\"20\"><label for=\"billing_company\" class=\"\">Firma&nbsp;<abbr class=\"required\" title=\"obligatoire\">*<\/abbr><\/label><span class=\"woocommerce-input-wrapper\"><input type=\"text\" class=\"input-text form-control\" name=\"billing_company\" id=\"billing_company\" placeholder=\"Ihr Firmenname\"  value=\"\" aria-required=\"true\" \/><\/span><\/p><p class=\"form-row form-row-wide mb-3 validate-required\" id=\"billing_phone_field\" data-priority=\"30\"><label for=\"billing_phone\" class=\"\">Telefon&nbsp;<abbr class=\"required\" title=\"obligatoire\">*<\/abbr><\/label><span class=\"woocommerce-input-wrapper\"><input type=\"text\" class=\"input-text form-control\" name=\"billing_phone\" id=\"billing_phone\" placeholder=\"Ihre Telefonnummer\"  value=\"\" aria-required=\"true\" \/><\/span><\/p><p class=\"form-row form-row-wide address-field mb-3 validate-required\" id=\"billing_address_1_field\" data-priority=\"50\"><label for=\"billing_address_1\" class=\"\">Num\u00e9ro et nom de rue&nbsp;<abbr class=\"required\" title=\"obligatoire\">*<\/abbr><\/label><span class=\"woocommerce-input-wrapper\"><input type=\"text\" class=\"input-text form-control\" name=\"billing_address_1\" id=\"billing_address_1\" placeholder=\"Num\u00e9ro de voie et nom de la rue\"  value=\"\" aria-required=\"true\" autocomplete=\"address-line1\" \/><\/span><\/p><p class=\"form-row form-row-wide address-field mb-3\" id=\"billing_address_2_field\" data-priority=\"60\"><label for=\"billing_address_2\" class=\"screen-reader-text\">Appartement, suite, unit\u00e9, etc.&nbsp;<span class=\"optional\">(facultatif)<\/span><\/label><span class=\"woocommerce-input-wrapper\"><input type=\"text\" class=\"input-text form-control\" name=\"billing_address_2\" id=\"billing_address_2\" placeholder=\"B\u00e2timent, appartement, lot, etc. (facultatif)\"  value=\"\" autocomplete=\"address-line2\" \/><\/span><\/p><p class=\"form-row form-row-wide address-field mb-3 validate-required validate-postcode\" id=\"billing_postcode_field\" data-priority=\"65\"><label for=\"billing_postcode\" class=\"\">Code postal&nbsp;<abbr class=\"required\" title=\"obligatoire\">*<\/abbr><\/label><span class=\"woocommerce-input-wrapper\"><input type=\"text\" class=\"input-text form-control\" name=\"billing_postcode\" id=\"billing_postcode\" placeholder=\"\"  value=\"\" aria-required=\"true\" autocomplete=\"postal-code\" \/><\/span><\/p><p class=\"form-row form-row-wide address-field mb-3 validate-required\" id=\"billing_city_field\" data-priority=\"70\"><label for=\"billing_city\" class=\"\">Ville&nbsp;<abbr class=\"required\" title=\"obligatoire\">*<\/abbr><\/label><span class=\"woocommerce-input-wrapper\"><input type=\"text\" class=\"input-text form-control\" name=\"billing_city\" id=\"billing_city\" placeholder=\"\"  value=\"\" aria-required=\"true\" autocomplete=\"address-level2\" \/><\/span><\/p><p class=\"form-row form-row-wide address-field update_totals_on_change mb-3 single-country validate-required\" id=\"billing_country_field\" data-priority=\"71\"><label for=\"billing_country\" class=\"\">Country&nbsp;<abbr class=\"required\" title=\"obligatoire\">*<\/abbr><\/label><span class=\"woocommerce-input-wrapper\"><strong>Suisse<\/strong><input type=\"hidden\" name=\"billing_country\" id=\"billing_country\" value=\"CH\" aria-required=\"true\" autocomplete=\"country\" class=\"country_to_state\" readonly=\"readonly\" \/><\/span><\/p><p class=\"form-row form-row-wide mb-3 validate-required validate-email\" id=\"billing_email_field\" data-priority=\"110\"><label for=\"billing_email\" class=\"\">E-mail&nbsp;<abbr class=\"required\" title=\"obligatoire\">*<\/abbr><\/label><span class=\"woocommerce-input-wrapper\"><input type=\"email\" class=\"input-text form-control\" name=\"billing_email\" id=\"billing_email\" placeholder=\"\"  value=\"\" aria-required=\"true\" autocomplete=\"email username\" \/><\/span><\/p><p class=\"form-row mb-3 validate-required validate-password\" id=\"password_field\" data-priority=\"120\"><label for=\"password\" class=\"\">Mot de passe&nbsp;<abbr class=\"required\" title=\"obligatoire\">*<\/abbr><\/label><span class=\"woocommerce-input-wrapper\"><input type=\"password\" class=\"input-text form-control\" name=\"password\" id=\"password\" placeholder=\"\"  value=\"\" aria-required=\"true\" autocomplete=\"no\" \/><\/span><\/p>    \t\t<\/div>\n    \t\t\n    \t\t<p class=\"form-row form-row-wide validate-required pt-4\">\n    \t\t\t    \t\t\t<label class=\"woocommerce-form__label woocommerce-form__label-for-checkbox checkbox\">\n\t\t\t\t<input type=\"checkbox\" class=\"woocommerce-form__input woocommerce-form__input-checkbox input-checkbox\" name=\"terms\"  id=\"terms\" \/>\n\t\t\t\t\t<span class=\"woocommerce-terms-and-conditions-checkbox-text\">J\u2019ai lu et j\u2019accepte les <a href=\"https:\/\/trade-mueller-beta.startupblitz.de\/fr\/cgv\/\" class=\"woocommerce-terms-and-conditions-link\" target=\"_blank\">conditions g\u00e9n\u00e9rales<\/a><\/span>&nbsp;<span class=\"required\">*<\/span>\n\t\t\t\t<\/label>\n    \t\t<\/p>\n\t\t<\/div>\n\t\t<div class=\"col-12 col-lg-6\">\n            <h3>Adresse de livraison<\/h3>\n\t\t\t<div id=\"ship-to-different-address\" class=\"pt-10\">\n\t\t\t\t<label class=\"woocommerce-form__label woocommerce-form__label-for-checkbox checkbox\">\n\t\t\t\t\t<input id=\"ship-to-different-address-checkbox\" class=\"woocommerce-form__input woocommerce-form__input-checkbox input-checkbox\"  type=\"checkbox\" name=\"ship_to_different_address\" value=\"1\" \/>\n                \n                            <span>Exp\u00e9dier \u00e0 une adresse diff\u00e9rente\u00a0?<\/span>\n                        <\/label>\n                \n    \t\t<\/div>\n    \t\t<div id=\"shipping_address\" style=\"display: none;\">\n    \t\t\t<div class=\"woocommerce-shipping-fields__field-wrapper\">\n    \t\t\t<p class=\"form-row form-row-first mb-3 validate-required\" id=\"shipping_first_name_field\" data-priority=\"10\"><label for=\"shipping_first_name\" class=\"\">Pr\u00e9nom&nbsp;<abbr class=\"required\" title=\"obligatoire\">*<\/abbr><\/label><span class=\"woocommerce-input-wrapper\"><input type=\"text\" class=\"input-text form-control\" name=\"shipping_first_name\" id=\"shipping_first_name\" placeholder=\"\"  value=\"\" aria-required=\"true\" autocomplete=\"given-name\" \/><\/span><\/p><p class=\"form-row form-row-last mb-3 validate-required\" id=\"shipping_last_name_field\" data-priority=\"20\"><label for=\"shipping_last_name\" class=\"\">Nom&nbsp;<abbr class=\"required\" title=\"obligatoire\">*<\/abbr><\/label><span class=\"woocommerce-input-wrapper\"><input type=\"text\" class=\"input-text form-control\" name=\"shipping_last_name\" id=\"shipping_last_name\" placeholder=\"\"  value=\"\" aria-required=\"true\" autocomplete=\"family-name\" \/><\/span><\/p><p class=\"form-row form-row-wide mb-3 validate-required\" id=\"shipping_company_field\" data-priority=\"30\"><label for=\"shipping_company\" class=\"\">Nom de l\u2019entreprise&nbsp;<abbr class=\"required\" title=\"obligatoire\">*<\/abbr><\/label><span class=\"woocommerce-input-wrapper\"><input type=\"text\" class=\"input-text form-control\" name=\"shipping_company\" id=\"shipping_company\" placeholder=\"\"  value=\"\" aria-required=\"true\" autocomplete=\"organization\" \/><\/span><\/p><p class=\"form-row form-row-wide address-field mb-3 validate-required\" id=\"shipping_address_1_field\" data-priority=\"50\"><label for=\"shipping_address_1\" class=\"\">Num\u00e9ro et nom de rue&nbsp;<abbr class=\"required\" title=\"obligatoire\">*<\/abbr><\/label><span class=\"woocommerce-input-wrapper\"><input type=\"text\" class=\"input-text form-control\" name=\"shipping_address_1\" id=\"shipping_address_1\" placeholder=\"Num\u00e9ro de voie et nom de la rue\"  value=\"\" aria-required=\"true\" autocomplete=\"address-line1\" \/><\/span><\/p><p class=\"form-row form-row-wide address-field mb-3\" id=\"shipping_address_2_field\" data-priority=\"60\"><label for=\"shipping_address_2\" class=\"screen-reader-text\">Appartement, suite, unit\u00e9, etc.&nbsp;<span class=\"optional\">(facultatif)<\/span><\/label><span class=\"woocommerce-input-wrapper\"><input type=\"text\" class=\"input-text form-control\" name=\"shipping_address_2\" id=\"shipping_address_2\" placeholder=\"B\u00e2timent, appartement, lot, etc. (facultatif)\"  value=\"\" autocomplete=\"address-line2\" \/><\/span><\/p><p class=\"form-row form-row-wide address-field mb-3 validate-required validate-postcode\" id=\"shipping_postcode_field\" data-priority=\"65\"><label for=\"shipping_postcode\" class=\"\">Code postal&nbsp;<abbr class=\"required\" title=\"obligatoire\">*<\/abbr><\/label><span class=\"woocommerce-input-wrapper\"><input type=\"text\" class=\"input-text form-control\" name=\"shipping_postcode\" id=\"shipping_postcode\" placeholder=\"\"  value=\"\" aria-required=\"true\" autocomplete=\"postal-code\" \/><\/span><\/p><p class=\"form-row form-row-wide address-field mb-3 validate-required\" id=\"shipping_city_field\" data-priority=\"70\"><label for=\"shipping_city\" class=\"\">Ville&nbsp;<abbr class=\"required\" title=\"obligatoire\">*<\/abbr><\/label><span class=\"woocommerce-input-wrapper\"><input type=\"text\" class=\"input-text form-control\" name=\"shipping_city\" id=\"shipping_city\" placeholder=\"\"  value=\"\" aria-required=\"true\" autocomplete=\"address-level2\" \/><\/span><\/p><p class=\"form-row form-row-wide address-field update_totals_on_change mb-3 single-country validate-required\" id=\"shipping_country_field\" data-priority=\"71\"><label for=\"shipping_country\" class=\"\">Country&nbsp;<abbr class=\"required\" title=\"obligatoire\">*<\/abbr><\/label><span class=\"woocommerce-input-wrapper\"><strong>Suisse<\/strong><input type=\"hidden\" name=\"shipping_country\" id=\"shipping_country\" value=\"CH\" aria-required=\"true\" autocomplete=\"country\" class=\"country_to_state\" readonly=\"readonly\" \/><\/span><\/p>        \t\t<\/div>\n    \t\t<\/div>\n\t\t<\/div>\n\t<\/div>\n\t<span id=\"ai1ic-FRbA4\" data-toggle=\"\" class=\"cf7ic-loader\">Loading...<\/span>    <div class=\"woocommerce-FormRow form-row\">\n        <input type=\"hidden\" name=\"action\" value=\"save_register\" \/>\n        <button type=\"submit\" class=\"btn btn-black\" name=\"register\" value=\"s&#039;inscrire\">s&#039;inscrire<\/button>\n    <\/div>\n<\/form>\n<script>\njQuery(function() {\n\tvar $shipToDifferentAddressCheckbox = jQuery('#ship-to-different-address-checkbox');\n\tfunction updateShipToDifferentAddressForm() {\n\t\tjQuery('#shipping_address').toggle($shipToDifferentAddressCheckbox.is(':checked'));\n\t}\n\t$shipToDifferentAddressCheckbox.change(function() {\n\t\tupdateShipToDifferentAddressForm();\n\t});\n\tupdateShipToDifferentAddressForm();\n});\n<\/script>\n\n\n<div style=\"height:1rem\" aria-hidden=\"true\" class=\"wp-block-spacer\"><\/div>\n\n<hr class=\"wp-block-separator aligncenter has-text-color has-black-color has-alpha-channel-opacity has-black-background-color has-background is-style-wide\"\/>\n\n<p>Nous examinerons votre demande d&rsquo;enregistrement dans les plus brefs d\u00e9lais et la validerons.<\/p><\/div>","protected":false},"excerpt":{"rendered":"<p> [&#8230;]<\/p>\n<p><a class=\"btn btn-secondary understrap-read-more-link\" href=\"https:\/\/trade-mueller-beta.startupblitz.de\/fr\/sinscrire\/\">plus<span class=\"screen-reader-text\"> from s&rsquo;inscrire<\/span><\/a><\/p>\n","protected":false},"author":1,"featured_media":0,"parent":0,"menu_order":0,"comment_status":"closed","ping_status":"closed","template":"page-templates\/subpage.php","meta":{"_acf_changed":false,"inline_featured_image":false,"footnotes":""},"class_list":["post-137509","page","type-page","status-publish","hentry"],"yoast_head":"<title>s&#039;inscrire - M\u00fcller Trade<\/title>\n<meta name=\"robots\" content=\"index, follow, max-snippet:-1, max-image-preview:large, max-video-preview:-1\" \/>\n<link rel=\"canonical\" href=\"https:\/\/trade-mueller-beta.startupblitz.de\/fr\/sinscrire\/\" \/>\n<meta property=\"og:locale\" content=\"fr_FR\" \/>\n<meta property=\"og:type\" content=\"article\" \/>\n<meta property=\"og:title\" content=\"s&#039;inscrire - M\u00fcller Trade\" \/>\n<meta property=\"og:description\" content=\"[...]plus from s&rsquo;inscrire\" \/>\n<meta property=\"og:url\" content=\"https:\/\/trade-mueller-beta.startupblitz.de\/fr\/sinscrire\/\" \/>\n<meta property=\"og:site_name\" content=\"M\u00fcller Trade\" \/>\n<meta property=\"article:modified_time\" content=\"2024-09-27T09:32:18+00:00\" \/>\n<meta name=\"twitter:card\" content=\"summary_large_image\" \/>\n<meta name=\"twitter:label1\" content=\"Dur\u00e9e de lecture estim\u00e9e\" \/>\n\t<meta name=\"twitter:data1\" content=\"1 minute\" \/>\n<script type=\"application\/ld+json\" class=\"yoast-schema-graph\">{\"@context\":\"https:\/\/schema.org\",\"@graph\":[{\"@type\":\"WebPage\",\"@id\":\"https:\/\/trade-mueller-beta.startupblitz.de\/fr\/sinscrire\/\",\"url\":\"https:\/\/trade-mueller-beta.startupblitz.de\/fr\/sinscrire\/\",\"name\":\"s'inscrire - M\u00fcller Trade\",\"isPartOf\":{\"@id\":\"https:\/\/trade-mueller-beta.startupblitz.de\/fr\/#website\"},\"datePublished\":\"2024-05-14T07:57:11+00:00\",\"dateModified\":\"2024-09-27T09:32:18+00:00\",\"breadcrumb\":{\"@id\":\"https:\/\/trade-mueller-beta.startupblitz.de\/fr\/sinscrire\/#breadcrumb\"},\"inLanguage\":\"fr-FR\",\"potentialAction\":[{\"@type\":\"ReadAction\",\"target\":[\"https:\/\/trade-mueller-beta.startupblitz.de\/fr\/sinscrire\/\"]}]},{\"@type\":\"BreadcrumbList\",\"@id\":\"https:\/\/trade-mueller-beta.startupblitz.de\/fr\/sinscrire\/#breadcrumb\",\"itemListElement\":[{\"@type\":\"ListItem\",\"position\":1,\"name\":\"Startseite\",\"item\":\"https:\/\/trade-mueller-beta.startupblitz.de\/fr\/\"},{\"@type\":\"ListItem\",\"position\":2,\"name\":\"s&#8217;inscrire\"}]},{\"@type\":\"WebSite\",\"@id\":\"https:\/\/trade-mueller-beta.startupblitz.de\/fr\/#website\",\"url\":\"https:\/\/trade-mueller-beta.startupblitz.de\/fr\/\",\"name\":\"M\u00fcller Trade\",\"description\":\"VOTRE BOUTIQUE B2B DE V\u00caTEMENTS PROFESSIONNELS\",\"publisher\":{\"@id\":\"https:\/\/trade-mueller-beta.startupblitz.de\/fr\/#organization\"},\"potentialAction\":[{\"@type\":\"SearchAction\",\"target\":{\"@type\":\"EntryPoint\",\"urlTemplate\":\"https:\/\/trade-mueller-beta.startupblitz.de\/fr\/?s={search_term_string}\"},\"query-input\":{\"@type\":\"PropertyValueSpecification\",\"valueRequired\":true,\"valueName\":\"search_term_string\"}}],\"inLanguage\":\"fr-FR\"},{\"@type\":\"Organization\",\"@id\":\"https:\/\/trade-mueller-beta.startupblitz.de\/fr\/#organization\",\"name\":\"M\u00fcller Trade Corporate Clothing\",\"url\":\"https:\/\/trade-mueller-beta.startupblitz.de\/fr\/\",\"logo\":{\"@type\":\"ImageObject\",\"inLanguage\":\"fr-FR\",\"@id\":\"https:\/\/trade-mueller-beta.startupblitz.de\/fr\/#\/schema\/logo\/image\/\",\"url\":\"https:\/\/trade-mueller-beta.startupblitz.de\/wp-content\/uploads\/sites\/2\/cropped-cropped-mt-icon.png\",\"contentUrl\":\"https:\/\/trade-mueller-beta.startupblitz.de\/wp-content\/uploads\/sites\/2\/cropped-cropped-mt-icon.png\",\"width\":512,\"height\":512,\"caption\":\"M\u00fcller Trade Corporate Clothing\"},\"image\":{\"@id\":\"https:\/\/trade-mueller-beta.startupblitz.de\/fr\/#\/schema\/logo\/image\/\"}}]}<\/script>","yoast_head_json":{"title":"s'inscrire - M\u00fcller Trade","robots":{"index":"index","follow":"follow","max-snippet":"max-snippet:-1","max-image-preview":"max-image-preview:large","max-video-preview":"max-video-preview:-1"},"canonical":"https:\/\/trade-mueller-beta.startupblitz.de\/fr\/sinscrire\/","og_locale":"fr_FR","og_type":"article","og_title":"s'inscrire - M\u00fcller Trade","og_description":"[...]plus from s&rsquo;inscrire","og_url":"https:\/\/trade-mueller-beta.startupblitz.de\/fr\/sinscrire\/","og_site_name":"M\u00fcller Trade","article_modified_time":"2024-09-27T09:32:18+00:00","twitter_card":"summary_large_image","twitter_misc":{"Dur\u00e9e de lecture estim\u00e9e":"1 minute"},"schema":{"@context":"https:\/\/schema.org","@graph":[{"@type":"WebPage","@id":"https:\/\/trade-mueller-beta.startupblitz.de\/fr\/sinscrire\/","url":"https:\/\/trade-mueller-beta.startupblitz.de\/fr\/sinscrire\/","name":"s'inscrire - M\u00fcller Trade","isPartOf":{"@id":"https:\/\/trade-mueller-beta.startupblitz.de\/fr\/#website"},"datePublished":"2024-05-14T07:57:11+00:00","dateModified":"2024-09-27T09:32:18+00:00","breadcrumb":{"@id":"https:\/\/trade-mueller-beta.startupblitz.de\/fr\/sinscrire\/#breadcrumb"},"inLanguage":"fr-FR","potentialAction":[{"@type":"ReadAction","target":["https:\/\/trade-mueller-beta.startupblitz.de\/fr\/sinscrire\/"]}]},{"@type":"BreadcrumbList","@id":"https:\/\/trade-mueller-beta.startupblitz.de\/fr\/sinscrire\/#breadcrumb","itemListElement":[{"@type":"ListItem","position":1,"name":"Startseite","item":"https:\/\/trade-mueller-beta.startupblitz.de\/fr\/"},{"@type":"ListItem","position":2,"name":"s&#8217;inscrire"}]},{"@type":"WebSite","@id":"https:\/\/trade-mueller-beta.startupblitz.de\/fr\/#website","url":"https:\/\/trade-mueller-beta.startupblitz.de\/fr\/","name":"M\u00fcller Trade","description":"VOTRE BOUTIQUE B2B DE V\u00caTEMENTS PROFESSIONNELS","publisher":{"@id":"https:\/\/trade-mueller-beta.startupblitz.de\/fr\/#organization"},"potentialAction":[{"@type":"SearchAction","target":{"@type":"EntryPoint","urlTemplate":"https:\/\/trade-mueller-beta.startupblitz.de\/fr\/?s={search_term_string}"},"query-input":{"@type":"PropertyValueSpecification","valueRequired":true,"valueName":"search_term_string"}}],"inLanguage":"fr-FR"},{"@type":"Organization","@id":"https:\/\/trade-mueller-beta.startupblitz.de\/fr\/#organization","name":"M\u00fcller Trade Corporate Clothing","url":"https:\/\/trade-mueller-beta.startupblitz.de\/fr\/","logo":{"@type":"ImageObject","inLanguage":"fr-FR","@id":"https:\/\/trade-mueller-beta.startupblitz.de\/fr\/#\/schema\/logo\/image\/","url":"https:\/\/trade-mueller-beta.startupblitz.de\/wp-content\/uploads\/sites\/2\/cropped-cropped-mt-icon.png","contentUrl":"https:\/\/trade-mueller-beta.startupblitz.de\/wp-content\/uploads\/sites\/2\/cropped-cropped-mt-icon.png","width":512,"height":512,"caption":"M\u00fcller Trade Corporate Clothing"},"image":{"@id":"https:\/\/trade-mueller-beta.startupblitz.de\/fr\/#\/schema\/logo\/image\/"}}]}},"acf":[],"_links":{"self":[{"href":"https:\/\/trade-mueller-beta.startupblitz.de\/fr\/wp-json\/wp\/v2\/pages\/137509"}],"collection":[{"href":"https:\/\/trade-mueller-beta.startupblitz.de\/fr\/wp-json\/wp\/v2\/pages"}],"about":[{"href":"https:\/\/trade-mueller-beta.startupblitz.de\/fr\/wp-json\/wp\/v2\/types\/page"}],"author":[{"embeddable":true,"href":"https:\/\/trade-mueller-beta.startupblitz.de\/fr\/wp-json\/wp\/v2\/users\/1"}],"replies":[{"embeddable":true,"href":"https:\/\/trade-mueller-beta.startupblitz.de\/fr\/wp-json\/wp\/v2\/comments?post=137509"}],"version-history":[{"count":3,"href":"https:\/\/trade-mueller-beta.startupblitz.de\/fr\/wp-json\/wp\/v2\/pages\/137509\/revisions"}],"predecessor-version":[{"id":256896,"href":"https:\/\/trade-mueller-beta.startupblitz.de\/fr\/wp-json\/wp\/v2\/pages\/137509\/revisions\/256896"}],"wp:attachment":[{"href":"https:\/\/trade-mueller-beta.startupblitz.de\/fr\/wp-json\/wp\/v2\/media?parent=137509"}],"curies":[{"name":"wp","href":"https:\/\/api.w.org\/{rel}","templated":true}]}}