{"id":235971,"date":"2024-06-12T03:05:12","date_gmt":"2024-06-12T01:05:12","guid":{"rendered":"https:\/\/trade-mueller-beta.startupblitz.de\/shop\/unkategorisiert\/zip-sweatshirt-homme\/"},"modified":"2024-10-28T19:01:50","modified_gmt":"2024-10-28T18:01:50","slug":"zip-sweatshirt-homme","status":"publish","type":"product","link":"https:\/\/trade-mueller-beta.startupblitz.de\/fr\/shop\/casual-wear-fr\/sweatshirts-fr\/sweatshirts-ca-fr\/zip-sweatshirt-homme\/","title":{"rendered":"Zip-Sweatshirt homme"},"content":{"rendered":"<\/p>\n<ul>\n<li>avec zip<\/li>\n<li>Comfort Fit<\/li>\n<li>interieur l\u00e9g\u00e8rement grenu<\/li>\n<li>pr\u00e9r\u00e9tr\u00e9ci<\/li>\n<\/ul>\n<p>Taille XS &#8211; 6XL<\/p>\n<ul>\n<li>70% coton, 30% polyester<\/li>\n<\/ul>\n<p class=\"care-icons\">c 9 1 n_,<\/p><\/p>\n","protected":false},"excerpt":{"rendered":"<p>avec zip Comfort Fit interieur l\u00e9g\u00e8rement grenu pr\u00e9r\u00e9tr\u00e9ci Taille XS &#8211; 6XL 70% coton, 30% polyester c 9 1 n_, [&#8230;]<\/p>\n<p><a class=\"btn btn-secondary understrap-read-more-link\" href=\"https:\/\/trade-mueller-beta.startupblitz.de\/fr\/shop\/casual-wear-fr\/sweatshirts-fr\/sweatshirts-ca-fr\/zip-sweatshirt-homme\/\">plus<span class=\"screen-reader-text\"> from Zip-Sweatshirt homme<\/span><\/a><\/p>\n","protected":false},"featured_media":5144,"template":"","meta":{"_acf_changed":false,"inline_featured_image":false},"pwb-brand":[4557],"product_cat":[1262,3370,3380,3405,3403],"product_tag":[],"class_list":{"0":"post-235971","1":"product","2":"type-product","3":"status-publish","4":"has-post-thumbnail","6":"pwb-brand-hakro-fr","7":"product_cat-tout","8":"product_cat-sweatshirts-fr-all","9":"product_cat-casual-wear-fr","10":"product_cat-sweatshirts-ca-fr","11":"product_cat-sweatshirts-fr","12":"pa_color-001-blanc-1","13":"pa_color-002-rouge","14":"pa_color-003-marine","15":"pa_color-005-noir","16":"pa_color-010-royal-1","17":"pa_color-015-gris-chine","18":"pa_color-017-rouge-vin","19":"pa_color-027-orange-1","20":"pa_color-028-anthracite","21":"pa_color-034-encre","22":"pa_color-043-titane","23":"pa_color-072-sapin","24":"pa_color-group-anthracite-gris","25":"pa_color-group-blanc","26":"pa_color-group-bleu","27":"pa_color-group-jaune-orange","28":"pa_color-group-noir","29":"pa_color-group-rouge-bordeaux","30":"pa_color-group-vert","31":"pa_gender-femmes","32":"pa_gender-hommes","33":"pa_size-international-xs-fr","34":"pa_size-international-s-fr","35":"pa_size-international-m-fr","36":"pa_size-international-l-fr","37":"pa_size-international-xl-fr","38":"pa_size-international-xxl-fr","39":"pa_size-international-3xl-fr","40":"pa_size-international-4xl-fr","41":"pa_size-international-5xl-fr","42":"pa_size-international-6xl-fr","44":"first","45":"instock","46":"taxable","47":"shipping-taxable","48":"purchasable","49":"product-type-variable"},"yoast_head":"<title>Zip-Sweatshirt homme - M\u00fcller Trade<\/title>\n<meta name=\"description\" content=\"Zip-Sweatshirt homme - M\u00fcller Trade\" \/>\n<meta name=\"robots\" content=\"index, follow, max-snippet:-1, max-image-preview:large, max-video-preview:-1\" \/>\n<link rel=\"canonical\" href=\"https:\/\/trade-mueller-beta.startupblitz.de\/fr\/shop\/casual-wear-fr\/sweatshirts-fr\/sweatshirts-ca-fr\/zip-sweatshirt-homme\/\" \/>\n<meta property=\"og:locale\" content=\"fr_FR\" \/>\n<meta property=\"og:type\" content=\"article\" \/>\n<meta property=\"og:title\" content=\"Zip-Sweatshirt homme - M\u00fcller Trade\" \/>\n<meta property=\"og:description\" content=\"Zip-Sweatshirt homme - M\u00fcller Trade\" \/>\n<meta property=\"og:url\" content=\"https:\/\/trade-mueller-beta.startupblitz.de\/fr\/shop\/casual-wear-fr\/sweatshirts-fr\/sweatshirts-ca-fr\/zip-sweatshirt-homme\/\" \/>\n<meta property=\"og:site_name\" content=\"M\u00fcller Trade\" \/>\n<meta property=\"article:modified_time\" content=\"2024-10-28T18:01:50+00:00\" \/>\n<meta property=\"og:image\" content=\"https:\/\/trade-mueller-beta.startupblitz.de\/wp-content\/uploads\/sites\/2\/451_005-1.jpg\" \/>\n\t<meta property=\"og:image:width\" content=\"707\" \/>\n\t<meta property=\"og:image:height\" content=\"944\" \/>\n\t<meta property=\"og:image:type\" content=\"image\/jpeg\" \/>\n<meta name=\"twitter:card\" content=\"summary_large_image\" \/>\n<script type=\"application\/ld+json\" class=\"yoast-schema-graph\">{\"@context\":\"https:\/\/schema.org\",\"@graph\":[{\"@type\":\"WebPage\",\"@id\":\"https:\/\/trade-mueller-beta.startupblitz.de\/fr\/shop\/casual-wear-fr\/sweatshirts-fr\/sweatshirts-ca-fr\/zip-sweatshirt-homme\/\",\"url\":\"https:\/\/trade-mueller-beta.startupblitz.de\/fr\/shop\/casual-wear-fr\/sweatshirts-fr\/sweatshirts-ca-fr\/zip-sweatshirt-homme\/\",\"name\":\"Zip-Sweatshirt homme - M\u00fcller Trade\",\"isPartOf\":{\"@id\":\"https:\/\/trade-mueller-beta.startupblitz.de\/fr\/#website\"},\"primaryImageOfPage\":{\"@id\":\"https:\/\/trade-mueller-beta.startupblitz.de\/fr\/shop\/casual-wear-fr\/sweatshirts-fr\/sweatshirts-ca-fr\/zip-sweatshirt-homme\/#primaryimage\"},\"image\":{\"@id\":\"https:\/\/trade-mueller-beta.startupblitz.de\/fr\/shop\/casual-wear-fr\/sweatshirts-fr\/sweatshirts-ca-fr\/zip-sweatshirt-homme\/#primaryimage\"},\"thumbnailUrl\":\"https:\/\/trade-mueller-beta.startupblitz.de\/wp-content\/uploads\/sites\/2\/451_005-1.jpg\",\"datePublished\":\"2024-06-12T01:05:12+00:00\",\"dateModified\":\"2024-10-28T18:01:50+00:00\",\"description\":\"Zip-Sweatshirt homme - M\u00fcller Trade\",\"breadcrumb\":{\"@id\":\"https:\/\/trade-mueller-beta.startupblitz.de\/fr\/shop\/casual-wear-fr\/sweatshirts-fr\/sweatshirts-ca-fr\/zip-sweatshirt-homme\/#breadcrumb\"},\"inLanguage\":\"fr-FR\",\"potentialAction\":[{\"@type\":\"ReadAction\",\"target\":[\"https:\/\/trade-mueller-beta.startupblitz.de\/fr\/shop\/casual-wear-fr\/sweatshirts-fr\/sweatshirts-ca-fr\/zip-sweatshirt-homme\/\"]}]},{\"@type\":\"ImageObject\",\"inLanguage\":\"fr-FR\",\"@id\":\"https:\/\/trade-mueller-beta.startupblitz.de\/fr\/shop\/casual-wear-fr\/sweatshirts-fr\/sweatshirts-ca-fr\/zip-sweatshirt-homme\/#primaryimage\",\"url\":\"https:\/\/trade-mueller-beta.startupblitz.de\/wp-content\/uploads\/sites\/2\/451_005-1.jpg\",\"contentUrl\":\"https:\/\/trade-mueller-beta.startupblitz.de\/wp-content\/uploads\/sites\/2\/451_005-1.jpg\",\"width\":707,\"height\":944},{\"@type\":\"BreadcrumbList\",\"@id\":\"https:\/\/trade-mueller-beta.startupblitz.de\/fr\/shop\/casual-wear-fr\/sweatshirts-fr\/sweatshirts-ca-fr\/zip-sweatshirt-homme\/#breadcrumb\",\"itemListElement\":[{\"@type\":\"ListItem\",\"position\":1,\"name\":\"Startseite\",\"item\":\"https:\/\/trade-mueller-beta.startupblitz.de\/fr\/\"},{\"@type\":\"ListItem\",\"position\":2,\"name\":\"Shop\",\"item\":\"https:\/\/trade-mueller-beta.startupblitz.de\/fr\/shop\/\"},{\"@type\":\"ListItem\",\"position\":3,\"name\":\"Zip-Sweatshirt homme\"}]},{\"@type\":\"WebSite\",\"@id\":\"https:\/\/trade-mueller-beta.startupblitz.de\/fr\/#website\",\"url\":\"https:\/\/trade-mueller-beta.startupblitz.de\/fr\/\",\"name\":\"M\u00fcller Trade\",\"description\":\"VOTRE BOUTIQUE B2B DE V\u00caTEMENTS PROFESSIONNELS\",\"publisher\":{\"@id\":\"https:\/\/trade-mueller-beta.startupblitz.de\/fr\/#organization\"},\"potentialAction\":[{\"@type\":\"SearchAction\",\"target\":{\"@type\":\"EntryPoint\",\"urlTemplate\":\"https:\/\/trade-mueller-beta.startupblitz.de\/fr\/?s={search_term_string}\"},\"query-input\":{\"@type\":\"PropertyValueSpecification\",\"valueRequired\":true,\"valueName\":\"search_term_string\"}}],\"inLanguage\":\"fr-FR\"},{\"@type\":\"Organization\",\"@id\":\"https:\/\/trade-mueller-beta.startupblitz.de\/fr\/#organization\",\"name\":\"M\u00fcller Trade Corporate Clothing\",\"url\":\"https:\/\/trade-mueller-beta.startupblitz.de\/fr\/\",\"logo\":{\"@type\":\"ImageObject\",\"inLanguage\":\"fr-FR\",\"@id\":\"https:\/\/trade-mueller-beta.startupblitz.de\/fr\/#\/schema\/logo\/image\/\",\"url\":\"https:\/\/trade-mueller-beta.startupblitz.de\/wp-content\/uploads\/sites\/2\/cropped-cropped-mt-icon.png\",\"contentUrl\":\"https:\/\/trade-mueller-beta.startupblitz.de\/wp-content\/uploads\/sites\/2\/cropped-cropped-mt-icon.png\",\"width\":512,\"height\":512,\"caption\":\"M\u00fcller Trade Corporate Clothing\"},\"image\":{\"@id\":\"https:\/\/trade-mueller-beta.startupblitz.de\/fr\/#\/schema\/logo\/image\/\"}}]}<\/script>","yoast_head_json":{"title":"Zip-Sweatshirt homme - M\u00fcller Trade","description":"Zip-Sweatshirt homme - M\u00fcller Trade","robots":{"index":"index","follow":"follow","max-snippet":"max-snippet:-1","max-image-preview":"max-image-preview:large","max-video-preview":"max-video-preview:-1"},"canonical":"https:\/\/trade-mueller-beta.startupblitz.de\/fr\/shop\/casual-wear-fr\/sweatshirts-fr\/sweatshirts-ca-fr\/zip-sweatshirt-homme\/","og_locale":"fr_FR","og_type":"article","og_title":"Zip-Sweatshirt homme - M\u00fcller Trade","og_description":"Zip-Sweatshirt homme - M\u00fcller Trade","og_url":"https:\/\/trade-mueller-beta.startupblitz.de\/fr\/shop\/casual-wear-fr\/sweatshirts-fr\/sweatshirts-ca-fr\/zip-sweatshirt-homme\/","og_site_name":"M\u00fcller Trade","article_modified_time":"2024-10-28T18:01:50+00:00","og_image":[{"width":707,"height":944,"url":"https:\/\/trade-mueller-beta.startupblitz.de\/wp-content\/uploads\/sites\/2\/451_005-1.jpg","type":"image\/jpeg"}],"twitter_card":"summary_large_image","schema":{"@context":"https:\/\/schema.org","@graph":[{"@type":"WebPage","@id":"https:\/\/trade-mueller-beta.startupblitz.de\/fr\/shop\/casual-wear-fr\/sweatshirts-fr\/sweatshirts-ca-fr\/zip-sweatshirt-homme\/","url":"https:\/\/trade-mueller-beta.startupblitz.de\/fr\/shop\/casual-wear-fr\/sweatshirts-fr\/sweatshirts-ca-fr\/zip-sweatshirt-homme\/","name":"Zip-Sweatshirt homme - M\u00fcller Trade","isPartOf":{"@id":"https:\/\/trade-mueller-beta.startupblitz.de\/fr\/#website"},"primaryImageOfPage":{"@id":"https:\/\/trade-mueller-beta.startupblitz.de\/fr\/shop\/casual-wear-fr\/sweatshirts-fr\/sweatshirts-ca-fr\/zip-sweatshirt-homme\/#primaryimage"},"image":{"@id":"https:\/\/trade-mueller-beta.startupblitz.de\/fr\/shop\/casual-wear-fr\/sweatshirts-fr\/sweatshirts-ca-fr\/zip-sweatshirt-homme\/#primaryimage"},"thumbnailUrl":"https:\/\/trade-mueller-beta.startupblitz.de\/wp-content\/uploads\/sites\/2\/451_005-1.jpg","datePublished":"2024-06-12T01:05:12+00:00","dateModified":"2024-10-28T18:01:50+00:00","description":"Zip-Sweatshirt homme - M\u00fcller Trade","breadcrumb":{"@id":"https:\/\/trade-mueller-beta.startupblitz.de\/fr\/shop\/casual-wear-fr\/sweatshirts-fr\/sweatshirts-ca-fr\/zip-sweatshirt-homme\/#breadcrumb"},"inLanguage":"fr-FR","potentialAction":[{"@type":"ReadAction","target":["https:\/\/trade-mueller-beta.startupblitz.de\/fr\/shop\/casual-wear-fr\/sweatshirts-fr\/sweatshirts-ca-fr\/zip-sweatshirt-homme\/"]}]},{"@type":"ImageObject","inLanguage":"fr-FR","@id":"https:\/\/trade-mueller-beta.startupblitz.de\/fr\/shop\/casual-wear-fr\/sweatshirts-fr\/sweatshirts-ca-fr\/zip-sweatshirt-homme\/#primaryimage","url":"https:\/\/trade-mueller-beta.startupblitz.de\/wp-content\/uploads\/sites\/2\/451_005-1.jpg","contentUrl":"https:\/\/trade-mueller-beta.startupblitz.de\/wp-content\/uploads\/sites\/2\/451_005-1.jpg","width":707,"height":944},{"@type":"BreadcrumbList","@id":"https:\/\/trade-mueller-beta.startupblitz.de\/fr\/shop\/casual-wear-fr\/sweatshirts-fr\/sweatshirts-ca-fr\/zip-sweatshirt-homme\/#breadcrumb","itemListElement":[{"@type":"ListItem","position":1,"name":"Startseite","item":"https:\/\/trade-mueller-beta.startupblitz.de\/fr\/"},{"@type":"ListItem","position":2,"name":"Shop","item":"https:\/\/trade-mueller-beta.startupblitz.de\/fr\/shop\/"},{"@type":"ListItem","position":3,"name":"Zip-Sweatshirt homme"}]},{"@type":"WebSite","@id":"https:\/\/trade-mueller-beta.startupblitz.de\/fr\/#website","url":"https:\/\/trade-mueller-beta.startupblitz.de\/fr\/","name":"M\u00fcller Trade","description":"VOTRE BOUTIQUE B2B DE V\u00caTEMENTS PROFESSIONNELS","publisher":{"@id":"https:\/\/trade-mueller-beta.startupblitz.de\/fr\/#organization"},"potentialAction":[{"@type":"SearchAction","target":{"@type":"EntryPoint","urlTemplate":"https:\/\/trade-mueller-beta.startupblitz.de\/fr\/?s={search_term_string}"},"query-input":{"@type":"PropertyValueSpecification","valueRequired":true,"valueName":"search_term_string"}}],"inLanguage":"fr-FR"},{"@type":"Organization","@id":"https:\/\/trade-mueller-beta.startupblitz.de\/fr\/#organization","name":"M\u00fcller Trade Corporate Clothing","url":"https:\/\/trade-mueller-beta.startupblitz.de\/fr\/","logo":{"@type":"ImageObject","inLanguage":"fr-FR","@id":"https:\/\/trade-mueller-beta.startupblitz.de\/fr\/#\/schema\/logo\/image\/","url":"https:\/\/trade-mueller-beta.startupblitz.de\/wp-content\/uploads\/sites\/2\/cropped-cropped-mt-icon.png","contentUrl":"https:\/\/trade-mueller-beta.startupblitz.de\/wp-content\/uploads\/sites\/2\/cropped-cropped-mt-icon.png","width":512,"height":512,"caption":"M\u00fcller Trade Corporate Clothing"},"image":{"@id":"https:\/\/trade-mueller-beta.startupblitz.de\/fr\/#\/schema\/logo\/image\/"}}]}},"acf":[],"brands":[{"id":4557,"name":"Hakro","slug":"hakro-fr"}],"_links":{"self":[{"href":"https:\/\/trade-mueller-beta.startupblitz.de\/fr\/wp-json\/wp\/v2\/product\/235971"}],"collection":[{"href":"https:\/\/trade-mueller-beta.startupblitz.de\/fr\/wp-json\/wp\/v2\/product"}],"about":[{"href":"https:\/\/trade-mueller-beta.startupblitz.de\/fr\/wp-json\/wp\/v2\/types\/product"}],"wp:featuredmedia":[{"embeddable":true,"href":"https:\/\/trade-mueller-beta.startupblitz.de\/fr\/wp-json\/wp\/v2\/media\/5144"}],"wp:attachment":[{"href":"https:\/\/trade-mueller-beta.startupblitz.de\/fr\/wp-json\/wp\/v2\/media?parent=235971"}],"wp:term":[{"taxonomy":"pwb-brand","embeddable":true,"href":"https:\/\/trade-mueller-beta.startupblitz.de\/fr\/wp-json\/wp\/v2\/pwb-brand?post=235971"},{"taxonomy":"product_cat","embeddable":true,"href":"https:\/\/trade-mueller-beta.startupblitz.de\/fr\/wp-json\/wp\/v2\/product_cat?post=235971"},{"taxonomy":"product_tag","embeddable":true,"href":"https:\/\/trade-mueller-beta.startupblitz.de\/fr\/wp-json\/wp\/v2\/product_tag?post=235971"}],"curies":[{"name":"wp","href":"https:\/\/api.w.org\/{rel}","templated":true}]}}