{"id":238578,"date":"2024-06-11T23:12:41","date_gmt":"2024-06-11T21:12:41","guid":{"rendered":"https:\/\/trade-mueller-beta.startupblitz.de\/shop\/unkategorisiert\/echarpe\/"},"modified":"2024-10-28T18:49:00","modified_gmt":"2024-10-28T17:49:00","slug":"echarpe","status":"publish","type":"product","link":"https:\/\/trade-mueller-beta.startupblitz.de\/fr\/shop\/corporate-wear-fr\/cw-accessoires-fr\/foulards-echarpes-cw-fr\/echarpe\/","title":{"rendered":"\u00c9charpe"},"content":{"rendered":"<\/p>\n<ul>\n<li>brillant \u00e9l\u00e9gant<\/li>\n<li>Variantes de port de classique \u00e0 d\u00e9contract\u00e9<\/li>\n<li>30 x 140\u00a0cm<\/li>\n<\/ul>\n<ul>\n<li>100% polyester<\/li>\n<\/ul>\n<p class=\"care-icons\">T 9 4 y_W<\/p><\/p>\n","protected":false},"excerpt":{"rendered":"<p>brillant \u00e9l\u00e9gant Variantes de port de classique \u00e0 d\u00e9contract\u00e9 30 x 140\u00a0cm 100% polyester T 9 4 y_W [&#8230;]<\/p>\n<p><a class=\"btn btn-secondary understrap-read-more-link\" href=\"https:\/\/trade-mueller-beta.startupblitz.de\/fr\/shop\/corporate-wear-fr\/cw-accessoires-fr\/foulards-echarpes-cw-fr\/echarpe\/\">plus<span class=\"screen-reader-text\"> from \u00c9charpe<\/span><\/a><\/p>\n","protected":false},"featured_media":7977,"template":"","meta":{"_acf_changed":false,"inline_featured_image":false},"pwb-brand":[4553],"product_cat":[1262,1263,3416,3422,3417],"product_tag":[],"class_list":{"0":"post-238578","1":"product","2":"type-product","3":"status-publish","4":"has-post-thumbnail","6":"pwb-brand-cg-fr","7":"product_cat-tout","8":"product_cat-accesories","9":"product_cat-corporate-wear-fr","10":"product_cat-foulards-echarpes-cw-fr","11":"product_cat-cw-accessoires-fr","12":"pa_color-aubergine-1","13":"pa_color-navy-1","14":"pa_color-blau","15":"pa_color-orange-1","16":"pa_color-bordeaux-1","17":"pa_color-rouge-2","18":"pa_color-braun","19":"pa_color-royal-1","20":"pa_color-jaune-d-or","21":"pa_color-roseau","22":"pa_color-gris-1","23":"pa_color-noir-3","24":"pa_color-vert","25":"pa_color-violet","26":"pa_color-bleu-clair","27":"pa_color-blanc","28":"pa_color-kiwi-1","29":"pa_color-turquoise","30":"pa_color-cuivre-1","31":"pa_color-pomme","32":"pa_color-magenta-1","33":"pa_color-group-anthracite-gris","34":"pa_color-group-blanc","35":"pa_color-group-bleu","36":"pa_color-group-brun-beige","37":"pa_color-group-jaune-orange","38":"pa_color-group-mauve-lilas","39":"pa_color-group-noir","40":"pa_color-group-rouge-bordeaux","41":"pa_color-group-vert","42":"pa_gender-femmes","44":"first","45":"instock","46":"taxable","47":"shipping-taxable","48":"purchasable","49":"product-type-variable"},"yoast_head":"<title>\u00c9charpe - M\u00fcller Trade<\/title>\n<meta name=\"description\" content=\"\u00c9charpe - M\u00fcller Trade\" \/>\n<meta name=\"robots\" content=\"index, follow, max-snippet:-1, max-image-preview:large, max-video-preview:-1\" \/>\n<link rel=\"canonical\" href=\"https:\/\/trade-mueller-beta.startupblitz.de\/fr\/shop\/corporate-wear-fr\/cw-accessoires-fr\/foulards-echarpes-cw-fr\/echarpe\/\" \/>\n<meta property=\"og:locale\" content=\"fr_FR\" \/>\n<meta property=\"og:type\" content=\"article\" \/>\n<meta property=\"og:title\" content=\"\u00c9charpe - M\u00fcller Trade\" \/>\n<meta property=\"og:description\" content=\"\u00c9charpe - M\u00fcller Trade\" \/>\n<meta property=\"og:url\" content=\"https:\/\/trade-mueller-beta.startupblitz.de\/fr\/shop\/corporate-wear-fr\/cw-accessoires-fr\/foulards-echarpes-cw-fr\/echarpe\/\" \/>\n<meta property=\"og:site_name\" content=\"M\u00fcller Trade\" \/>\n<meta property=\"article:modified_time\" content=\"2024-10-28T17:49:00+00:00\" \/>\n<meta property=\"og:image\" content=\"https:\/\/trade-mueller-beta.startupblitz.de\/wp-content\/uploads\/sites\/2\/01508-09_Nerola_grau.jpg\" \/>\n\t<meta property=\"og:image:width\" content=\"1000\" \/>\n\t<meta property=\"og:image:height\" content=\"1201\" \/>\n\t<meta property=\"og:image:type\" content=\"image\/jpeg\" \/>\n<meta name=\"twitter:card\" content=\"summary_large_image\" \/>\n<script type=\"application\/ld+json\" class=\"yoast-schema-graph\">{\"@context\":\"https:\/\/schema.org\",\"@graph\":[{\"@type\":\"WebPage\",\"@id\":\"https:\/\/trade-mueller-beta.startupblitz.de\/fr\/shop\/corporate-wear-fr\/cw-accessoires-fr\/foulards-echarpes-cw-fr\/echarpe\/\",\"url\":\"https:\/\/trade-mueller-beta.startupblitz.de\/fr\/shop\/corporate-wear-fr\/cw-accessoires-fr\/foulards-echarpes-cw-fr\/echarpe\/\",\"name\":\"\u00c9charpe - M\u00fcller Trade\",\"isPartOf\":{\"@id\":\"https:\/\/trade-mueller-beta.startupblitz.de\/fr\/#website\"},\"primaryImageOfPage\":{\"@id\":\"https:\/\/trade-mueller-beta.startupblitz.de\/fr\/shop\/corporate-wear-fr\/cw-accessoires-fr\/foulards-echarpes-cw-fr\/echarpe\/#primaryimage\"},\"image\":{\"@id\":\"https:\/\/trade-mueller-beta.startupblitz.de\/fr\/shop\/corporate-wear-fr\/cw-accessoires-fr\/foulards-echarpes-cw-fr\/echarpe\/#primaryimage\"},\"thumbnailUrl\":\"https:\/\/trade-mueller-beta.startupblitz.de\/wp-content\/uploads\/sites\/2\/01508-09_Nerola_grau.jpg\",\"datePublished\":\"2024-06-11T21:12:41+00:00\",\"dateModified\":\"2024-10-28T17:49:00+00:00\",\"description\":\"\u00c9charpe - M\u00fcller Trade\",\"breadcrumb\":{\"@id\":\"https:\/\/trade-mueller-beta.startupblitz.de\/fr\/shop\/corporate-wear-fr\/cw-accessoires-fr\/foulards-echarpes-cw-fr\/echarpe\/#breadcrumb\"},\"inLanguage\":\"fr-FR\",\"potentialAction\":[{\"@type\":\"ReadAction\",\"target\":[\"https:\/\/trade-mueller-beta.startupblitz.de\/fr\/shop\/corporate-wear-fr\/cw-accessoires-fr\/foulards-echarpes-cw-fr\/echarpe\/\"]}]},{\"@type\":\"ImageObject\",\"inLanguage\":\"fr-FR\",\"@id\":\"https:\/\/trade-mueller-beta.startupblitz.de\/fr\/shop\/corporate-wear-fr\/cw-accessoires-fr\/foulards-echarpes-cw-fr\/echarpe\/#primaryimage\",\"url\":\"https:\/\/trade-mueller-beta.startupblitz.de\/wp-content\/uploads\/sites\/2\/01508-09_Nerola_grau.jpg\",\"contentUrl\":\"https:\/\/trade-mueller-beta.startupblitz.de\/wp-content\/uploads\/sites\/2\/01508-09_Nerola_grau.jpg\",\"width\":1000,\"height\":1201},{\"@type\":\"BreadcrumbList\",\"@id\":\"https:\/\/trade-mueller-beta.startupblitz.de\/fr\/shop\/corporate-wear-fr\/cw-accessoires-fr\/foulards-echarpes-cw-fr\/echarpe\/#breadcrumb\",\"itemListElement\":[{\"@type\":\"ListItem\",\"position\":1,\"name\":\"Startseite\",\"item\":\"https:\/\/trade-mueller-beta.startupblitz.de\/fr\/\"},{\"@type\":\"ListItem\",\"position\":2,\"name\":\"Shop\",\"item\":\"https:\/\/trade-mueller-beta.startupblitz.de\/fr\/shop\/\"},{\"@type\":\"ListItem\",\"position\":3,\"name\":\"\u00c9charpe\"}]},{\"@type\":\"WebSite\",\"@id\":\"https:\/\/trade-mueller-beta.startupblitz.de\/fr\/#website\",\"url\":\"https:\/\/trade-mueller-beta.startupblitz.de\/fr\/\",\"name\":\"M\u00fcller Trade\",\"description\":\"VOTRE BOUTIQUE B2B DE V\u00caTEMENTS PROFESSIONNELS\",\"publisher\":{\"@id\":\"https:\/\/trade-mueller-beta.startupblitz.de\/fr\/#organization\"},\"potentialAction\":[{\"@type\":\"SearchAction\",\"target\":{\"@type\":\"EntryPoint\",\"urlTemplate\":\"https:\/\/trade-mueller-beta.startupblitz.de\/fr\/?s={search_term_string}\"},\"query-input\":{\"@type\":\"PropertyValueSpecification\",\"valueRequired\":true,\"valueName\":\"search_term_string\"}}],\"inLanguage\":\"fr-FR\"},{\"@type\":\"Organization\",\"@id\":\"https:\/\/trade-mueller-beta.startupblitz.de\/fr\/#organization\",\"name\":\"M\u00fcller Trade Corporate Clothing\",\"url\":\"https:\/\/trade-mueller-beta.startupblitz.de\/fr\/\",\"logo\":{\"@type\":\"ImageObject\",\"inLanguage\":\"fr-FR\",\"@id\":\"https:\/\/trade-mueller-beta.startupblitz.de\/fr\/#\/schema\/logo\/image\/\",\"url\":\"https:\/\/trade-mueller-beta.startupblitz.de\/wp-content\/uploads\/sites\/2\/cropped-cropped-mt-icon.png\",\"contentUrl\":\"https:\/\/trade-mueller-beta.startupblitz.de\/wp-content\/uploads\/sites\/2\/cropped-cropped-mt-icon.png\",\"width\":512,\"height\":512,\"caption\":\"M\u00fcller Trade Corporate Clothing\"},\"image\":{\"@id\":\"https:\/\/trade-mueller-beta.startupblitz.de\/fr\/#\/schema\/logo\/image\/\"}}]}<\/script>","yoast_head_json":{"title":"\u00c9charpe - M\u00fcller Trade","description":"\u00c9charpe - M\u00fcller Trade","robots":{"index":"index","follow":"follow","max-snippet":"max-snippet:-1","max-image-preview":"max-image-preview:large","max-video-preview":"max-video-preview:-1"},"canonical":"https:\/\/trade-mueller-beta.startupblitz.de\/fr\/shop\/corporate-wear-fr\/cw-accessoires-fr\/foulards-echarpes-cw-fr\/echarpe\/","og_locale":"fr_FR","og_type":"article","og_title":"\u00c9charpe - M\u00fcller Trade","og_description":"\u00c9charpe - M\u00fcller Trade","og_url":"https:\/\/trade-mueller-beta.startupblitz.de\/fr\/shop\/corporate-wear-fr\/cw-accessoires-fr\/foulards-echarpes-cw-fr\/echarpe\/","og_site_name":"M\u00fcller Trade","article_modified_time":"2024-10-28T17:49:00+00:00","og_image":[{"width":1000,"height":1201,"url":"https:\/\/trade-mueller-beta.startupblitz.de\/wp-content\/uploads\/sites\/2\/01508-09_Nerola_grau.jpg","type":"image\/jpeg"}],"twitter_card":"summary_large_image","schema":{"@context":"https:\/\/schema.org","@graph":[{"@type":"WebPage","@id":"https:\/\/trade-mueller-beta.startupblitz.de\/fr\/shop\/corporate-wear-fr\/cw-accessoires-fr\/foulards-echarpes-cw-fr\/echarpe\/","url":"https:\/\/trade-mueller-beta.startupblitz.de\/fr\/shop\/corporate-wear-fr\/cw-accessoires-fr\/foulards-echarpes-cw-fr\/echarpe\/","name":"\u00c9charpe - M\u00fcller Trade","isPartOf":{"@id":"https:\/\/trade-mueller-beta.startupblitz.de\/fr\/#website"},"primaryImageOfPage":{"@id":"https:\/\/trade-mueller-beta.startupblitz.de\/fr\/shop\/corporate-wear-fr\/cw-accessoires-fr\/foulards-echarpes-cw-fr\/echarpe\/#primaryimage"},"image":{"@id":"https:\/\/trade-mueller-beta.startupblitz.de\/fr\/shop\/corporate-wear-fr\/cw-accessoires-fr\/foulards-echarpes-cw-fr\/echarpe\/#primaryimage"},"thumbnailUrl":"https:\/\/trade-mueller-beta.startupblitz.de\/wp-content\/uploads\/sites\/2\/01508-09_Nerola_grau.jpg","datePublished":"2024-06-11T21:12:41+00:00","dateModified":"2024-10-28T17:49:00+00:00","description":"\u00c9charpe - M\u00fcller Trade","breadcrumb":{"@id":"https:\/\/trade-mueller-beta.startupblitz.de\/fr\/shop\/corporate-wear-fr\/cw-accessoires-fr\/foulards-echarpes-cw-fr\/echarpe\/#breadcrumb"},"inLanguage":"fr-FR","potentialAction":[{"@type":"ReadAction","target":["https:\/\/trade-mueller-beta.startupblitz.de\/fr\/shop\/corporate-wear-fr\/cw-accessoires-fr\/foulards-echarpes-cw-fr\/echarpe\/"]}]},{"@type":"ImageObject","inLanguage":"fr-FR","@id":"https:\/\/trade-mueller-beta.startupblitz.de\/fr\/shop\/corporate-wear-fr\/cw-accessoires-fr\/foulards-echarpes-cw-fr\/echarpe\/#primaryimage","url":"https:\/\/trade-mueller-beta.startupblitz.de\/wp-content\/uploads\/sites\/2\/01508-09_Nerola_grau.jpg","contentUrl":"https:\/\/trade-mueller-beta.startupblitz.de\/wp-content\/uploads\/sites\/2\/01508-09_Nerola_grau.jpg","width":1000,"height":1201},{"@type":"BreadcrumbList","@id":"https:\/\/trade-mueller-beta.startupblitz.de\/fr\/shop\/corporate-wear-fr\/cw-accessoires-fr\/foulards-echarpes-cw-fr\/echarpe\/#breadcrumb","itemListElement":[{"@type":"ListItem","position":1,"name":"Startseite","item":"https:\/\/trade-mueller-beta.startupblitz.de\/fr\/"},{"@type":"ListItem","position":2,"name":"Shop","item":"https:\/\/trade-mueller-beta.startupblitz.de\/fr\/shop\/"},{"@type":"ListItem","position":3,"name":"\u00c9charpe"}]},{"@type":"WebSite","@id":"https:\/\/trade-mueller-beta.startupblitz.de\/fr\/#website","url":"https:\/\/trade-mueller-beta.startupblitz.de\/fr\/","name":"M\u00fcller Trade","description":"VOTRE BOUTIQUE B2B DE V\u00caTEMENTS PROFESSIONNELS","publisher":{"@id":"https:\/\/trade-mueller-beta.startupblitz.de\/fr\/#organization"},"potentialAction":[{"@type":"SearchAction","target":{"@type":"EntryPoint","urlTemplate":"https:\/\/trade-mueller-beta.startupblitz.de\/fr\/?s={search_term_string}"},"query-input":{"@type":"PropertyValueSpecification","valueRequired":true,"valueName":"search_term_string"}}],"inLanguage":"fr-FR"},{"@type":"Organization","@id":"https:\/\/trade-mueller-beta.startupblitz.de\/fr\/#organization","name":"M\u00fcller Trade Corporate Clothing","url":"https:\/\/trade-mueller-beta.startupblitz.de\/fr\/","logo":{"@type":"ImageObject","inLanguage":"fr-FR","@id":"https:\/\/trade-mueller-beta.startupblitz.de\/fr\/#\/schema\/logo\/image\/","url":"https:\/\/trade-mueller-beta.startupblitz.de\/wp-content\/uploads\/sites\/2\/cropped-cropped-mt-icon.png","contentUrl":"https:\/\/trade-mueller-beta.startupblitz.de\/wp-content\/uploads\/sites\/2\/cropped-cropped-mt-icon.png","width":512,"height":512,"caption":"M\u00fcller Trade Corporate Clothing"},"image":{"@id":"https:\/\/trade-mueller-beta.startupblitz.de\/fr\/#\/schema\/logo\/image\/"}}]}},"acf":[],"brands":[{"id":4553,"name":"CG","slug":"cg-fr"}],"_links":{"self":[{"href":"https:\/\/trade-mueller-beta.startupblitz.de\/fr\/wp-json\/wp\/v2\/product\/238578"}],"collection":[{"href":"https:\/\/trade-mueller-beta.startupblitz.de\/fr\/wp-json\/wp\/v2\/product"}],"about":[{"href":"https:\/\/trade-mueller-beta.startupblitz.de\/fr\/wp-json\/wp\/v2\/types\/product"}],"wp:featuredmedia":[{"embeddable":true,"href":"https:\/\/trade-mueller-beta.startupblitz.de\/fr\/wp-json\/wp\/v2\/media\/7977"}],"wp:attachment":[{"href":"https:\/\/trade-mueller-beta.startupblitz.de\/fr\/wp-json\/wp\/v2\/media?parent=238578"}],"wp:term":[{"taxonomy":"pwb-brand","embeddable":true,"href":"https:\/\/trade-mueller-beta.startupblitz.de\/fr\/wp-json\/wp\/v2\/pwb-brand?post=238578"},{"taxonomy":"product_cat","embeddable":true,"href":"https:\/\/trade-mueller-beta.startupblitz.de\/fr\/wp-json\/wp\/v2\/product_cat?post=238578"},{"taxonomy":"product_tag","embeddable":true,"href":"https:\/\/trade-mueller-beta.startupblitz.de\/fr\/wp-json\/wp\/v2\/product_tag?post=238578"}],"curies":[{"name":"wp","href":"https:\/\/api.w.org\/{rel}","templated":true}]}}