{"id":243436,"date":"2024-06-11T23:31:13","date_gmt":"2024-06-11T21:31:13","guid":{"rendered":"https:\/\/trade-mueller-beta.startupblitz.de\/shop\/unkategorisiert\/tunique-homme\/"},"modified":"2024-10-28T18:45:39","modified_gmt":"2024-10-28T17:45:39","slug":"tunique-homme","status":"publish","type":"product","link":"https:\/\/trade-mueller-beta.startupblitz.de\/fr\/shop\/wellness-spa-fr\/tuniques-casaques-ws-fr\/manches-courtes-fr\/tunique-homme\/","title":{"rendered":"Tunique homme"},"content":{"rendered":"<\/p>\n<ul>\n<li>cintr\u00e9e<\/li>\n<li>Col montant<\/li>\n<li>passepoile\u00a0de couleur contrast\u00e9e<\/li>\n<li>revers taill\u00e9 en oblique<\/li>\n<li>3 boutons-pression et\u00a0boutonnement cach\u00e9<\/li>\n<li>1 poche<\/li>\n<li>pli pour plus de libert\u00e9 de mouvement<\/li>\n<li>fentes lat\u00e9rales<\/li>\n<li>facile d\u2019entretien<\/li>\n<li>grand teint<\/li>\n<li>un grand pouvoir d&rsquo;absorption<\/li>\n<li>rafra\u00eechissent la peau<\/li>\n<li>r\u00e9sistant \u00e0 la lumi\u00e8re<\/li>\n<li>appropri\u00e9 au lavage industriel et au finisher<\/li>\n<\/ul>\n<p>Tailles\u00a044 &#8211; 64<\/p>\n<ul>\n<li>50% polyester,\u00a050% tencel<\/li>\n<\/ul>\n<p class=\"care-icons\">e 9 1 n_W<\/p><\/p>\n","protected":false},"excerpt":{"rendered":"<p>cintr\u00e9e Col montant passepoile\u00a0de couleur contrast\u00e9e revers taill\u00e9 en oblique 3 boutons-pression et\u00a0boutonnement cach\u00e9 1 poche pli pour plus de libert\u00e9 de mouvement fentes lat\u00e9rales facile d\u2019entretien grand teint un grand pouvoir d&rsquo;absorption rafra\u00eechissent la peau r\u00e9sistant \u00e0 la lumi\u00e8re appropri\u00e9 au lavage industriel et au finisher Tailles\u00a044 &#8211; 64 50% polyester,\u00a050% tencel e 9 [&#8230;]<\/p>\n<p><a class=\"btn btn-secondary understrap-read-more-link\" href=\"https:\/\/trade-mueller-beta.startupblitz.de\/fr\/shop\/wellness-spa-fr\/tuniques-casaques-ws-fr\/manches-courtes-fr\/tunique-homme\/\">plus<span class=\"screen-reader-text\"> from Tunique homme<\/span><\/a><\/p>\n","protected":false},"featured_media":47025,"template":"","meta":{"_acf_changed":false,"inline_featured_image":false},"pwb-brand":[4553],"product_cat":[1262,3377,3444,3451,3449,3501,3387,3507],"product_tag":[],"class_list":{"0":"post-243436","1":"product","2":"type-product","3":"status-publish","4":"has-post-thumbnail","6":"pwb-brand-cg-fr","7":"product_cat-tout","8":"product_cat-tuniques-casaques","9":"product_cat-housekeeping-fr","10":"product_cat-manches-courtes-hsk-fr","11":"product_cat-tuniques-casaques-hsk-fr","12":"product_cat-wellness-spa-fr","13":"product_cat-manches-courtes-fr","14":"product_cat-tuniques-casaques-ws-fr","15":"pa_color-noir-3","16":"pa_color-blanc","17":"pa_color-raven-1","18":"pa_color-group-anthracite-gris","19":"pa_color-group-blanc","20":"pa_color-group-noir","21":"pa_gender-hommes","22":"pa_size-men-44-fr","23":"pa_size-men-46-fr","24":"pa_size-men-48-fr","25":"pa_size-men-50-fr","26":"pa_size-men-52-fr","27":"pa_size-men-54-fr","28":"pa_size-men-56-fr","29":"pa_size-men-58-fr","30":"pa_size-men-60-fr","31":"pa_size-men-62-fr","32":"pa_size-men-64-fr","34":"first","35":"instock","36":"taxable","37":"shipping-taxable","38":"purchasable","39":"product-type-variable"},"yoast_head":"<title>Tunique homme - M\u00fcller Trade<\/title>\n<meta name=\"description\" content=\"Tunique homme - M\u00fcller Trade\" \/>\n<meta name=\"robots\" content=\"index, follow, max-snippet:-1, max-image-preview:large, max-video-preview:-1\" \/>\n<link rel=\"canonical\" href=\"https:\/\/trade-mueller-beta.startupblitz.de\/fr\/shop\/wellness-spa-fr\/tuniques-casaques-ws-fr\/manches-courtes-fr\/tunique-homme\/\" \/>\n<meta property=\"og:locale\" content=\"fr_FR\" \/>\n<meta property=\"og:type\" content=\"article\" \/>\n<meta property=\"og:title\" content=\"Tunique homme - M\u00fcller Trade\" \/>\n<meta property=\"og:description\" content=\"Tunique homme - M\u00fcller Trade\" \/>\n<meta property=\"og:url\" content=\"https:\/\/trade-mueller-beta.startupblitz.de\/fr\/shop\/wellness-spa-fr\/tuniques-casaques-ws-fr\/manches-courtes-fr\/tunique-homme\/\" \/>\n<meta property=\"og:site_name\" content=\"M\u00fcller Trade\" \/>\n<meta property=\"article:modified_time\" content=\"2024-10-28T17:45:39+00:00\" \/>\n<meta name=\"twitter:card\" content=\"summary_large_image\" \/>\n<script type=\"application\/ld+json\" class=\"yoast-schema-graph\">{\"@context\":\"https:\/\/schema.org\",\"@graph\":[{\"@type\":\"WebPage\",\"@id\":\"https:\/\/trade-mueller-beta.startupblitz.de\/fr\/shop\/wellness-spa-fr\/tuniques-casaques-ws-fr\/manches-courtes-fr\/tunique-homme\/\",\"url\":\"https:\/\/trade-mueller-beta.startupblitz.de\/fr\/shop\/wellness-spa-fr\/tuniques-casaques-ws-fr\/manches-courtes-fr\/tunique-homme\/\",\"name\":\"Tunique homme - M\u00fcller Trade\",\"isPartOf\":{\"@id\":\"https:\/\/trade-mueller-beta.startupblitz.de\/fr\/#website\"},\"primaryImageOfPage\":{\"@id\":\"https:\/\/trade-mueller-beta.startupblitz.de\/fr\/shop\/wellness-spa-fr\/tuniques-casaques-ws-fr\/manches-courtes-fr\/tunique-homme\/#primaryimage\"},\"image\":{\"@id\":\"https:\/\/trade-mueller-beta.startupblitz.de\/fr\/shop\/wellness-spa-fr\/tuniques-casaques-ws-fr\/manches-courtes-fr\/tunique-homme\/#primaryimage\"},\"thumbnailUrl\":\"https:\/\/trade-mueller-beta.startupblitz.de\/wp-content\/uploads\/sites\/2\/03600-05_San_Severo_raven-schwarz_.jpg\",\"datePublished\":\"2024-06-11T21:31:13+00:00\",\"dateModified\":\"2024-10-28T17:45:39+00:00\",\"description\":\"Tunique homme - M\u00fcller Trade\",\"breadcrumb\":{\"@id\":\"https:\/\/trade-mueller-beta.startupblitz.de\/fr\/shop\/wellness-spa-fr\/tuniques-casaques-ws-fr\/manches-courtes-fr\/tunique-homme\/#breadcrumb\"},\"inLanguage\":\"fr-FR\",\"potentialAction\":[{\"@type\":\"ReadAction\",\"target\":[\"https:\/\/trade-mueller-beta.startupblitz.de\/fr\/shop\/wellness-spa-fr\/tuniques-casaques-ws-fr\/manches-courtes-fr\/tunique-homme\/\"]}]},{\"@type\":\"ImageObject\",\"inLanguage\":\"fr-FR\",\"@id\":\"https:\/\/trade-mueller-beta.startupblitz.de\/fr\/shop\/wellness-spa-fr\/tuniques-casaques-ws-fr\/manches-courtes-fr\/tunique-homme\/#primaryimage\",\"url\":\"https:\/\/trade-mueller-beta.startupblitz.de\/wp-content\/uploads\/sites\/2\/03600-05_San_Severo_raven-schwarz_.jpg\",\"contentUrl\":\"https:\/\/trade-mueller-beta.startupblitz.de\/wp-content\/uploads\/sites\/2\/03600-05_San_Severo_raven-schwarz_.jpg\",\"width\":1000,\"height\":1499},{\"@type\":\"BreadcrumbList\",\"@id\":\"https:\/\/trade-mueller-beta.startupblitz.de\/fr\/shop\/wellness-spa-fr\/tuniques-casaques-ws-fr\/manches-courtes-fr\/tunique-homme\/#breadcrumb\",\"itemListElement\":[{\"@type\":\"ListItem\",\"position\":1,\"name\":\"Startseite\",\"item\":\"https:\/\/trade-mueller-beta.startupblitz.de\/fr\/\"},{\"@type\":\"ListItem\",\"position\":2,\"name\":\"Shop\",\"item\":\"https:\/\/trade-mueller-beta.startupblitz.de\/fr\/shop\/\"},{\"@type\":\"ListItem\",\"position\":3,\"name\":\"Tunique homme\"}]},{\"@type\":\"WebSite\",\"@id\":\"https:\/\/trade-mueller-beta.startupblitz.de\/fr\/#website\",\"url\":\"https:\/\/trade-mueller-beta.startupblitz.de\/fr\/\",\"name\":\"M\u00fcller Trade\",\"description\":\"VOTRE BOUTIQUE B2B DE V\u00caTEMENTS PROFESSIONNELS\",\"publisher\":{\"@id\":\"https:\/\/trade-mueller-beta.startupblitz.de\/fr\/#organization\"},\"potentialAction\":[{\"@type\":\"SearchAction\",\"target\":{\"@type\":\"EntryPoint\",\"urlTemplate\":\"https:\/\/trade-mueller-beta.startupblitz.de\/fr\/?s={search_term_string}\"},\"query-input\":{\"@type\":\"PropertyValueSpecification\",\"valueRequired\":true,\"valueName\":\"search_term_string\"}}],\"inLanguage\":\"fr-FR\"},{\"@type\":\"Organization\",\"@id\":\"https:\/\/trade-mueller-beta.startupblitz.de\/fr\/#organization\",\"name\":\"M\u00fcller Trade Corporate Clothing\",\"url\":\"https:\/\/trade-mueller-beta.startupblitz.de\/fr\/\",\"logo\":{\"@type\":\"ImageObject\",\"inLanguage\":\"fr-FR\",\"@id\":\"https:\/\/trade-mueller-beta.startupblitz.de\/fr\/#\/schema\/logo\/image\/\",\"url\":\"https:\/\/trade-mueller-beta.startupblitz.de\/wp-content\/uploads\/sites\/2\/cropped-cropped-mt-icon.png\",\"contentUrl\":\"https:\/\/trade-mueller-beta.startupblitz.de\/wp-content\/uploads\/sites\/2\/cropped-cropped-mt-icon.png\",\"width\":512,\"height\":512,\"caption\":\"M\u00fcller Trade Corporate Clothing\"},\"image\":{\"@id\":\"https:\/\/trade-mueller-beta.startupblitz.de\/fr\/#\/schema\/logo\/image\/\"}}]}<\/script>","yoast_head_json":{"title":"Tunique homme - M\u00fcller Trade","description":"Tunique homme - M\u00fcller Trade","robots":{"index":"index","follow":"follow","max-snippet":"max-snippet:-1","max-image-preview":"max-image-preview:large","max-video-preview":"max-video-preview:-1"},"canonical":"https:\/\/trade-mueller-beta.startupblitz.de\/fr\/shop\/wellness-spa-fr\/tuniques-casaques-ws-fr\/manches-courtes-fr\/tunique-homme\/","og_locale":"fr_FR","og_type":"article","og_title":"Tunique homme - M\u00fcller Trade","og_description":"Tunique homme - M\u00fcller Trade","og_url":"https:\/\/trade-mueller-beta.startupblitz.de\/fr\/shop\/wellness-spa-fr\/tuniques-casaques-ws-fr\/manches-courtes-fr\/tunique-homme\/","og_site_name":"M\u00fcller Trade","article_modified_time":"2024-10-28T17:45:39+00:00","twitter_card":"summary_large_image","schema":{"@context":"https:\/\/schema.org","@graph":[{"@type":"WebPage","@id":"https:\/\/trade-mueller-beta.startupblitz.de\/fr\/shop\/wellness-spa-fr\/tuniques-casaques-ws-fr\/manches-courtes-fr\/tunique-homme\/","url":"https:\/\/trade-mueller-beta.startupblitz.de\/fr\/shop\/wellness-spa-fr\/tuniques-casaques-ws-fr\/manches-courtes-fr\/tunique-homme\/","name":"Tunique homme - M\u00fcller Trade","isPartOf":{"@id":"https:\/\/trade-mueller-beta.startupblitz.de\/fr\/#website"},"primaryImageOfPage":{"@id":"https:\/\/trade-mueller-beta.startupblitz.de\/fr\/shop\/wellness-spa-fr\/tuniques-casaques-ws-fr\/manches-courtes-fr\/tunique-homme\/#primaryimage"},"image":{"@id":"https:\/\/trade-mueller-beta.startupblitz.de\/fr\/shop\/wellness-spa-fr\/tuniques-casaques-ws-fr\/manches-courtes-fr\/tunique-homme\/#primaryimage"},"thumbnailUrl":"https:\/\/trade-mueller-beta.startupblitz.de\/wp-content\/uploads\/sites\/2\/03600-05_San_Severo_raven-schwarz_.jpg","datePublished":"2024-06-11T21:31:13+00:00","dateModified":"2024-10-28T17:45:39+00:00","description":"Tunique homme - M\u00fcller Trade","breadcrumb":{"@id":"https:\/\/trade-mueller-beta.startupblitz.de\/fr\/shop\/wellness-spa-fr\/tuniques-casaques-ws-fr\/manches-courtes-fr\/tunique-homme\/#breadcrumb"},"inLanguage":"fr-FR","potentialAction":[{"@type":"ReadAction","target":["https:\/\/trade-mueller-beta.startupblitz.de\/fr\/shop\/wellness-spa-fr\/tuniques-casaques-ws-fr\/manches-courtes-fr\/tunique-homme\/"]}]},{"@type":"ImageObject","inLanguage":"fr-FR","@id":"https:\/\/trade-mueller-beta.startupblitz.de\/fr\/shop\/wellness-spa-fr\/tuniques-casaques-ws-fr\/manches-courtes-fr\/tunique-homme\/#primaryimage","url":"https:\/\/trade-mueller-beta.startupblitz.de\/wp-content\/uploads\/sites\/2\/03600-05_San_Severo_raven-schwarz_.jpg","contentUrl":"https:\/\/trade-mueller-beta.startupblitz.de\/wp-content\/uploads\/sites\/2\/03600-05_San_Severo_raven-schwarz_.jpg","width":1000,"height":1499},{"@type":"BreadcrumbList","@id":"https:\/\/trade-mueller-beta.startupblitz.de\/fr\/shop\/wellness-spa-fr\/tuniques-casaques-ws-fr\/manches-courtes-fr\/tunique-homme\/#breadcrumb","itemListElement":[{"@type":"ListItem","position":1,"name":"Startseite","item":"https:\/\/trade-mueller-beta.startupblitz.de\/fr\/"},{"@type":"ListItem","position":2,"name":"Shop","item":"https:\/\/trade-mueller-beta.startupblitz.de\/fr\/shop\/"},{"@type":"ListItem","position":3,"name":"Tunique homme"}]},{"@type":"WebSite","@id":"https:\/\/trade-mueller-beta.startupblitz.de\/fr\/#website","url":"https:\/\/trade-mueller-beta.startupblitz.de\/fr\/","name":"M\u00fcller Trade","description":"VOTRE BOUTIQUE B2B DE V\u00caTEMENTS PROFESSIONNELS","publisher":{"@id":"https:\/\/trade-mueller-beta.startupblitz.de\/fr\/#organization"},"potentialAction":[{"@type":"SearchAction","target":{"@type":"EntryPoint","urlTemplate":"https:\/\/trade-mueller-beta.startupblitz.de\/fr\/?s={search_term_string}"},"query-input":{"@type":"PropertyValueSpecification","valueRequired":true,"valueName":"search_term_string"}}],"inLanguage":"fr-FR"},{"@type":"Organization","@id":"https:\/\/trade-mueller-beta.startupblitz.de\/fr\/#organization","name":"M\u00fcller Trade Corporate Clothing","url":"https:\/\/trade-mueller-beta.startupblitz.de\/fr\/","logo":{"@type":"ImageObject","inLanguage":"fr-FR","@id":"https:\/\/trade-mueller-beta.startupblitz.de\/fr\/#\/schema\/logo\/image\/","url":"https:\/\/trade-mueller-beta.startupblitz.de\/wp-content\/uploads\/sites\/2\/cropped-cropped-mt-icon.png","contentUrl":"https:\/\/trade-mueller-beta.startupblitz.de\/wp-content\/uploads\/sites\/2\/cropped-cropped-mt-icon.png","width":512,"height":512,"caption":"M\u00fcller Trade Corporate Clothing"},"image":{"@id":"https:\/\/trade-mueller-beta.startupblitz.de\/fr\/#\/schema\/logo\/image\/"}}]}},"acf":[],"brands":[{"id":4553,"name":"CG","slug":"cg-fr"}],"_links":{"self":[{"href":"https:\/\/trade-mueller-beta.startupblitz.de\/fr\/wp-json\/wp\/v2\/product\/243436"}],"collection":[{"href":"https:\/\/trade-mueller-beta.startupblitz.de\/fr\/wp-json\/wp\/v2\/product"}],"about":[{"href":"https:\/\/trade-mueller-beta.startupblitz.de\/fr\/wp-json\/wp\/v2\/types\/product"}],"wp:featuredmedia":[{"embeddable":true,"href":"https:\/\/trade-mueller-beta.startupblitz.de\/fr\/wp-json\/wp\/v2\/media\/47025"}],"wp:attachment":[{"href":"https:\/\/trade-mueller-beta.startupblitz.de\/fr\/wp-json\/wp\/v2\/media?parent=243436"}],"wp:term":[{"taxonomy":"pwb-brand","embeddable":true,"href":"https:\/\/trade-mueller-beta.startupblitz.de\/fr\/wp-json\/wp\/v2\/pwb-brand?post=243436"},{"taxonomy":"product_cat","embeddable":true,"href":"https:\/\/trade-mueller-beta.startupblitz.de\/fr\/wp-json\/wp\/v2\/product_cat?post=243436"},{"taxonomy":"product_tag","embeddable":true,"href":"https:\/\/trade-mueller-beta.startupblitz.de\/fr\/wp-json\/wp\/v2\/product_tag?post=243436"}],"curies":[{"name":"wp","href":"https:\/\/api.w.org\/{rel}","templated":true}]}}