{"id":245345,"date":"2024-06-12T05:45:51","date_gmt":"2024-06-12T03:45:51","guid":{"rendered":"https:\/\/trade-mueller-beta.startupblitz.de\/shop\/unkategorisiert\/veston-homme-prince-de-galles\/"},"modified":"2024-10-28T18:55:34","modified_gmt":"2024-10-28T17:55:34","slug":"veston-homme-prince-de-galles","status":"publish","type":"product","link":"https:\/\/trade-mueller-beta.startupblitz.de\/fr\/shop\/corporate-wear-fr\/blazers-vestes-cw-fr\/2-boutons-cw-fr\/veston-homme-prince-de-galles\/","title":{"rendered":"Veston homme, prince-de-galles"},"content":{"rendered":"<\/p>\n<ul>\n<li>forme l\u00e9g\u00e8rement cintr\u00e9e, moderne<\/li>\n<li>2 boutons<\/li>\n<li>2 poches \u00e0 rabats<\/li>\n<li>1 poche poitrine \u00e0 rabat<\/li>\n<li>\u00e9quipement int\u00e9rieur traveller<\/li>\n<li>fente dans le dos<\/li>\n<li>Longueur de dos 72 cm\/tailles 50<\/li>\n<\/ul>\n<p>tailles: 44 &#8211;\u00a058<\/p>\n<ul>\n<li>60% laine vierge, 36% polyester, 4% \u00e9lasthanne<\/li>\n<li>Doublure\u00a0: 100% polyester<\/li>\n<\/ul>\n<p class=\"care-icons\">f 9 4 i_-<\/p>\n<p>&nbsp;<\/p>\n","protected":false},"excerpt":{"rendered":"<p>Text all<\/p>\n<p> [&#8230;]<\/p>\n<p><a class=\"btn btn-secondary understrap-read-more-link\" href=\"https:\/\/trade-mueller-beta.startupblitz.de\/fr\/shop\/corporate-wear-fr\/blazers-vestes-cw-fr\/2-boutons-cw-fr\/veston-homme-prince-de-galles\/\">plus<span class=\"screen-reader-text\"> from Veston homme, prince-de-galles<\/span><\/a><\/p>\n","protected":false},"featured_media":52262,"template":"","meta":{"_acf_changed":false,"inline_featured_image":false},"pwb-brand":[4547],"product_cat":[1265,1262,1264,3416,3424,3423],"product_tag":[4545,4540,4542],"class_list":{"0":"post-245345","1":"product","2":"type-product","3":"status-publish","4":"has-post-thumbnail","6":"pwb-brand-greiff-fr","7":"product_cat-2-bouton-all","8":"product_cat-tout","9":"product_cat-blazers-vestes","10":"product_cat-corporate-wear-fr","11":"product_cat-2-boutons-cw-fr","12":"product_cat-blazers-vestes-cw-fr","13":"product_tag-bandes","14":"product_tag-bleu-fonce","15":"product_tag-veste","16":"pa_color-129-glencheck-gris-blau","17":"pa_color-group-anthracite-gris","18":"pa_fit-regular-fit","19":"pa_gender-hommes","20":"pa_size-men-44-fr","21":"pa_size-men-46-fr","22":"pa_size-men-48-fr","23":"pa_size-men-50-fr","24":"pa_size-men-52-fr","25":"pa_size-men-54-fr","26":"pa_size-men-56-fr","27":"pa_size-men-58-fr","29":"first","30":"instock","31":"taxable","32":"shipping-taxable","33":"purchasable","34":"product-type-variable"},"yoast_head":"<title>Veston homme, prince-de-galles - M\u00fcller Trade<\/title>\n<meta name=\"description\" content=\"Veston homme, prince-de-galles - M\u00fcller Trade\" \/>\n<meta name=\"robots\" content=\"index, follow, max-snippet:-1, max-image-preview:large, max-video-preview:-1\" \/>\n<link rel=\"canonical\" href=\"https:\/\/trade-mueller-beta.startupblitz.de\/fr\/shop\/corporate-wear-fr\/blazers-vestes-cw-fr\/2-boutons-cw-fr\/veston-homme-prince-de-galles\/\" \/>\n<meta property=\"og:locale\" content=\"fr_FR\" \/>\n<meta property=\"og:type\" content=\"article\" \/>\n<meta property=\"og:title\" content=\"Veston homme, prince-de-galles - M\u00fcller Trade\" \/>\n<meta property=\"og:description\" content=\"Veston homme, prince-de-galles - M\u00fcller Trade\" \/>\n<meta property=\"og:url\" content=\"https:\/\/trade-mueller-beta.startupblitz.de\/fr\/shop\/corporate-wear-fr\/blazers-vestes-cw-fr\/2-boutons-cw-fr\/veston-homme-prince-de-galles\/\" \/>\n<meta property=\"og:site_name\" content=\"M\u00fcller Trade\" \/>\n<meta property=\"article:modified_time\" content=\"2024-10-28T17:55:34+00:00\" \/>\n<meta name=\"twitter:card\" content=\"summary_large_image\" \/>\n<script type=\"application\/ld+json\" class=\"yoast-schema-graph\">{\"@context\":\"https:\/\/schema.org\",\"@graph\":[{\"@type\":\"WebPage\",\"@id\":\"https:\/\/trade-mueller-beta.startupblitz.de\/fr\/shop\/corporate-wear-fr\/blazers-vestes-cw-fr\/2-boutons-cw-fr\/veston-homme-prince-de-galles\/\",\"url\":\"https:\/\/trade-mueller-beta.startupblitz.de\/fr\/shop\/corporate-wear-fr\/blazers-vestes-cw-fr\/2-boutons-cw-fr\/veston-homme-prince-de-galles\/\",\"name\":\"Veston homme, prince-de-galles - M\u00fcller Trade\",\"isPartOf\":{\"@id\":\"https:\/\/trade-mueller-beta.startupblitz.de\/fr\/#website\"},\"primaryImageOfPage\":{\"@id\":\"https:\/\/trade-mueller-beta.startupblitz.de\/fr\/shop\/corporate-wear-fr\/blazers-vestes-cw-fr\/2-boutons-cw-fr\/veston-homme-prince-de-galles\/#primaryimage\"},\"image\":{\"@id\":\"https:\/\/trade-mueller-beta.startupblitz.de\/fr\/shop\/corporate-wear-fr\/blazers-vestes-cw-fr\/2-boutons-cw-fr\/veston-homme-prince-de-galles\/#primaryimage\"},\"thumbnailUrl\":\"https:\/\/trade-mueller-beta.startupblitz.de\/wp-content\/uploads\/sites\/2\/1130_666_129_V.jpg\",\"datePublished\":\"2024-06-12T03:45:51+00:00\",\"dateModified\":\"2024-10-28T17:55:34+00:00\",\"description\":\"Veston homme, prince-de-galles - M\u00fcller Trade\",\"breadcrumb\":{\"@id\":\"https:\/\/trade-mueller-beta.startupblitz.de\/fr\/shop\/corporate-wear-fr\/blazers-vestes-cw-fr\/2-boutons-cw-fr\/veston-homme-prince-de-galles\/#breadcrumb\"},\"inLanguage\":\"fr-FR\",\"potentialAction\":[{\"@type\":\"ReadAction\",\"target\":[\"https:\/\/trade-mueller-beta.startupblitz.de\/fr\/shop\/corporate-wear-fr\/blazers-vestes-cw-fr\/2-boutons-cw-fr\/veston-homme-prince-de-galles\/\"]}]},{\"@type\":\"ImageObject\",\"inLanguage\":\"fr-FR\",\"@id\":\"https:\/\/trade-mueller-beta.startupblitz.de\/fr\/shop\/corporate-wear-fr\/blazers-vestes-cw-fr\/2-boutons-cw-fr\/veston-homme-prince-de-galles\/#primaryimage\",\"url\":\"https:\/\/trade-mueller-beta.startupblitz.de\/wp-content\/uploads\/sites\/2\/1130_666_129_V.jpg\",\"contentUrl\":\"https:\/\/trade-mueller-beta.startupblitz.de\/wp-content\/uploads\/sites\/2\/1130_666_129_V.jpg\",\"width\":1000,\"height\":1502},{\"@type\":\"BreadcrumbList\",\"@id\":\"https:\/\/trade-mueller-beta.startupblitz.de\/fr\/shop\/corporate-wear-fr\/blazers-vestes-cw-fr\/2-boutons-cw-fr\/veston-homme-prince-de-galles\/#breadcrumb\",\"itemListElement\":[{\"@type\":\"ListItem\",\"position\":1,\"name\":\"Startseite\",\"item\":\"https:\/\/trade-mueller-beta.startupblitz.de\/fr\/\"},{\"@type\":\"ListItem\",\"position\":2,\"name\":\"Shop\",\"item\":\"https:\/\/trade-mueller-beta.startupblitz.de\/fr\/shop\/\"},{\"@type\":\"ListItem\",\"position\":3,\"name\":\"Veston homme, prince-de-galles\"}]},{\"@type\":\"WebSite\",\"@id\":\"https:\/\/trade-mueller-beta.startupblitz.de\/fr\/#website\",\"url\":\"https:\/\/trade-mueller-beta.startupblitz.de\/fr\/\",\"name\":\"M\u00fcller Trade\",\"description\":\"VOTRE BOUTIQUE B2B DE V\u00caTEMENTS PROFESSIONNELS\",\"publisher\":{\"@id\":\"https:\/\/trade-mueller-beta.startupblitz.de\/fr\/#organization\"},\"potentialAction\":[{\"@type\":\"SearchAction\",\"target\":{\"@type\":\"EntryPoint\",\"urlTemplate\":\"https:\/\/trade-mueller-beta.startupblitz.de\/fr\/?s={search_term_string}\"},\"query-input\":{\"@type\":\"PropertyValueSpecification\",\"valueRequired\":true,\"valueName\":\"search_term_string\"}}],\"inLanguage\":\"fr-FR\"},{\"@type\":\"Organization\",\"@id\":\"https:\/\/trade-mueller-beta.startupblitz.de\/fr\/#organization\",\"name\":\"M\u00fcller Trade Corporate Clothing\",\"url\":\"https:\/\/trade-mueller-beta.startupblitz.de\/fr\/\",\"logo\":{\"@type\":\"ImageObject\",\"inLanguage\":\"fr-FR\",\"@id\":\"https:\/\/trade-mueller-beta.startupblitz.de\/fr\/#\/schema\/logo\/image\/\",\"url\":\"https:\/\/trade-mueller-beta.startupblitz.de\/wp-content\/uploads\/sites\/2\/cropped-cropped-mt-icon.png\",\"contentUrl\":\"https:\/\/trade-mueller-beta.startupblitz.de\/wp-content\/uploads\/sites\/2\/cropped-cropped-mt-icon.png\",\"width\":512,\"height\":512,\"caption\":\"M\u00fcller Trade Corporate Clothing\"},\"image\":{\"@id\":\"https:\/\/trade-mueller-beta.startupblitz.de\/fr\/#\/schema\/logo\/image\/\"}}]}<\/script>","yoast_head_json":{"title":"Veston homme, prince-de-galles - M\u00fcller Trade","description":"Veston homme, prince-de-galles - M\u00fcller Trade","robots":{"index":"index","follow":"follow","max-snippet":"max-snippet:-1","max-image-preview":"max-image-preview:large","max-video-preview":"max-video-preview:-1"},"canonical":"https:\/\/trade-mueller-beta.startupblitz.de\/fr\/shop\/corporate-wear-fr\/blazers-vestes-cw-fr\/2-boutons-cw-fr\/veston-homme-prince-de-galles\/","og_locale":"fr_FR","og_type":"article","og_title":"Veston homme, prince-de-galles - M\u00fcller Trade","og_description":"Veston homme, prince-de-galles - M\u00fcller Trade","og_url":"https:\/\/trade-mueller-beta.startupblitz.de\/fr\/shop\/corporate-wear-fr\/blazers-vestes-cw-fr\/2-boutons-cw-fr\/veston-homme-prince-de-galles\/","og_site_name":"M\u00fcller Trade","article_modified_time":"2024-10-28T17:55:34+00:00","twitter_card":"summary_large_image","schema":{"@context":"https:\/\/schema.org","@graph":[{"@type":"WebPage","@id":"https:\/\/trade-mueller-beta.startupblitz.de\/fr\/shop\/corporate-wear-fr\/blazers-vestes-cw-fr\/2-boutons-cw-fr\/veston-homme-prince-de-galles\/","url":"https:\/\/trade-mueller-beta.startupblitz.de\/fr\/shop\/corporate-wear-fr\/blazers-vestes-cw-fr\/2-boutons-cw-fr\/veston-homme-prince-de-galles\/","name":"Veston homme, prince-de-galles - M\u00fcller Trade","isPartOf":{"@id":"https:\/\/trade-mueller-beta.startupblitz.de\/fr\/#website"},"primaryImageOfPage":{"@id":"https:\/\/trade-mueller-beta.startupblitz.de\/fr\/shop\/corporate-wear-fr\/blazers-vestes-cw-fr\/2-boutons-cw-fr\/veston-homme-prince-de-galles\/#primaryimage"},"image":{"@id":"https:\/\/trade-mueller-beta.startupblitz.de\/fr\/shop\/corporate-wear-fr\/blazers-vestes-cw-fr\/2-boutons-cw-fr\/veston-homme-prince-de-galles\/#primaryimage"},"thumbnailUrl":"https:\/\/trade-mueller-beta.startupblitz.de\/wp-content\/uploads\/sites\/2\/1130_666_129_V.jpg","datePublished":"2024-06-12T03:45:51+00:00","dateModified":"2024-10-28T17:55:34+00:00","description":"Veston homme, prince-de-galles - M\u00fcller Trade","breadcrumb":{"@id":"https:\/\/trade-mueller-beta.startupblitz.de\/fr\/shop\/corporate-wear-fr\/blazers-vestes-cw-fr\/2-boutons-cw-fr\/veston-homme-prince-de-galles\/#breadcrumb"},"inLanguage":"fr-FR","potentialAction":[{"@type":"ReadAction","target":["https:\/\/trade-mueller-beta.startupblitz.de\/fr\/shop\/corporate-wear-fr\/blazers-vestes-cw-fr\/2-boutons-cw-fr\/veston-homme-prince-de-galles\/"]}]},{"@type":"ImageObject","inLanguage":"fr-FR","@id":"https:\/\/trade-mueller-beta.startupblitz.de\/fr\/shop\/corporate-wear-fr\/blazers-vestes-cw-fr\/2-boutons-cw-fr\/veston-homme-prince-de-galles\/#primaryimage","url":"https:\/\/trade-mueller-beta.startupblitz.de\/wp-content\/uploads\/sites\/2\/1130_666_129_V.jpg","contentUrl":"https:\/\/trade-mueller-beta.startupblitz.de\/wp-content\/uploads\/sites\/2\/1130_666_129_V.jpg","width":1000,"height":1502},{"@type":"BreadcrumbList","@id":"https:\/\/trade-mueller-beta.startupblitz.de\/fr\/shop\/corporate-wear-fr\/blazers-vestes-cw-fr\/2-boutons-cw-fr\/veston-homme-prince-de-galles\/#breadcrumb","itemListElement":[{"@type":"ListItem","position":1,"name":"Startseite","item":"https:\/\/trade-mueller-beta.startupblitz.de\/fr\/"},{"@type":"ListItem","position":2,"name":"Shop","item":"https:\/\/trade-mueller-beta.startupblitz.de\/fr\/shop\/"},{"@type":"ListItem","position":3,"name":"Veston homme, prince-de-galles"}]},{"@type":"WebSite","@id":"https:\/\/trade-mueller-beta.startupblitz.de\/fr\/#website","url":"https:\/\/trade-mueller-beta.startupblitz.de\/fr\/","name":"M\u00fcller Trade","description":"VOTRE BOUTIQUE B2B DE V\u00caTEMENTS PROFESSIONNELS","publisher":{"@id":"https:\/\/trade-mueller-beta.startupblitz.de\/fr\/#organization"},"potentialAction":[{"@type":"SearchAction","target":{"@type":"EntryPoint","urlTemplate":"https:\/\/trade-mueller-beta.startupblitz.de\/fr\/?s={search_term_string}"},"query-input":{"@type":"PropertyValueSpecification","valueRequired":true,"valueName":"search_term_string"}}],"inLanguage":"fr-FR"},{"@type":"Organization","@id":"https:\/\/trade-mueller-beta.startupblitz.de\/fr\/#organization","name":"M\u00fcller Trade Corporate Clothing","url":"https:\/\/trade-mueller-beta.startupblitz.de\/fr\/","logo":{"@type":"ImageObject","inLanguage":"fr-FR","@id":"https:\/\/trade-mueller-beta.startupblitz.de\/fr\/#\/schema\/logo\/image\/","url":"https:\/\/trade-mueller-beta.startupblitz.de\/wp-content\/uploads\/sites\/2\/cropped-cropped-mt-icon.png","contentUrl":"https:\/\/trade-mueller-beta.startupblitz.de\/wp-content\/uploads\/sites\/2\/cropped-cropped-mt-icon.png","width":512,"height":512,"caption":"M\u00fcller Trade Corporate Clothing"},"image":{"@id":"https:\/\/trade-mueller-beta.startupblitz.de\/fr\/#\/schema\/logo\/image\/"}}]}},"acf":[],"brands":[{"id":4547,"name":"Greiff","slug":"greiff-fr"}],"_links":{"self":[{"href":"https:\/\/trade-mueller-beta.startupblitz.de\/fr\/wp-json\/wp\/v2\/product\/245345"}],"collection":[{"href":"https:\/\/trade-mueller-beta.startupblitz.de\/fr\/wp-json\/wp\/v2\/product"}],"about":[{"href":"https:\/\/trade-mueller-beta.startupblitz.de\/fr\/wp-json\/wp\/v2\/types\/product"}],"wp:featuredmedia":[{"embeddable":true,"href":"https:\/\/trade-mueller-beta.startupblitz.de\/fr\/wp-json\/wp\/v2\/media\/52262"}],"wp:attachment":[{"href":"https:\/\/trade-mueller-beta.startupblitz.de\/fr\/wp-json\/wp\/v2\/media?parent=245345"}],"wp:term":[{"taxonomy":"pwb-brand","embeddable":true,"href":"https:\/\/trade-mueller-beta.startupblitz.de\/fr\/wp-json\/wp\/v2\/pwb-brand?post=245345"},{"taxonomy":"product_cat","embeddable":true,"href":"https:\/\/trade-mueller-beta.startupblitz.de\/fr\/wp-json\/wp\/v2\/product_cat?post=245345"},{"taxonomy":"product_tag","embeddable":true,"href":"https:\/\/trade-mueller-beta.startupblitz.de\/fr\/wp-json\/wp\/v2\/product_tag?post=245345"}],"curies":[{"name":"wp","href":"https:\/\/api.w.org\/{rel}","templated":true}]}}