{"id":246286,"date":"2024-06-12T13:14:26","date_gmt":"2024-06-12T11:14:26","guid":{"rendered":"https:\/\/trade-mueller-beta.startupblitz.de\/shop\/unkategorisiert\/tablier-de-bistrot-vintage-blue\/"},"modified":"2024-10-28T18:47:17","modified_gmt":"2024-10-28T17:47:17","slug":"tablier-de-bistrot-vintage-blue","status":"publish","type":"product","link":"https:\/\/trade-mueller-beta.startupblitz.de\/fr\/shop\/service-cuisine-fr\/sk-tabliers-fr\/tabliers-bistrot-sk-fr\/tablier-de-bistrot-vintage-blue\/","title":{"rendered":"Tablier de bistrot, vintage-blue"},"content":{"rendered":"<\/p>\n<ul>\n<li style=\"list-style-type: none\">\n<ul>\n<li>tablier hanche en Denim avec accessoires 100% cuir de bovin<\/li>\n<li>rivets de finition bronze et coutures contrast\u00e9es<\/li>\n<li>parties en cuir amovibles<\/li>\n<li>bande en cuir pratique sur le c\u00f4t\u00e9 droite pour fixer une pochette portefeuille ou un torchon<\/li>\n<li>poche plaqu\u00e9e (21.5 x 20cm) sur le c\u00f4t\u00e9 gauche avec renforts d&rsquo;angle rivet\u00e9s et compartiment \u00e0 stylo int\u00e9gr\u00e9<\/li>\n<\/ul>\n<p>Largeur x longueur:<br \/>\n70 x 45 cm<\/p>\n<ul>\n<li>65% polyester, 35% coton, 195 g\/m<sup>2<\/sup><\/li>\n<\/ul>\n<\/li>\n<\/ul>\n<p class=\"care-icons\">e 9 1 +_W<\/p><\/p>\n","protected":false},"excerpt":{"rendered":"<p>tablier hanche en Denim avec accessoires 100% cuir de bovin rivets de finition bronze et coutures contrast\u00e9es parties en cuir amovibles bande en cuir pratique sur le c\u00f4t\u00e9 droite pour fixer une pochette portefeuille ou un torchon poche plaqu\u00e9e (21.5 x 20cm) sur le c\u00f4t\u00e9 gauche avec renforts d&rsquo;angle rivet\u00e9s et compartiment \u00e0 stylo int\u00e9gr\u00e9 [&#8230;]<\/p>\n<p><a class=\"btn btn-secondary understrap-read-more-link\" href=\"https:\/\/trade-mueller-beta.startupblitz.de\/fr\/shop\/service-cuisine-fr\/sk-tabliers-fr\/tabliers-bistrot-sk-fr\/tablier-de-bistrot-vintage-blue\/\">plus<span class=\"screen-reader-text\"> from Tablier de bistrot, vintage-blue<\/span><\/a><\/p>\n","protected":false},"featured_media":55450,"template":"","meta":{"_acf_changed":false,"inline_featured_image":false},"pwb-brand":[4566],"product_cat":[1262,3368,3460,3491,3492,3490],"product_tag":[],"class_list":{"0":"post-246286","1":"product","2":"type-product","3":"status-publish","4":"has-post-thumbnail","6":"pwb-brand-karlowsky-fr","7":"product_cat-tout","8":"product_cat-tabliers","9":"product_cat-service-cuisine-fr","10":"product_cat-tabliers-bistrot-sk-fr","11":"product_cat-tabliers-jean-sk-fr","12":"product_cat-sk-tabliers-fr","13":"pa_color-15-vintage-bleu","14":"pa_color-16-vintage-noir","15":"pa_color-group-bleu","16":"pa_color-group-noir","17":"pa_gender-femmes","18":"pa_gender-hommes","20":"first","21":"instock","22":"taxable","23":"shipping-taxable","24":"purchasable","25":"product-type-variable"},"yoast_head":"<title>Tablier de bistrot, vintage-blue - M\u00fcller Trade<\/title>\n<meta name=\"description\" content=\"Tablier de bistrot, vintage-blue - M\u00fcller Trade\" \/>\n<meta name=\"robots\" content=\"index, follow, max-snippet:-1, max-image-preview:large, max-video-preview:-1\" \/>\n<link rel=\"canonical\" href=\"https:\/\/trade-mueller-beta.startupblitz.de\/fr\/shop\/service-cuisine-fr\/sk-tabliers-fr\/tabliers-bistrot-sk-fr\/tablier-de-bistrot-vintage-blue\/\" \/>\n<meta property=\"og:locale\" content=\"fr_FR\" \/>\n<meta property=\"og:type\" content=\"article\" \/>\n<meta property=\"og:title\" content=\"Tablier de bistrot, vintage-blue - M\u00fcller Trade\" \/>\n<meta property=\"og:description\" content=\"Tablier de bistrot, vintage-blue - M\u00fcller Trade\" \/>\n<meta property=\"og:url\" content=\"https:\/\/trade-mueller-beta.startupblitz.de\/fr\/shop\/service-cuisine-fr\/sk-tabliers-fr\/tabliers-bistrot-sk-fr\/tablier-de-bistrot-vintage-blue\/\" \/>\n<meta property=\"og:site_name\" content=\"M\u00fcller Trade\" \/>\n<meta property=\"article:modified_time\" content=\"2024-10-28T17:47:17+00:00\" \/>\n<meta property=\"og:image\" content=\"https:\/\/trade-mueller-beta.startupblitz.de\/wp-content\/uploads\/sites\/2\/VS-9_15_b_front.jpg\" \/>\n\t<meta property=\"og:image:width\" content=\"800\" \/>\n\t<meta property=\"og:image:height\" content=\"1200\" \/>\n\t<meta property=\"og:image:type\" content=\"image\/jpeg\" \/>\n<meta name=\"twitter:card\" content=\"summary_large_image\" \/>\n<script type=\"application\/ld+json\" class=\"yoast-schema-graph\">{\"@context\":\"https:\/\/schema.org\",\"@graph\":[{\"@type\":\"WebPage\",\"@id\":\"https:\/\/trade-mueller-beta.startupblitz.de\/fr\/shop\/service-cuisine-fr\/sk-tabliers-fr\/tabliers-bistrot-sk-fr\/tablier-de-bistrot-vintage-blue\/\",\"url\":\"https:\/\/trade-mueller-beta.startupblitz.de\/fr\/shop\/service-cuisine-fr\/sk-tabliers-fr\/tabliers-bistrot-sk-fr\/tablier-de-bistrot-vintage-blue\/\",\"name\":\"Tablier de bistrot, vintage-blue - M\u00fcller Trade\",\"isPartOf\":{\"@id\":\"https:\/\/trade-mueller-beta.startupblitz.de\/fr\/#website\"},\"primaryImageOfPage\":{\"@id\":\"https:\/\/trade-mueller-beta.startupblitz.de\/fr\/shop\/service-cuisine-fr\/sk-tabliers-fr\/tabliers-bistrot-sk-fr\/tablier-de-bistrot-vintage-blue\/#primaryimage\"},\"image\":{\"@id\":\"https:\/\/trade-mueller-beta.startupblitz.de\/fr\/shop\/service-cuisine-fr\/sk-tabliers-fr\/tabliers-bistrot-sk-fr\/tablier-de-bistrot-vintage-blue\/#primaryimage\"},\"thumbnailUrl\":\"https:\/\/trade-mueller-beta.startupblitz.de\/wp-content\/uploads\/sites\/2\/VS-9_15_b_front.jpg\",\"datePublished\":\"2024-06-12T11:14:26+00:00\",\"dateModified\":\"2024-10-28T17:47:17+00:00\",\"description\":\"Tablier de bistrot, vintage-blue - M\u00fcller Trade\",\"breadcrumb\":{\"@id\":\"https:\/\/trade-mueller-beta.startupblitz.de\/fr\/shop\/service-cuisine-fr\/sk-tabliers-fr\/tabliers-bistrot-sk-fr\/tablier-de-bistrot-vintage-blue\/#breadcrumb\"},\"inLanguage\":\"fr-FR\",\"potentialAction\":[{\"@type\":\"ReadAction\",\"target\":[\"https:\/\/trade-mueller-beta.startupblitz.de\/fr\/shop\/service-cuisine-fr\/sk-tabliers-fr\/tabliers-bistrot-sk-fr\/tablier-de-bistrot-vintage-blue\/\"]}]},{\"@type\":\"ImageObject\",\"inLanguage\":\"fr-FR\",\"@id\":\"https:\/\/trade-mueller-beta.startupblitz.de\/fr\/shop\/service-cuisine-fr\/sk-tabliers-fr\/tabliers-bistrot-sk-fr\/tablier-de-bistrot-vintage-blue\/#primaryimage\",\"url\":\"https:\/\/trade-mueller-beta.startupblitz.de\/wp-content\/uploads\/sites\/2\/VS-9_15_b_front.jpg\",\"contentUrl\":\"https:\/\/trade-mueller-beta.startupblitz.de\/wp-content\/uploads\/sites\/2\/VS-9_15_b_front.jpg\",\"width\":800,\"height\":1200},{\"@type\":\"BreadcrumbList\",\"@id\":\"https:\/\/trade-mueller-beta.startupblitz.de\/fr\/shop\/service-cuisine-fr\/sk-tabliers-fr\/tabliers-bistrot-sk-fr\/tablier-de-bistrot-vintage-blue\/#breadcrumb\",\"itemListElement\":[{\"@type\":\"ListItem\",\"position\":1,\"name\":\"Startseite\",\"item\":\"https:\/\/trade-mueller-beta.startupblitz.de\/fr\/\"},{\"@type\":\"ListItem\",\"position\":2,\"name\":\"Shop\",\"item\":\"https:\/\/trade-mueller-beta.startupblitz.de\/fr\/shop\/\"},{\"@type\":\"ListItem\",\"position\":3,\"name\":\"Tablier de bistrot, vintage-blue\"}]},{\"@type\":\"WebSite\",\"@id\":\"https:\/\/trade-mueller-beta.startupblitz.de\/fr\/#website\",\"url\":\"https:\/\/trade-mueller-beta.startupblitz.de\/fr\/\",\"name\":\"M\u00fcller Trade\",\"description\":\"VOTRE BOUTIQUE B2B DE V\u00caTEMENTS PROFESSIONNELS\",\"publisher\":{\"@id\":\"https:\/\/trade-mueller-beta.startupblitz.de\/fr\/#organization\"},\"potentialAction\":[{\"@type\":\"SearchAction\",\"target\":{\"@type\":\"EntryPoint\",\"urlTemplate\":\"https:\/\/trade-mueller-beta.startupblitz.de\/fr\/?s={search_term_string}\"},\"query-input\":{\"@type\":\"PropertyValueSpecification\",\"valueRequired\":true,\"valueName\":\"search_term_string\"}}],\"inLanguage\":\"fr-FR\"},{\"@type\":\"Organization\",\"@id\":\"https:\/\/trade-mueller-beta.startupblitz.de\/fr\/#organization\",\"name\":\"M\u00fcller Trade Corporate Clothing\",\"url\":\"https:\/\/trade-mueller-beta.startupblitz.de\/fr\/\",\"logo\":{\"@type\":\"ImageObject\",\"inLanguage\":\"fr-FR\",\"@id\":\"https:\/\/trade-mueller-beta.startupblitz.de\/fr\/#\/schema\/logo\/image\/\",\"url\":\"https:\/\/trade-mueller-beta.startupblitz.de\/wp-content\/uploads\/sites\/2\/cropped-cropped-mt-icon.png\",\"contentUrl\":\"https:\/\/trade-mueller-beta.startupblitz.de\/wp-content\/uploads\/sites\/2\/cropped-cropped-mt-icon.png\",\"width\":512,\"height\":512,\"caption\":\"M\u00fcller Trade Corporate Clothing\"},\"image\":{\"@id\":\"https:\/\/trade-mueller-beta.startupblitz.de\/fr\/#\/schema\/logo\/image\/\"}}]}<\/script>","yoast_head_json":{"title":"Tablier de bistrot, vintage-blue - M\u00fcller Trade","description":"Tablier de bistrot, vintage-blue - M\u00fcller Trade","robots":{"index":"index","follow":"follow","max-snippet":"max-snippet:-1","max-image-preview":"max-image-preview:large","max-video-preview":"max-video-preview:-1"},"canonical":"https:\/\/trade-mueller-beta.startupblitz.de\/fr\/shop\/service-cuisine-fr\/sk-tabliers-fr\/tabliers-bistrot-sk-fr\/tablier-de-bistrot-vintage-blue\/","og_locale":"fr_FR","og_type":"article","og_title":"Tablier de bistrot, vintage-blue - M\u00fcller Trade","og_description":"Tablier de bistrot, vintage-blue - M\u00fcller Trade","og_url":"https:\/\/trade-mueller-beta.startupblitz.de\/fr\/shop\/service-cuisine-fr\/sk-tabliers-fr\/tabliers-bistrot-sk-fr\/tablier-de-bistrot-vintage-blue\/","og_site_name":"M\u00fcller Trade","article_modified_time":"2024-10-28T17:47:17+00:00","og_image":[{"width":800,"height":1200,"url":"https:\/\/trade-mueller-beta.startupblitz.de\/wp-content\/uploads\/sites\/2\/VS-9_15_b_front.jpg","type":"image\/jpeg"}],"twitter_card":"summary_large_image","schema":{"@context":"https:\/\/schema.org","@graph":[{"@type":"WebPage","@id":"https:\/\/trade-mueller-beta.startupblitz.de\/fr\/shop\/service-cuisine-fr\/sk-tabliers-fr\/tabliers-bistrot-sk-fr\/tablier-de-bistrot-vintage-blue\/","url":"https:\/\/trade-mueller-beta.startupblitz.de\/fr\/shop\/service-cuisine-fr\/sk-tabliers-fr\/tabliers-bistrot-sk-fr\/tablier-de-bistrot-vintage-blue\/","name":"Tablier de bistrot, vintage-blue - M\u00fcller Trade","isPartOf":{"@id":"https:\/\/trade-mueller-beta.startupblitz.de\/fr\/#website"},"primaryImageOfPage":{"@id":"https:\/\/trade-mueller-beta.startupblitz.de\/fr\/shop\/service-cuisine-fr\/sk-tabliers-fr\/tabliers-bistrot-sk-fr\/tablier-de-bistrot-vintage-blue\/#primaryimage"},"image":{"@id":"https:\/\/trade-mueller-beta.startupblitz.de\/fr\/shop\/service-cuisine-fr\/sk-tabliers-fr\/tabliers-bistrot-sk-fr\/tablier-de-bistrot-vintage-blue\/#primaryimage"},"thumbnailUrl":"https:\/\/trade-mueller-beta.startupblitz.de\/wp-content\/uploads\/sites\/2\/VS-9_15_b_front.jpg","datePublished":"2024-06-12T11:14:26+00:00","dateModified":"2024-10-28T17:47:17+00:00","description":"Tablier de bistrot, vintage-blue - M\u00fcller Trade","breadcrumb":{"@id":"https:\/\/trade-mueller-beta.startupblitz.de\/fr\/shop\/service-cuisine-fr\/sk-tabliers-fr\/tabliers-bistrot-sk-fr\/tablier-de-bistrot-vintage-blue\/#breadcrumb"},"inLanguage":"fr-FR","potentialAction":[{"@type":"ReadAction","target":["https:\/\/trade-mueller-beta.startupblitz.de\/fr\/shop\/service-cuisine-fr\/sk-tabliers-fr\/tabliers-bistrot-sk-fr\/tablier-de-bistrot-vintage-blue\/"]}]},{"@type":"ImageObject","inLanguage":"fr-FR","@id":"https:\/\/trade-mueller-beta.startupblitz.de\/fr\/shop\/service-cuisine-fr\/sk-tabliers-fr\/tabliers-bistrot-sk-fr\/tablier-de-bistrot-vintage-blue\/#primaryimage","url":"https:\/\/trade-mueller-beta.startupblitz.de\/wp-content\/uploads\/sites\/2\/VS-9_15_b_front.jpg","contentUrl":"https:\/\/trade-mueller-beta.startupblitz.de\/wp-content\/uploads\/sites\/2\/VS-9_15_b_front.jpg","width":800,"height":1200},{"@type":"BreadcrumbList","@id":"https:\/\/trade-mueller-beta.startupblitz.de\/fr\/shop\/service-cuisine-fr\/sk-tabliers-fr\/tabliers-bistrot-sk-fr\/tablier-de-bistrot-vintage-blue\/#breadcrumb","itemListElement":[{"@type":"ListItem","position":1,"name":"Startseite","item":"https:\/\/trade-mueller-beta.startupblitz.de\/fr\/"},{"@type":"ListItem","position":2,"name":"Shop","item":"https:\/\/trade-mueller-beta.startupblitz.de\/fr\/shop\/"},{"@type":"ListItem","position":3,"name":"Tablier de bistrot, vintage-blue"}]},{"@type":"WebSite","@id":"https:\/\/trade-mueller-beta.startupblitz.de\/fr\/#website","url":"https:\/\/trade-mueller-beta.startupblitz.de\/fr\/","name":"M\u00fcller Trade","description":"VOTRE BOUTIQUE B2B DE V\u00caTEMENTS PROFESSIONNELS","publisher":{"@id":"https:\/\/trade-mueller-beta.startupblitz.de\/fr\/#organization"},"potentialAction":[{"@type":"SearchAction","target":{"@type":"EntryPoint","urlTemplate":"https:\/\/trade-mueller-beta.startupblitz.de\/fr\/?s={search_term_string}"},"query-input":{"@type":"PropertyValueSpecification","valueRequired":true,"valueName":"search_term_string"}}],"inLanguage":"fr-FR"},{"@type":"Organization","@id":"https:\/\/trade-mueller-beta.startupblitz.de\/fr\/#organization","name":"M\u00fcller Trade Corporate Clothing","url":"https:\/\/trade-mueller-beta.startupblitz.de\/fr\/","logo":{"@type":"ImageObject","inLanguage":"fr-FR","@id":"https:\/\/trade-mueller-beta.startupblitz.de\/fr\/#\/schema\/logo\/image\/","url":"https:\/\/trade-mueller-beta.startupblitz.de\/wp-content\/uploads\/sites\/2\/cropped-cropped-mt-icon.png","contentUrl":"https:\/\/trade-mueller-beta.startupblitz.de\/wp-content\/uploads\/sites\/2\/cropped-cropped-mt-icon.png","width":512,"height":512,"caption":"M\u00fcller Trade Corporate Clothing"},"image":{"@id":"https:\/\/trade-mueller-beta.startupblitz.de\/fr\/#\/schema\/logo\/image\/"}}]}},"acf":[],"brands":[{"id":4566,"name":"Karlowsky","slug":"karlowsky-fr"}],"_links":{"self":[{"href":"https:\/\/trade-mueller-beta.startupblitz.de\/fr\/wp-json\/wp\/v2\/product\/246286"}],"collection":[{"href":"https:\/\/trade-mueller-beta.startupblitz.de\/fr\/wp-json\/wp\/v2\/product"}],"about":[{"href":"https:\/\/trade-mueller-beta.startupblitz.de\/fr\/wp-json\/wp\/v2\/types\/product"}],"wp:featuredmedia":[{"embeddable":true,"href":"https:\/\/trade-mueller-beta.startupblitz.de\/fr\/wp-json\/wp\/v2\/media\/55450"}],"wp:attachment":[{"href":"https:\/\/trade-mueller-beta.startupblitz.de\/fr\/wp-json\/wp\/v2\/media?parent=246286"}],"wp:term":[{"taxonomy":"pwb-brand","embeddable":true,"href":"https:\/\/trade-mueller-beta.startupblitz.de\/fr\/wp-json\/wp\/v2\/pwb-brand?post=246286"},{"taxonomy":"product_cat","embeddable":true,"href":"https:\/\/trade-mueller-beta.startupblitz.de\/fr\/wp-json\/wp\/v2\/product_cat?post=246286"},{"taxonomy":"product_tag","embeddable":true,"href":"https:\/\/trade-mueller-beta.startupblitz.de\/fr\/wp-json\/wp\/v2\/product_tag?post=246286"}],"curies":[{"name":"wp","href":"https:\/\/api.w.org\/{rel}","templated":true}]}}