{"id":246797,"date":"2024-06-12T16:12:55","date_gmt":"2024-06-12T14:12:55","guid":{"rendered":"https:\/\/trade-mueller-beta.startupblitz.de\/shop\/unkategorisiert\/unisex-kasack-3\/"},"modified":"2024-10-28T18:46:41","modified_gmt":"2024-10-28T17:46:41","slug":"unisex-kasack-2","status":"publish","type":"product","link":"https:\/\/trade-mueller-beta.startupblitz.de\/fr\/shop\/wellness-spa-fr\/tuniques-casaques-ws-fr\/manches-courtes-fr\/unisex-kasack-2\/","title":{"rendered":"Unisex-Kasack"},"content":{"rendered":"<\/p>\n<ul>\n<li>V-Ausschnitt<\/li>\n<li>Raglan\u00e4rmel<\/li>\n<li>1 Brusttasche<\/li>\n<li>2 H\u00fcfttasche<\/li>\n<li>Ergonomisch korrekt platzierte H\u00fcfttaschen<\/li>\n<li>Seitenschlitze<\/li>\n<\/ul>\n<ul>\n<li style=\"list-style-type: none\">Gr.: XS &#8211; 4XL<\/li>\n<li><\/li>\n<li style=\"list-style-type: none\">65% Polyester, 35% Baumwolle, 175 g\/m<sup>2<\/sup><\/li>\n<li><\/li>\n<\/ul>\n","protected":false},"excerpt":{"rendered":"<p>V-Ausschnitt Raglan\u00e4rmel 1 Brusttasche 2 H\u00fcfttasche Ergonomisch korrekt platzierte H\u00fcfttaschen Seitenschlitze Gr.: XS &#8211; 4XL 65% Polyester, 35% Baumwolle, 175 g\/m2 [&#8230;]<\/p>\n<p><a class=\"btn btn-secondary understrap-read-more-link\" href=\"https:\/\/trade-mueller-beta.startupblitz.de\/fr\/shop\/wellness-spa-fr\/tuniques-casaques-ws-fr\/manches-courtes-fr\/unisex-kasack-2\/\">plus<span class=\"screen-reader-text\"> from Unisex-Kasack<\/span><\/a><\/p>\n","protected":false},"featured_media":57861,"template":"","meta":{"_acf_changed":false,"inline_featured_image":false},"pwb-brand":[4559],"product_cat":[1262,3377,3501,3387,3507,3454,3465,3463],"product_tag":[],"class_list":{"0":"post-246797","1":"product","2":"type-product","3":"status-publish","4":"has-post-thumbnail","6":"pwb-brand-kentaur-fr","7":"product_cat-tout","8":"product_cat-tuniques-casaques","9":"product_cat-wellness-spa-fr","10":"product_cat-manches-courtes-fr","11":"product_cat-tuniques-casaques-ws-fr","12":"product_cat-medical-fr","13":"product_cat-manches-courtes-medical-fr","14":"product_cat-tuniques-casaques-medical-fr","15":"pa_color-7773-virtualcross-sombre","16":"pa_color-group-anthracite-gris","17":"pa_gender-femmes","18":"pa_gender-hommes","19":"pa_size-international-xs-fr","20":"pa_size-international-s-fr","21":"pa_size-international-m-fr","22":"pa_size-international-l-fr","23":"pa_size-international-xl-fr","24":"pa_size-international-xxl-fr","25":"pa_size-international-3xl-fr","26":"pa_size-international-4xl-fr","28":"first","29":"instock","30":"taxable","31":"shipping-taxable","32":"purchasable","33":"product-type-variable"},"yoast_head":"<title>Unisex-Kasack - M\u00fcller Trade<\/title>\n<meta name=\"description\" content=\"Unisex-Kasack - M\u00fcller Trade\" \/>\n<meta name=\"robots\" content=\"index, follow, max-snippet:-1, max-image-preview:large, max-video-preview:-1\" \/>\n<link rel=\"canonical\" href=\"https:\/\/trade-mueller-beta.startupblitz.de\/fr\/shop\/wellness-spa-fr\/tuniques-casaques-ws-fr\/manches-courtes-fr\/unisex-kasack-2\/\" \/>\n<meta property=\"og:locale\" content=\"fr_FR\" \/>\n<meta property=\"og:type\" content=\"article\" \/>\n<meta property=\"og:title\" content=\"Unisex-Kasack - M\u00fcller Trade\" \/>\n<meta property=\"og:description\" content=\"Unisex-Kasack - M\u00fcller Trade\" \/>\n<meta property=\"og:url\" content=\"https:\/\/trade-mueller-beta.startupblitz.de\/fr\/shop\/wellness-spa-fr\/tuniques-casaques-ws-fr\/manches-courtes-fr\/unisex-kasack-2\/\" \/>\n<meta property=\"og:site_name\" content=\"M\u00fcller Trade\" \/>\n<meta property=\"article:modified_time\" content=\"2024-10-28T17:46:41+00:00\" \/>\n<meta property=\"og:image\" content=\"https:\/\/trade-mueller-beta.startupblitz.de\/wp-content\/uploads\/sites\/2\/25353-105-0-0-7773-Lo-Res_1.jpg\" \/>\n\t<meta property=\"og:image:width\" content=\"801\" \/>\n\t<meta property=\"og:image:height\" content=\"1200\" \/>\n\t<meta property=\"og:image:type\" content=\"image\/jpeg\" \/>\n<meta name=\"twitter:card\" content=\"summary_large_image\" \/>\n<script type=\"application\/ld+json\" class=\"yoast-schema-graph\">{\"@context\":\"https:\/\/schema.org\",\"@graph\":[{\"@type\":\"WebPage\",\"@id\":\"https:\/\/trade-mueller-beta.startupblitz.de\/fr\/shop\/wellness-spa-fr\/tuniques-casaques-ws-fr\/manches-courtes-fr\/unisex-kasack-2\/\",\"url\":\"https:\/\/trade-mueller-beta.startupblitz.de\/fr\/shop\/wellness-spa-fr\/tuniques-casaques-ws-fr\/manches-courtes-fr\/unisex-kasack-2\/\",\"name\":\"Unisex-Kasack - M\u00fcller Trade\",\"isPartOf\":{\"@id\":\"https:\/\/trade-mueller-beta.startupblitz.de\/fr\/#website\"},\"primaryImageOfPage\":{\"@id\":\"https:\/\/trade-mueller-beta.startupblitz.de\/fr\/shop\/wellness-spa-fr\/tuniques-casaques-ws-fr\/manches-courtes-fr\/unisex-kasack-2\/#primaryimage\"},\"image\":{\"@id\":\"https:\/\/trade-mueller-beta.startupblitz.de\/fr\/shop\/wellness-spa-fr\/tuniques-casaques-ws-fr\/manches-courtes-fr\/unisex-kasack-2\/#primaryimage\"},\"thumbnailUrl\":\"https:\/\/trade-mueller-beta.startupblitz.de\/wp-content\/uploads\/sites\/2\/25353-105-0-0-7773-Lo-Res_1.jpg\",\"datePublished\":\"2024-06-12T14:12:55+00:00\",\"dateModified\":\"2024-10-28T17:46:41+00:00\",\"description\":\"Unisex-Kasack - M\u00fcller Trade\",\"breadcrumb\":{\"@id\":\"https:\/\/trade-mueller-beta.startupblitz.de\/fr\/shop\/wellness-spa-fr\/tuniques-casaques-ws-fr\/manches-courtes-fr\/unisex-kasack-2\/#breadcrumb\"},\"inLanguage\":\"fr-FR\",\"potentialAction\":[{\"@type\":\"ReadAction\",\"target\":[\"https:\/\/trade-mueller-beta.startupblitz.de\/fr\/shop\/wellness-spa-fr\/tuniques-casaques-ws-fr\/manches-courtes-fr\/unisex-kasack-2\/\"]}]},{\"@type\":\"ImageObject\",\"inLanguage\":\"fr-FR\",\"@id\":\"https:\/\/trade-mueller-beta.startupblitz.de\/fr\/shop\/wellness-spa-fr\/tuniques-casaques-ws-fr\/manches-courtes-fr\/unisex-kasack-2\/#primaryimage\",\"url\":\"https:\/\/trade-mueller-beta.startupblitz.de\/wp-content\/uploads\/sites\/2\/25353-105-0-0-7773-Lo-Res_1.jpg\",\"contentUrl\":\"https:\/\/trade-mueller-beta.startupblitz.de\/wp-content\/uploads\/sites\/2\/25353-105-0-0-7773-Lo-Res_1.jpg\",\"width\":801,\"height\":1200},{\"@type\":\"BreadcrumbList\",\"@id\":\"https:\/\/trade-mueller-beta.startupblitz.de\/fr\/shop\/wellness-spa-fr\/tuniques-casaques-ws-fr\/manches-courtes-fr\/unisex-kasack-2\/#breadcrumb\",\"itemListElement\":[{\"@type\":\"ListItem\",\"position\":1,\"name\":\"Startseite\",\"item\":\"https:\/\/trade-mueller-beta.startupblitz.de\/fr\/\"},{\"@type\":\"ListItem\",\"position\":2,\"name\":\"Shop\",\"item\":\"https:\/\/trade-mueller-beta.startupblitz.de\/fr\/shop\/\"},{\"@type\":\"ListItem\",\"position\":3,\"name\":\"Unisex-Kasack\"}]},{\"@type\":\"WebSite\",\"@id\":\"https:\/\/trade-mueller-beta.startupblitz.de\/fr\/#website\",\"url\":\"https:\/\/trade-mueller-beta.startupblitz.de\/fr\/\",\"name\":\"M\u00fcller Trade\",\"description\":\"VOTRE BOUTIQUE B2B DE V\u00caTEMENTS PROFESSIONNELS\",\"publisher\":{\"@id\":\"https:\/\/trade-mueller-beta.startupblitz.de\/fr\/#organization\"},\"potentialAction\":[{\"@type\":\"SearchAction\",\"target\":{\"@type\":\"EntryPoint\",\"urlTemplate\":\"https:\/\/trade-mueller-beta.startupblitz.de\/fr\/?s={search_term_string}\"},\"query-input\":{\"@type\":\"PropertyValueSpecification\",\"valueRequired\":true,\"valueName\":\"search_term_string\"}}],\"inLanguage\":\"fr-FR\"},{\"@type\":\"Organization\",\"@id\":\"https:\/\/trade-mueller-beta.startupblitz.de\/fr\/#organization\",\"name\":\"M\u00fcller Trade Corporate Clothing\",\"url\":\"https:\/\/trade-mueller-beta.startupblitz.de\/fr\/\",\"logo\":{\"@type\":\"ImageObject\",\"inLanguage\":\"fr-FR\",\"@id\":\"https:\/\/trade-mueller-beta.startupblitz.de\/fr\/#\/schema\/logo\/image\/\",\"url\":\"https:\/\/trade-mueller-beta.startupblitz.de\/wp-content\/uploads\/sites\/2\/cropped-cropped-mt-icon.png\",\"contentUrl\":\"https:\/\/trade-mueller-beta.startupblitz.de\/wp-content\/uploads\/sites\/2\/cropped-cropped-mt-icon.png\",\"width\":512,\"height\":512,\"caption\":\"M\u00fcller Trade Corporate Clothing\"},\"image\":{\"@id\":\"https:\/\/trade-mueller-beta.startupblitz.de\/fr\/#\/schema\/logo\/image\/\"}}]}<\/script>","yoast_head_json":{"title":"Unisex-Kasack - M\u00fcller Trade","description":"Unisex-Kasack - M\u00fcller Trade","robots":{"index":"index","follow":"follow","max-snippet":"max-snippet:-1","max-image-preview":"max-image-preview:large","max-video-preview":"max-video-preview:-1"},"canonical":"https:\/\/trade-mueller-beta.startupblitz.de\/fr\/shop\/wellness-spa-fr\/tuniques-casaques-ws-fr\/manches-courtes-fr\/unisex-kasack-2\/","og_locale":"fr_FR","og_type":"article","og_title":"Unisex-Kasack - M\u00fcller Trade","og_description":"Unisex-Kasack - M\u00fcller Trade","og_url":"https:\/\/trade-mueller-beta.startupblitz.de\/fr\/shop\/wellness-spa-fr\/tuniques-casaques-ws-fr\/manches-courtes-fr\/unisex-kasack-2\/","og_site_name":"M\u00fcller Trade","article_modified_time":"2024-10-28T17:46:41+00:00","og_image":[{"width":801,"height":1200,"url":"https:\/\/trade-mueller-beta.startupblitz.de\/wp-content\/uploads\/sites\/2\/25353-105-0-0-7773-Lo-Res_1.jpg","type":"image\/jpeg"}],"twitter_card":"summary_large_image","schema":{"@context":"https:\/\/schema.org","@graph":[{"@type":"WebPage","@id":"https:\/\/trade-mueller-beta.startupblitz.de\/fr\/shop\/wellness-spa-fr\/tuniques-casaques-ws-fr\/manches-courtes-fr\/unisex-kasack-2\/","url":"https:\/\/trade-mueller-beta.startupblitz.de\/fr\/shop\/wellness-spa-fr\/tuniques-casaques-ws-fr\/manches-courtes-fr\/unisex-kasack-2\/","name":"Unisex-Kasack - M\u00fcller Trade","isPartOf":{"@id":"https:\/\/trade-mueller-beta.startupblitz.de\/fr\/#website"},"primaryImageOfPage":{"@id":"https:\/\/trade-mueller-beta.startupblitz.de\/fr\/shop\/wellness-spa-fr\/tuniques-casaques-ws-fr\/manches-courtes-fr\/unisex-kasack-2\/#primaryimage"},"image":{"@id":"https:\/\/trade-mueller-beta.startupblitz.de\/fr\/shop\/wellness-spa-fr\/tuniques-casaques-ws-fr\/manches-courtes-fr\/unisex-kasack-2\/#primaryimage"},"thumbnailUrl":"https:\/\/trade-mueller-beta.startupblitz.de\/wp-content\/uploads\/sites\/2\/25353-105-0-0-7773-Lo-Res_1.jpg","datePublished":"2024-06-12T14:12:55+00:00","dateModified":"2024-10-28T17:46:41+00:00","description":"Unisex-Kasack - M\u00fcller Trade","breadcrumb":{"@id":"https:\/\/trade-mueller-beta.startupblitz.de\/fr\/shop\/wellness-spa-fr\/tuniques-casaques-ws-fr\/manches-courtes-fr\/unisex-kasack-2\/#breadcrumb"},"inLanguage":"fr-FR","potentialAction":[{"@type":"ReadAction","target":["https:\/\/trade-mueller-beta.startupblitz.de\/fr\/shop\/wellness-spa-fr\/tuniques-casaques-ws-fr\/manches-courtes-fr\/unisex-kasack-2\/"]}]},{"@type":"ImageObject","inLanguage":"fr-FR","@id":"https:\/\/trade-mueller-beta.startupblitz.de\/fr\/shop\/wellness-spa-fr\/tuniques-casaques-ws-fr\/manches-courtes-fr\/unisex-kasack-2\/#primaryimage","url":"https:\/\/trade-mueller-beta.startupblitz.de\/wp-content\/uploads\/sites\/2\/25353-105-0-0-7773-Lo-Res_1.jpg","contentUrl":"https:\/\/trade-mueller-beta.startupblitz.de\/wp-content\/uploads\/sites\/2\/25353-105-0-0-7773-Lo-Res_1.jpg","width":801,"height":1200},{"@type":"BreadcrumbList","@id":"https:\/\/trade-mueller-beta.startupblitz.de\/fr\/shop\/wellness-spa-fr\/tuniques-casaques-ws-fr\/manches-courtes-fr\/unisex-kasack-2\/#breadcrumb","itemListElement":[{"@type":"ListItem","position":1,"name":"Startseite","item":"https:\/\/trade-mueller-beta.startupblitz.de\/fr\/"},{"@type":"ListItem","position":2,"name":"Shop","item":"https:\/\/trade-mueller-beta.startupblitz.de\/fr\/shop\/"},{"@type":"ListItem","position":3,"name":"Unisex-Kasack"}]},{"@type":"WebSite","@id":"https:\/\/trade-mueller-beta.startupblitz.de\/fr\/#website","url":"https:\/\/trade-mueller-beta.startupblitz.de\/fr\/","name":"M\u00fcller Trade","description":"VOTRE BOUTIQUE B2B DE V\u00caTEMENTS PROFESSIONNELS","publisher":{"@id":"https:\/\/trade-mueller-beta.startupblitz.de\/fr\/#organization"},"potentialAction":[{"@type":"SearchAction","target":{"@type":"EntryPoint","urlTemplate":"https:\/\/trade-mueller-beta.startupblitz.de\/fr\/?s={search_term_string}"},"query-input":{"@type":"PropertyValueSpecification","valueRequired":true,"valueName":"search_term_string"}}],"inLanguage":"fr-FR"},{"@type":"Organization","@id":"https:\/\/trade-mueller-beta.startupblitz.de\/fr\/#organization","name":"M\u00fcller Trade Corporate Clothing","url":"https:\/\/trade-mueller-beta.startupblitz.de\/fr\/","logo":{"@type":"ImageObject","inLanguage":"fr-FR","@id":"https:\/\/trade-mueller-beta.startupblitz.de\/fr\/#\/schema\/logo\/image\/","url":"https:\/\/trade-mueller-beta.startupblitz.de\/wp-content\/uploads\/sites\/2\/cropped-cropped-mt-icon.png","contentUrl":"https:\/\/trade-mueller-beta.startupblitz.de\/wp-content\/uploads\/sites\/2\/cropped-cropped-mt-icon.png","width":512,"height":512,"caption":"M\u00fcller Trade Corporate Clothing"},"image":{"@id":"https:\/\/trade-mueller-beta.startupblitz.de\/fr\/#\/schema\/logo\/image\/"}}]}},"acf":[],"brands":[{"id":4559,"name":"Kentaur","slug":"kentaur-fr"}],"_links":{"self":[{"href":"https:\/\/trade-mueller-beta.startupblitz.de\/fr\/wp-json\/wp\/v2\/product\/246797"}],"collection":[{"href":"https:\/\/trade-mueller-beta.startupblitz.de\/fr\/wp-json\/wp\/v2\/product"}],"about":[{"href":"https:\/\/trade-mueller-beta.startupblitz.de\/fr\/wp-json\/wp\/v2\/types\/product"}],"wp:featuredmedia":[{"embeddable":true,"href":"https:\/\/trade-mueller-beta.startupblitz.de\/fr\/wp-json\/wp\/v2\/media\/57861"}],"wp:attachment":[{"href":"https:\/\/trade-mueller-beta.startupblitz.de\/fr\/wp-json\/wp\/v2\/media?parent=246797"}],"wp:term":[{"taxonomy":"pwb-brand","embeddable":true,"href":"https:\/\/trade-mueller-beta.startupblitz.de\/fr\/wp-json\/wp\/v2\/pwb-brand?post=246797"},{"taxonomy":"product_cat","embeddable":true,"href":"https:\/\/trade-mueller-beta.startupblitz.de\/fr\/wp-json\/wp\/v2\/product_cat?post=246797"},{"taxonomy":"product_tag","embeddable":true,"href":"https:\/\/trade-mueller-beta.startupblitz.de\/fr\/wp-json\/wp\/v2\/product_tag?post=246797"}],"curies":[{"name":"wp","href":"https:\/\/api.w.org\/{rel}","templated":true}]}}