{"id":249437,"date":"2024-06-11T21:49:45","date_gmt":"2024-06-11T19:49:45","guid":{"rendered":"https:\/\/trade-mueller-beta.startupblitz.de\/shop\/unkategorisiert\/robe-enveloppante-femme\/"},"modified":"2024-10-28T19:17:03","modified_gmt":"2024-10-28T18:17:03","slug":"robe-enveloppante-femme","status":"publish","type":"product","link":"https:\/\/trade-mueller-beta.startupblitz.de\/fr\/shop\/wellness-spa-fr\/robes-ws-fr\/robe-enveloppante-femme\/","title":{"rendered":"Robe enveloppante femme"},"content":{"rendered":"<\/p>\n<ul>\n<li>Col montant, d&rsquo;une couleur contrast\u00e9e<\/li>\n<li>manches mi-longues<\/li>\n<li>poche lat\u00e9rale<\/li>\n<li>tr\u00e8s confortable<\/li>\n<li>drapage sur le vente<\/li>\n<\/ul>\n<p>tailles: XS &#8211; XL<\/p>\n<ul>\n<li>62% viscose, 32% polyamide, 6%\u00a0\u00e9lasthanne<\/li>\n<li>col: 95% coton, 5% \u00e9lasthanne<\/li>\n<\/ul>\n<p class=\"care-icons\">b 9 4 n_W<\/p><\/p>\n","protected":false},"excerpt":{"rendered":"<p>Col montant, d&rsquo;une couleur contrast\u00e9e manches mi-longues poche lat\u00e9rale tr\u00e8s confortable drapage sur le vente tailles: XS &#8211; XL 62% viscose, 32% polyamide, 6%\u00a0\u00e9lasthanne col: 95% coton, 5% \u00e9lasthanne b 9 4 n_W [&#8230;]<\/p>\n<p><a class=\"btn btn-secondary understrap-read-more-link\" href=\"https:\/\/trade-mueller-beta.startupblitz.de\/fr\/shop\/wellness-spa-fr\/robes-ws-fr\/robe-enveloppante-femme\/\">plus<span class=\"screen-reader-text\"> from Robe enveloppante femme<\/span><\/a><\/p>\n","protected":false},"featured_media":263611,"template":"","meta":{"_acf_changed":false,"inline_featured_image":false},"pwb-brand":[4561],"product_cat":[1262,3364,3501,3503],"product_tag":[],"class_list":{"0":"post-249437","1":"product","2":"type-product","3":"status-publish","4":"has-post-thumbnail","6":"pwb-brand-pure-fr","7":"product_cat-tout","8":"product_cat-robes","9":"product_cat-wellness-spa-fr","10":"product_cat-robes-ws-fr","11":"pa_color-noir-sable","12":"pa_color-group-noir","13":"pa_gender-femmes","14":"pa_size-international-xs-fr","15":"pa_size-international-s-fr","16":"pa_size-international-m-fr","17":"pa_size-international-l-fr","18":"pa_size-international-xl-fr","20":"first","21":"instock","22":"taxable","23":"shipping-taxable","24":"purchasable","25":"product-type-variable"},"yoast_head":"<title>Robe enveloppante femme - M\u00fcller Trade<\/title>\n<meta name=\"description\" content=\"Robe enveloppante femme - M\u00fcller Trade\" \/>\n<meta name=\"robots\" content=\"index, follow, max-snippet:-1, max-image-preview:large, max-video-preview:-1\" \/>\n<link rel=\"canonical\" href=\"https:\/\/trade-mueller-beta.startupblitz.de\/fr\/shop\/wellness-spa-fr\/robes-ws-fr\/robe-enveloppante-femme\/\" \/>\n<meta property=\"og:locale\" content=\"fr_FR\" \/>\n<meta property=\"og:type\" content=\"article\" \/>\n<meta property=\"og:title\" content=\"Robe enveloppante femme - M\u00fcller Trade\" \/>\n<meta property=\"og:description\" content=\"Robe enveloppante femme - M\u00fcller Trade\" \/>\n<meta property=\"og:url\" content=\"https:\/\/trade-mueller-beta.startupblitz.de\/fr\/shop\/wellness-spa-fr\/robes-ws-fr\/robe-enveloppante-femme\/\" \/>\n<meta property=\"og:site_name\" content=\"M\u00fcller Trade\" \/>\n<meta property=\"article:modified_time\" content=\"2024-10-28T18:17:03+00:00\" \/>\n<meta name=\"twitter:card\" content=\"summary_large_image\" \/>\n<script type=\"application\/ld+json\" class=\"yoast-schema-graph\">{\"@context\":\"https:\/\/schema.org\",\"@graph\":[{\"@type\":\"WebPage\",\"@id\":\"https:\/\/trade-mueller-beta.startupblitz.de\/fr\/shop\/wellness-spa-fr\/robes-ws-fr\/robe-enveloppante-femme\/\",\"url\":\"https:\/\/trade-mueller-beta.startupblitz.de\/fr\/shop\/wellness-spa-fr\/robes-ws-fr\/robe-enveloppante-femme\/\",\"name\":\"Robe enveloppante femme - M\u00fcller Trade\",\"isPartOf\":{\"@id\":\"https:\/\/trade-mueller-beta.startupblitz.de\/fr\/#website\"},\"primaryImageOfPage\":{\"@id\":\"https:\/\/trade-mueller-beta.startupblitz.de\/fr\/shop\/wellness-spa-fr\/robes-ws-fr\/robe-enveloppante-femme\/#primaryimage\"},\"image\":{\"@id\":\"https:\/\/trade-mueller-beta.startupblitz.de\/fr\/shop\/wellness-spa-fr\/robes-ws-fr\/robe-enveloppante-femme\/#primaryimage\"},\"thumbnailUrl\":\"https:\/\/trade-mueller-beta.startupblitz.de\/wp-content\/uploads\/sites\/2\/2024\/10\/leya-kasack-wickelkleid-mit-stehkragen-schwarz-mit-kragen-sand-pure-berufsbekleidung-01.jpg\",\"datePublished\":\"2024-06-11T19:49:45+00:00\",\"dateModified\":\"2024-10-28T18:17:03+00:00\",\"description\":\"Robe enveloppante femme - M\u00fcller Trade\",\"breadcrumb\":{\"@id\":\"https:\/\/trade-mueller-beta.startupblitz.de\/fr\/shop\/wellness-spa-fr\/robes-ws-fr\/robe-enveloppante-femme\/#breadcrumb\"},\"inLanguage\":\"fr-FR\",\"potentialAction\":[{\"@type\":\"ReadAction\",\"target\":[\"https:\/\/trade-mueller-beta.startupblitz.de\/fr\/shop\/wellness-spa-fr\/robes-ws-fr\/robe-enveloppante-femme\/\"]}]},{\"@type\":\"ImageObject\",\"inLanguage\":\"fr-FR\",\"@id\":\"https:\/\/trade-mueller-beta.startupblitz.de\/fr\/shop\/wellness-spa-fr\/robes-ws-fr\/robe-enveloppante-femme\/#primaryimage\",\"url\":\"https:\/\/trade-mueller-beta.startupblitz.de\/wp-content\/uploads\/sites\/2\/2024\/10\/leya-kasack-wickelkleid-mit-stehkragen-schwarz-mit-kragen-sand-pure-berufsbekleidung-01.jpg\",\"contentUrl\":\"https:\/\/trade-mueller-beta.startupblitz.de\/wp-content\/uploads\/sites\/2\/2024\/10\/leya-kasack-wickelkleid-mit-stehkragen-schwarz-mit-kragen-sand-pure-berufsbekleidung-01.jpg\",\"width\":1000,\"height\":1464},{\"@type\":\"BreadcrumbList\",\"@id\":\"https:\/\/trade-mueller-beta.startupblitz.de\/fr\/shop\/wellness-spa-fr\/robes-ws-fr\/robe-enveloppante-femme\/#breadcrumb\",\"itemListElement\":[{\"@type\":\"ListItem\",\"position\":1,\"name\":\"Startseite\",\"item\":\"https:\/\/trade-mueller-beta.startupblitz.de\/fr\/\"},{\"@type\":\"ListItem\",\"position\":2,\"name\":\"Shop\",\"item\":\"https:\/\/trade-mueller-beta.startupblitz.de\/fr\/shop\/\"},{\"@type\":\"ListItem\",\"position\":3,\"name\":\"Robe enveloppante femme\"}]},{\"@type\":\"WebSite\",\"@id\":\"https:\/\/trade-mueller-beta.startupblitz.de\/fr\/#website\",\"url\":\"https:\/\/trade-mueller-beta.startupblitz.de\/fr\/\",\"name\":\"M\u00fcller Trade\",\"description\":\"VOTRE BOUTIQUE B2B DE V\u00caTEMENTS PROFESSIONNELS\",\"publisher\":{\"@id\":\"https:\/\/trade-mueller-beta.startupblitz.de\/fr\/#organization\"},\"potentialAction\":[{\"@type\":\"SearchAction\",\"target\":{\"@type\":\"EntryPoint\",\"urlTemplate\":\"https:\/\/trade-mueller-beta.startupblitz.de\/fr\/?s={search_term_string}\"},\"query-input\":{\"@type\":\"PropertyValueSpecification\",\"valueRequired\":true,\"valueName\":\"search_term_string\"}}],\"inLanguage\":\"fr-FR\"},{\"@type\":\"Organization\",\"@id\":\"https:\/\/trade-mueller-beta.startupblitz.de\/fr\/#organization\",\"name\":\"M\u00fcller Trade Corporate Clothing\",\"url\":\"https:\/\/trade-mueller-beta.startupblitz.de\/fr\/\",\"logo\":{\"@type\":\"ImageObject\",\"inLanguage\":\"fr-FR\",\"@id\":\"https:\/\/trade-mueller-beta.startupblitz.de\/fr\/#\/schema\/logo\/image\/\",\"url\":\"https:\/\/trade-mueller-beta.startupblitz.de\/wp-content\/uploads\/sites\/2\/cropped-cropped-mt-icon.png\",\"contentUrl\":\"https:\/\/trade-mueller-beta.startupblitz.de\/wp-content\/uploads\/sites\/2\/cropped-cropped-mt-icon.png\",\"width\":512,\"height\":512,\"caption\":\"M\u00fcller Trade Corporate Clothing\"},\"image\":{\"@id\":\"https:\/\/trade-mueller-beta.startupblitz.de\/fr\/#\/schema\/logo\/image\/\"}}]}<\/script>","yoast_head_json":{"title":"Robe enveloppante femme - M\u00fcller Trade","description":"Robe enveloppante femme - M\u00fcller Trade","robots":{"index":"index","follow":"follow","max-snippet":"max-snippet:-1","max-image-preview":"max-image-preview:large","max-video-preview":"max-video-preview:-1"},"canonical":"https:\/\/trade-mueller-beta.startupblitz.de\/fr\/shop\/wellness-spa-fr\/robes-ws-fr\/robe-enveloppante-femme\/","og_locale":"fr_FR","og_type":"article","og_title":"Robe enveloppante femme - M\u00fcller Trade","og_description":"Robe enveloppante femme - M\u00fcller Trade","og_url":"https:\/\/trade-mueller-beta.startupblitz.de\/fr\/shop\/wellness-spa-fr\/robes-ws-fr\/robe-enveloppante-femme\/","og_site_name":"M\u00fcller Trade","article_modified_time":"2024-10-28T18:17:03+00:00","twitter_card":"summary_large_image","schema":{"@context":"https:\/\/schema.org","@graph":[{"@type":"WebPage","@id":"https:\/\/trade-mueller-beta.startupblitz.de\/fr\/shop\/wellness-spa-fr\/robes-ws-fr\/robe-enveloppante-femme\/","url":"https:\/\/trade-mueller-beta.startupblitz.de\/fr\/shop\/wellness-spa-fr\/robes-ws-fr\/robe-enveloppante-femme\/","name":"Robe enveloppante femme - M\u00fcller Trade","isPartOf":{"@id":"https:\/\/trade-mueller-beta.startupblitz.de\/fr\/#website"},"primaryImageOfPage":{"@id":"https:\/\/trade-mueller-beta.startupblitz.de\/fr\/shop\/wellness-spa-fr\/robes-ws-fr\/robe-enveloppante-femme\/#primaryimage"},"image":{"@id":"https:\/\/trade-mueller-beta.startupblitz.de\/fr\/shop\/wellness-spa-fr\/robes-ws-fr\/robe-enveloppante-femme\/#primaryimage"},"thumbnailUrl":"https:\/\/trade-mueller-beta.startupblitz.de\/wp-content\/uploads\/sites\/2\/2024\/10\/leya-kasack-wickelkleid-mit-stehkragen-schwarz-mit-kragen-sand-pure-berufsbekleidung-01.jpg","datePublished":"2024-06-11T19:49:45+00:00","dateModified":"2024-10-28T18:17:03+00:00","description":"Robe enveloppante femme - M\u00fcller Trade","breadcrumb":{"@id":"https:\/\/trade-mueller-beta.startupblitz.de\/fr\/shop\/wellness-spa-fr\/robes-ws-fr\/robe-enveloppante-femme\/#breadcrumb"},"inLanguage":"fr-FR","potentialAction":[{"@type":"ReadAction","target":["https:\/\/trade-mueller-beta.startupblitz.de\/fr\/shop\/wellness-spa-fr\/robes-ws-fr\/robe-enveloppante-femme\/"]}]},{"@type":"ImageObject","inLanguage":"fr-FR","@id":"https:\/\/trade-mueller-beta.startupblitz.de\/fr\/shop\/wellness-spa-fr\/robes-ws-fr\/robe-enveloppante-femme\/#primaryimage","url":"https:\/\/trade-mueller-beta.startupblitz.de\/wp-content\/uploads\/sites\/2\/2024\/10\/leya-kasack-wickelkleid-mit-stehkragen-schwarz-mit-kragen-sand-pure-berufsbekleidung-01.jpg","contentUrl":"https:\/\/trade-mueller-beta.startupblitz.de\/wp-content\/uploads\/sites\/2\/2024\/10\/leya-kasack-wickelkleid-mit-stehkragen-schwarz-mit-kragen-sand-pure-berufsbekleidung-01.jpg","width":1000,"height":1464},{"@type":"BreadcrumbList","@id":"https:\/\/trade-mueller-beta.startupblitz.de\/fr\/shop\/wellness-spa-fr\/robes-ws-fr\/robe-enveloppante-femme\/#breadcrumb","itemListElement":[{"@type":"ListItem","position":1,"name":"Startseite","item":"https:\/\/trade-mueller-beta.startupblitz.de\/fr\/"},{"@type":"ListItem","position":2,"name":"Shop","item":"https:\/\/trade-mueller-beta.startupblitz.de\/fr\/shop\/"},{"@type":"ListItem","position":3,"name":"Robe enveloppante femme"}]},{"@type":"WebSite","@id":"https:\/\/trade-mueller-beta.startupblitz.de\/fr\/#website","url":"https:\/\/trade-mueller-beta.startupblitz.de\/fr\/","name":"M\u00fcller Trade","description":"VOTRE BOUTIQUE B2B DE V\u00caTEMENTS PROFESSIONNELS","publisher":{"@id":"https:\/\/trade-mueller-beta.startupblitz.de\/fr\/#organization"},"potentialAction":[{"@type":"SearchAction","target":{"@type":"EntryPoint","urlTemplate":"https:\/\/trade-mueller-beta.startupblitz.de\/fr\/?s={search_term_string}"},"query-input":{"@type":"PropertyValueSpecification","valueRequired":true,"valueName":"search_term_string"}}],"inLanguage":"fr-FR"},{"@type":"Organization","@id":"https:\/\/trade-mueller-beta.startupblitz.de\/fr\/#organization","name":"M\u00fcller Trade Corporate Clothing","url":"https:\/\/trade-mueller-beta.startupblitz.de\/fr\/","logo":{"@type":"ImageObject","inLanguage":"fr-FR","@id":"https:\/\/trade-mueller-beta.startupblitz.de\/fr\/#\/schema\/logo\/image\/","url":"https:\/\/trade-mueller-beta.startupblitz.de\/wp-content\/uploads\/sites\/2\/cropped-cropped-mt-icon.png","contentUrl":"https:\/\/trade-mueller-beta.startupblitz.de\/wp-content\/uploads\/sites\/2\/cropped-cropped-mt-icon.png","width":512,"height":512,"caption":"M\u00fcller Trade Corporate Clothing"},"image":{"@id":"https:\/\/trade-mueller-beta.startupblitz.de\/fr\/#\/schema\/logo\/image\/"}}]}},"acf":[],"brands":[{"id":4561,"name":"Pure","slug":"pure-fr"}],"_links":{"self":[{"href":"https:\/\/trade-mueller-beta.startupblitz.de\/fr\/wp-json\/wp\/v2\/product\/249437"}],"collection":[{"href":"https:\/\/trade-mueller-beta.startupblitz.de\/fr\/wp-json\/wp\/v2\/product"}],"about":[{"href":"https:\/\/trade-mueller-beta.startupblitz.de\/fr\/wp-json\/wp\/v2\/types\/product"}],"wp:featuredmedia":[{"embeddable":true,"href":"https:\/\/trade-mueller-beta.startupblitz.de\/fr\/wp-json\/wp\/v2\/media\/263611"}],"wp:attachment":[{"href":"https:\/\/trade-mueller-beta.startupblitz.de\/fr\/wp-json\/wp\/v2\/media?parent=249437"}],"wp:term":[{"taxonomy":"pwb-brand","embeddable":true,"href":"https:\/\/trade-mueller-beta.startupblitz.de\/fr\/wp-json\/wp\/v2\/pwb-brand?post=249437"},{"taxonomy":"product_cat","embeddable":true,"href":"https:\/\/trade-mueller-beta.startupblitz.de\/fr\/wp-json\/wp\/v2\/product_cat?post=249437"},{"taxonomy":"product_tag","embeddable":true,"href":"https:\/\/trade-mueller-beta.startupblitz.de\/fr\/wp-json\/wp\/v2\/product_tag?post=249437"}],"curies":[{"name":"wp","href":"https:\/\/api.w.org\/{rel}","templated":true}]}}