{"id":249511,"date":"2024-06-12T05:37:10","date_gmt":"2024-06-12T03:37:10","guid":{"rendered":"https:\/\/trade-mueller-beta.startupblitz.de\/shop\/unkategorisiert\/blazer-femme-prince-de-galles\/"},"modified":"2024-10-28T19:16:35","modified_gmt":"2024-10-28T18:16:35","slug":"blazer-femme-prince-de-galles","status":"publish","type":"product","link":"https:\/\/trade-mueller-beta.startupblitz.de\/fr\/shop\/corporate-wear-fr\/blazers-vestes-cw-fr\/2-boutons-cw-fr\/blazer-femme-prince-de-galles\/","title":{"rendered":"Blazer femme, prince-de-galles"},"content":{"rendered":"<\/p>\n<ul>\n<li>forme moderne, l\u00e9g\u00e8rement cintr\u00e9e<\/li>\n<li>2 boutons<\/li>\n<li>2 poches \u00e0 rabats<\/li>\n<li>1 poche poitrine \u00e0 rabat<\/li>\n<li>1 poche int\u00e9rieure \u00e0 fermeture \u00c9clair<\/li>\n<li>Longueur de dos 68 cm\/Tailles 38<\/li>\n<\/ul>\n<p>Tailles 32 &#8211;\u00a048<\/p>\n<ul>\n<li>60% laine vierge, 36% polyester, 4% \u00e9lasthanne<\/li>\n<li>Doublure\u00a0: 100% polyester<\/li>\n<\/ul>\n<p class=\"care-icons\">f 9 4 i_-<\/p><\/p>\n","protected":false},"excerpt":{"rendered":"<p>forme moderne, l\u00e9g\u00e8rement cintr\u00e9e 2 boutons 2 poches \u00e0 rabats 1 poche poitrine \u00e0 rabat 1 poche int\u00e9rieure \u00e0 fermeture \u00c9clair Longueur de dos 68 cm\/Tailles 38 Tailles 32 &#8211;\u00a048 60% laine vierge, 36% polyester, 4% \u00e9lasthanne Doublure\u00a0: 100% polyester f 9 4 i_- [&#8230;]<\/p>\n<p><a class=\"btn btn-secondary understrap-read-more-link\" href=\"https:\/\/trade-mueller-beta.startupblitz.de\/fr\/shop\/corporate-wear-fr\/blazers-vestes-cw-fr\/2-boutons-cw-fr\/blazer-femme-prince-de-galles\/\">plus<span class=\"screen-reader-text\"> from Blazer femme, prince-de-galles<\/span><\/a><\/p>\n","protected":false},"featured_media":52177,"template":"","meta":{"_acf_changed":false,"inline_featured_image":false},"pwb-brand":[4547],"product_cat":[1265,1262,1264,3416,3424,3423],"product_tag":[4542],"class_list":{"0":"post-249511","1":"product","2":"type-product","3":"status-publish","4":"has-post-thumbnail","6":"pwb-brand-greiff-fr","7":"product_cat-2-bouton-all","8":"product_cat-tout","9":"product_cat-blazers-vestes","10":"product_cat-corporate-wear-fr","11":"product_cat-2-boutons-cw-fr","12":"product_cat-blazers-vestes-cw-fr","13":"product_tag-veste","14":"pa_color-129-glencheck-gris-blau","15":"pa_color-group-anthracite-gris","16":"pa_fit-regular-fit","17":"pa_gender-femmes","19":"first","20":"instock","21":"taxable","22":"shipping-taxable","23":"purchasable","24":"product-type-variable"},"yoast_head":"<title>Blazer femme, prince-de-galles - M\u00fcller Trade<\/title>\n<meta name=\"description\" content=\"Blazer femme, prince-de-galles - M\u00fcller Trade\" \/>\n<meta name=\"robots\" content=\"index, follow, max-snippet:-1, max-image-preview:large, max-video-preview:-1\" \/>\n<link rel=\"canonical\" href=\"https:\/\/trade-mueller-beta.startupblitz.de\/fr\/shop\/corporate-wear-fr\/blazers-vestes-cw-fr\/2-boutons-cw-fr\/blazer-femme-prince-de-galles\/\" \/>\n<meta property=\"og:locale\" content=\"fr_FR\" \/>\n<meta property=\"og:type\" content=\"article\" \/>\n<meta property=\"og:title\" content=\"Blazer femme, prince-de-galles - M\u00fcller Trade\" \/>\n<meta property=\"og:description\" content=\"Blazer femme, prince-de-galles - M\u00fcller Trade\" \/>\n<meta property=\"og:url\" content=\"https:\/\/trade-mueller-beta.startupblitz.de\/fr\/shop\/corporate-wear-fr\/blazers-vestes-cw-fr\/2-boutons-cw-fr\/blazer-femme-prince-de-galles\/\" \/>\n<meta property=\"og:site_name\" content=\"M\u00fcller Trade\" \/>\n<meta property=\"article:modified_time\" content=\"2024-10-28T18:16:35+00:00\" \/>\n<meta property=\"og:image\" content=\"https:\/\/trade-mueller-beta.startupblitz.de\/wp-content\/uploads\/sites\/2\/1423_666_129_V.jpg\" \/>\n\t<meta property=\"og:image:width\" content=\"1070\" \/>\n\t<meta property=\"og:image:height\" content=\"1604\" \/>\n\t<meta property=\"og:image:type\" content=\"image\/jpeg\" \/>\n<meta name=\"twitter:card\" content=\"summary_large_image\" \/>\n<script type=\"application\/ld+json\" class=\"yoast-schema-graph\">{\"@context\":\"https:\/\/schema.org\",\"@graph\":[{\"@type\":\"WebPage\",\"@id\":\"https:\/\/trade-mueller-beta.startupblitz.de\/fr\/shop\/corporate-wear-fr\/blazers-vestes-cw-fr\/2-boutons-cw-fr\/blazer-femme-prince-de-galles\/\",\"url\":\"https:\/\/trade-mueller-beta.startupblitz.de\/fr\/shop\/corporate-wear-fr\/blazers-vestes-cw-fr\/2-boutons-cw-fr\/blazer-femme-prince-de-galles\/\",\"name\":\"Blazer femme, prince-de-galles - M\u00fcller Trade\",\"isPartOf\":{\"@id\":\"https:\/\/trade-mueller-beta.startupblitz.de\/fr\/#website\"},\"primaryImageOfPage\":{\"@id\":\"https:\/\/trade-mueller-beta.startupblitz.de\/fr\/shop\/corporate-wear-fr\/blazers-vestes-cw-fr\/2-boutons-cw-fr\/blazer-femme-prince-de-galles\/#primaryimage\"},\"image\":{\"@id\":\"https:\/\/trade-mueller-beta.startupblitz.de\/fr\/shop\/corporate-wear-fr\/blazers-vestes-cw-fr\/2-boutons-cw-fr\/blazer-femme-prince-de-galles\/#primaryimage\"},\"thumbnailUrl\":\"https:\/\/trade-mueller-beta.startupblitz.de\/wp-content\/uploads\/sites\/2\/1423_666_129_V.jpg\",\"datePublished\":\"2024-06-12T03:37:10+00:00\",\"dateModified\":\"2024-10-28T18:16:35+00:00\",\"description\":\"Blazer femme, prince-de-galles - M\u00fcller Trade\",\"breadcrumb\":{\"@id\":\"https:\/\/trade-mueller-beta.startupblitz.de\/fr\/shop\/corporate-wear-fr\/blazers-vestes-cw-fr\/2-boutons-cw-fr\/blazer-femme-prince-de-galles\/#breadcrumb\"},\"inLanguage\":\"fr-FR\",\"potentialAction\":[{\"@type\":\"ReadAction\",\"target\":[\"https:\/\/trade-mueller-beta.startupblitz.de\/fr\/shop\/corporate-wear-fr\/blazers-vestes-cw-fr\/2-boutons-cw-fr\/blazer-femme-prince-de-galles\/\"]}]},{\"@type\":\"ImageObject\",\"inLanguage\":\"fr-FR\",\"@id\":\"https:\/\/trade-mueller-beta.startupblitz.de\/fr\/shop\/corporate-wear-fr\/blazers-vestes-cw-fr\/2-boutons-cw-fr\/blazer-femme-prince-de-galles\/#primaryimage\",\"url\":\"https:\/\/trade-mueller-beta.startupblitz.de\/wp-content\/uploads\/sites\/2\/1423_666_129_V.jpg\",\"contentUrl\":\"https:\/\/trade-mueller-beta.startupblitz.de\/wp-content\/uploads\/sites\/2\/1423_666_129_V.jpg\",\"width\":1070,\"height\":1604},{\"@type\":\"BreadcrumbList\",\"@id\":\"https:\/\/trade-mueller-beta.startupblitz.de\/fr\/shop\/corporate-wear-fr\/blazers-vestes-cw-fr\/2-boutons-cw-fr\/blazer-femme-prince-de-galles\/#breadcrumb\",\"itemListElement\":[{\"@type\":\"ListItem\",\"position\":1,\"name\":\"Startseite\",\"item\":\"https:\/\/trade-mueller-beta.startupblitz.de\/fr\/\"},{\"@type\":\"ListItem\",\"position\":2,\"name\":\"Shop\",\"item\":\"https:\/\/trade-mueller-beta.startupblitz.de\/fr\/shop\/\"},{\"@type\":\"ListItem\",\"position\":3,\"name\":\"Blazer femme, prince-de-galles\"}]},{\"@type\":\"WebSite\",\"@id\":\"https:\/\/trade-mueller-beta.startupblitz.de\/fr\/#website\",\"url\":\"https:\/\/trade-mueller-beta.startupblitz.de\/fr\/\",\"name\":\"M\u00fcller Trade\",\"description\":\"VOTRE BOUTIQUE B2B DE V\u00caTEMENTS PROFESSIONNELS\",\"publisher\":{\"@id\":\"https:\/\/trade-mueller-beta.startupblitz.de\/fr\/#organization\"},\"potentialAction\":[{\"@type\":\"SearchAction\",\"target\":{\"@type\":\"EntryPoint\",\"urlTemplate\":\"https:\/\/trade-mueller-beta.startupblitz.de\/fr\/?s={search_term_string}\"},\"query-input\":{\"@type\":\"PropertyValueSpecification\",\"valueRequired\":true,\"valueName\":\"search_term_string\"}}],\"inLanguage\":\"fr-FR\"},{\"@type\":\"Organization\",\"@id\":\"https:\/\/trade-mueller-beta.startupblitz.de\/fr\/#organization\",\"name\":\"M\u00fcller Trade Corporate Clothing\",\"url\":\"https:\/\/trade-mueller-beta.startupblitz.de\/fr\/\",\"logo\":{\"@type\":\"ImageObject\",\"inLanguage\":\"fr-FR\",\"@id\":\"https:\/\/trade-mueller-beta.startupblitz.de\/fr\/#\/schema\/logo\/image\/\",\"url\":\"https:\/\/trade-mueller-beta.startupblitz.de\/wp-content\/uploads\/sites\/2\/cropped-cropped-mt-icon.png\",\"contentUrl\":\"https:\/\/trade-mueller-beta.startupblitz.de\/wp-content\/uploads\/sites\/2\/cropped-cropped-mt-icon.png\",\"width\":512,\"height\":512,\"caption\":\"M\u00fcller Trade Corporate Clothing\"},\"image\":{\"@id\":\"https:\/\/trade-mueller-beta.startupblitz.de\/fr\/#\/schema\/logo\/image\/\"}}]}<\/script>","yoast_head_json":{"title":"Blazer femme, prince-de-galles - M\u00fcller Trade","description":"Blazer femme, prince-de-galles - M\u00fcller Trade","robots":{"index":"index","follow":"follow","max-snippet":"max-snippet:-1","max-image-preview":"max-image-preview:large","max-video-preview":"max-video-preview:-1"},"canonical":"https:\/\/trade-mueller-beta.startupblitz.de\/fr\/shop\/corporate-wear-fr\/blazers-vestes-cw-fr\/2-boutons-cw-fr\/blazer-femme-prince-de-galles\/","og_locale":"fr_FR","og_type":"article","og_title":"Blazer femme, prince-de-galles - M\u00fcller Trade","og_description":"Blazer femme, prince-de-galles - M\u00fcller Trade","og_url":"https:\/\/trade-mueller-beta.startupblitz.de\/fr\/shop\/corporate-wear-fr\/blazers-vestes-cw-fr\/2-boutons-cw-fr\/blazer-femme-prince-de-galles\/","og_site_name":"M\u00fcller Trade","article_modified_time":"2024-10-28T18:16:35+00:00","og_image":[{"width":1070,"height":1604,"url":"https:\/\/trade-mueller-beta.startupblitz.de\/wp-content\/uploads\/sites\/2\/1423_666_129_V.jpg","type":"image\/jpeg"}],"twitter_card":"summary_large_image","schema":{"@context":"https:\/\/schema.org","@graph":[{"@type":"WebPage","@id":"https:\/\/trade-mueller-beta.startupblitz.de\/fr\/shop\/corporate-wear-fr\/blazers-vestes-cw-fr\/2-boutons-cw-fr\/blazer-femme-prince-de-galles\/","url":"https:\/\/trade-mueller-beta.startupblitz.de\/fr\/shop\/corporate-wear-fr\/blazers-vestes-cw-fr\/2-boutons-cw-fr\/blazer-femme-prince-de-galles\/","name":"Blazer femme, prince-de-galles - M\u00fcller Trade","isPartOf":{"@id":"https:\/\/trade-mueller-beta.startupblitz.de\/fr\/#website"},"primaryImageOfPage":{"@id":"https:\/\/trade-mueller-beta.startupblitz.de\/fr\/shop\/corporate-wear-fr\/blazers-vestes-cw-fr\/2-boutons-cw-fr\/blazer-femme-prince-de-galles\/#primaryimage"},"image":{"@id":"https:\/\/trade-mueller-beta.startupblitz.de\/fr\/shop\/corporate-wear-fr\/blazers-vestes-cw-fr\/2-boutons-cw-fr\/blazer-femme-prince-de-galles\/#primaryimage"},"thumbnailUrl":"https:\/\/trade-mueller-beta.startupblitz.de\/wp-content\/uploads\/sites\/2\/1423_666_129_V.jpg","datePublished":"2024-06-12T03:37:10+00:00","dateModified":"2024-10-28T18:16:35+00:00","description":"Blazer femme, prince-de-galles - M\u00fcller Trade","breadcrumb":{"@id":"https:\/\/trade-mueller-beta.startupblitz.de\/fr\/shop\/corporate-wear-fr\/blazers-vestes-cw-fr\/2-boutons-cw-fr\/blazer-femme-prince-de-galles\/#breadcrumb"},"inLanguage":"fr-FR","potentialAction":[{"@type":"ReadAction","target":["https:\/\/trade-mueller-beta.startupblitz.de\/fr\/shop\/corporate-wear-fr\/blazers-vestes-cw-fr\/2-boutons-cw-fr\/blazer-femme-prince-de-galles\/"]}]},{"@type":"ImageObject","inLanguage":"fr-FR","@id":"https:\/\/trade-mueller-beta.startupblitz.de\/fr\/shop\/corporate-wear-fr\/blazers-vestes-cw-fr\/2-boutons-cw-fr\/blazer-femme-prince-de-galles\/#primaryimage","url":"https:\/\/trade-mueller-beta.startupblitz.de\/wp-content\/uploads\/sites\/2\/1423_666_129_V.jpg","contentUrl":"https:\/\/trade-mueller-beta.startupblitz.de\/wp-content\/uploads\/sites\/2\/1423_666_129_V.jpg","width":1070,"height":1604},{"@type":"BreadcrumbList","@id":"https:\/\/trade-mueller-beta.startupblitz.de\/fr\/shop\/corporate-wear-fr\/blazers-vestes-cw-fr\/2-boutons-cw-fr\/blazer-femme-prince-de-galles\/#breadcrumb","itemListElement":[{"@type":"ListItem","position":1,"name":"Startseite","item":"https:\/\/trade-mueller-beta.startupblitz.de\/fr\/"},{"@type":"ListItem","position":2,"name":"Shop","item":"https:\/\/trade-mueller-beta.startupblitz.de\/fr\/shop\/"},{"@type":"ListItem","position":3,"name":"Blazer femme, prince-de-galles"}]},{"@type":"WebSite","@id":"https:\/\/trade-mueller-beta.startupblitz.de\/fr\/#website","url":"https:\/\/trade-mueller-beta.startupblitz.de\/fr\/","name":"M\u00fcller Trade","description":"VOTRE BOUTIQUE B2B DE V\u00caTEMENTS PROFESSIONNELS","publisher":{"@id":"https:\/\/trade-mueller-beta.startupblitz.de\/fr\/#organization"},"potentialAction":[{"@type":"SearchAction","target":{"@type":"EntryPoint","urlTemplate":"https:\/\/trade-mueller-beta.startupblitz.de\/fr\/?s={search_term_string}"},"query-input":{"@type":"PropertyValueSpecification","valueRequired":true,"valueName":"search_term_string"}}],"inLanguage":"fr-FR"},{"@type":"Organization","@id":"https:\/\/trade-mueller-beta.startupblitz.de\/fr\/#organization","name":"M\u00fcller Trade Corporate Clothing","url":"https:\/\/trade-mueller-beta.startupblitz.de\/fr\/","logo":{"@type":"ImageObject","inLanguage":"fr-FR","@id":"https:\/\/trade-mueller-beta.startupblitz.de\/fr\/#\/schema\/logo\/image\/","url":"https:\/\/trade-mueller-beta.startupblitz.de\/wp-content\/uploads\/sites\/2\/cropped-cropped-mt-icon.png","contentUrl":"https:\/\/trade-mueller-beta.startupblitz.de\/wp-content\/uploads\/sites\/2\/cropped-cropped-mt-icon.png","width":512,"height":512,"caption":"M\u00fcller Trade Corporate Clothing"},"image":{"@id":"https:\/\/trade-mueller-beta.startupblitz.de\/fr\/#\/schema\/logo\/image\/"}}]}},"acf":[],"brands":[{"id":4547,"name":"Greiff","slug":"greiff-fr"}],"_links":{"self":[{"href":"https:\/\/trade-mueller-beta.startupblitz.de\/fr\/wp-json\/wp\/v2\/product\/249511"}],"collection":[{"href":"https:\/\/trade-mueller-beta.startupblitz.de\/fr\/wp-json\/wp\/v2\/product"}],"about":[{"href":"https:\/\/trade-mueller-beta.startupblitz.de\/fr\/wp-json\/wp\/v2\/types\/product"}],"wp:featuredmedia":[{"embeddable":true,"href":"https:\/\/trade-mueller-beta.startupblitz.de\/fr\/wp-json\/wp\/v2\/media\/52177"}],"wp:attachment":[{"href":"https:\/\/trade-mueller-beta.startupblitz.de\/fr\/wp-json\/wp\/v2\/media?parent=249511"}],"wp:term":[{"taxonomy":"pwb-brand","embeddable":true,"href":"https:\/\/trade-mueller-beta.startupblitz.de\/fr\/wp-json\/wp\/v2\/pwb-brand?post=249511"},{"taxonomy":"product_cat","embeddable":true,"href":"https:\/\/trade-mueller-beta.startupblitz.de\/fr\/wp-json\/wp\/v2\/product_cat?post=249511"},{"taxonomy":"product_tag","embeddable":true,"href":"https:\/\/trade-mueller-beta.startupblitz.de\/fr\/wp-json\/wp\/v2\/product_tag?post=249511"}],"curies":[{"name":"wp","href":"https:\/\/api.w.org\/{rel}","templated":true}]}}