{"id":249651,"date":"2024-06-11T14:57:38","date_gmt":"2024-06-11T12:57:38","guid":{"rendered":"https:\/\/trade-mueller-beta.startupblitz.de\/shop\/unkategorisiert\/chemise-homme-manches-longues-carreaux-vichy\/"},"modified":"2024-10-28T19:01:07","modified_gmt":"2024-10-28T18:01:07","slug":"chemise-homme-manches-longues-carreaux-vichy","status":"publish","type":"product","link":"https:\/\/trade-mueller-beta.startupblitz.de\/fr\/shop\/corporate-wear-fr\/blouses-chemises-cw-fr\/manches-longues-cw-fr\/chemise-homme-manches-longues-carreaux-vichy\/","title":{"rendered":"Chemise homme manches longues, carreaux Vichy"},"content":{"rendered":"<\/p>\n<ul>\n<li>forme l\u00e9g\u00e8rement cintr\u00e9e, moderne<\/li>\n<li>entretien facile<\/li>\n<li>col New Kent<\/li>\n<li>1 poche poitrine<\/li>\n<\/ul>\n<p>Tailles\u00a0: 37\/38 &#8211; 45\/46<\/p>\n<p>60% coton, 40% polyester<\/p>\n<p class=\"care-icons\">b 9 1 i_W<\/p><\/p>\n","protected":false},"excerpt":{"rendered":"<p>Text all<\/p>\n<p> [&#8230;]<\/p>\n<p><a class=\"btn btn-secondary understrap-read-more-link\" href=\"https:\/\/trade-mueller-beta.startupblitz.de\/fr\/shop\/corporate-wear-fr\/blouses-chemises-cw-fr\/manches-longues-cw-fr\/chemise-homme-manches-longues-carreaux-vichy\/\">plus<span class=\"screen-reader-text\"> from Chemise homme manches longues, carreaux Vichy<\/span><\/a><\/p>\n","protected":false},"featured_media":6911,"template":"","meta":{"_acf_changed":false,"inline_featured_image":false},"pwb-brand":[4547],"product_cat":[3357,1262,3354,3416,3430,3427],"product_tag":[],"class_list":{"0":"post-249651","1":"product","2":"type-product","3":"status-publish","4":"has-post-thumbnail","6":"pwb-brand-greiff-fr","7":"product_cat-manches-longues","8":"product_cat-tout","9":"product_cat-blouses-chemises","10":"product_cat-corporate-wear-fr","11":"product_cat-manches-longues-cw-fr","12":"product_cat-blouses-chemises-cw-fr","13":"pa_color-010-vichy-carreau-noir","14":"pa_color-020-vichy-carreau-bleu-fonce","15":"pa_color-050-vichy-carreau-rouge","16":"pa_color-053-vichy-carreau-bordeaux","17":"pa_color-group-bleu","18":"pa_color-group-noir","19":"pa_color-group-rouge-bordeaux","20":"pa_fit-regular-fit","21":"pa_gender-hommes","22":"pa_shirtsizes-37-38","23":"pa_shirtsizes-39-40","24":"pa_shirtsizes-41-42","25":"pa_shirtsizes-43-44","26":"pa_shirtsizes-45-46","28":"first","29":"instock","30":"taxable","31":"shipping-taxable","32":"purchasable","33":"product-type-variable"},"yoast_head":"<title>Chemise homme manches longues, carreaux Vichy - M\u00fcller Trade<\/title>\n<meta name=\"description\" content=\"Chemise homme manches longues, carreaux Vichy - M\u00fcller Trade\" \/>\n<meta name=\"robots\" content=\"index, follow, max-snippet:-1, max-image-preview:large, max-video-preview:-1\" \/>\n<link rel=\"canonical\" href=\"https:\/\/trade-mueller-beta.startupblitz.de\/fr\/shop\/corporate-wear-fr\/blouses-chemises-cw-fr\/manches-longues-cw-fr\/chemise-homme-manches-longues-carreaux-vichy\/\" \/>\n<meta property=\"og:locale\" content=\"fr_FR\" \/>\n<meta property=\"og:type\" content=\"article\" \/>\n<meta property=\"og:title\" content=\"Chemise homme manches longues, carreaux Vichy - M\u00fcller Trade\" \/>\n<meta property=\"og:description\" content=\"Chemise homme manches longues, carreaux Vichy - M\u00fcller Trade\" \/>\n<meta property=\"og:url\" content=\"https:\/\/trade-mueller-beta.startupblitz.de\/fr\/shop\/corporate-wear-fr\/blouses-chemises-cw-fr\/manches-longues-cw-fr\/chemise-homme-manches-longues-carreaux-vichy\/\" \/>\n<meta property=\"og:site_name\" content=\"M\u00fcller Trade\" \/>\n<meta property=\"article:modified_time\" content=\"2024-10-28T18:01:07+00:00\" \/>\n<meta name=\"twitter:card\" content=\"summary_large_image\" \/>\n<script type=\"application\/ld+json\" class=\"yoast-schema-graph\">{\"@context\":\"https:\/\/schema.org\",\"@graph\":[{\"@type\":\"WebPage\",\"@id\":\"https:\/\/trade-mueller-beta.startupblitz.de\/fr\/shop\/corporate-wear-fr\/blouses-chemises-cw-fr\/manches-longues-cw-fr\/chemise-homme-manches-longues-carreaux-vichy\/\",\"url\":\"https:\/\/trade-mueller-beta.startupblitz.de\/fr\/shop\/corporate-wear-fr\/blouses-chemises-cw-fr\/manches-longues-cw-fr\/chemise-homme-manches-longues-carreaux-vichy\/\",\"name\":\"Chemise homme manches longues, carreaux Vichy - M\u00fcller Trade\",\"isPartOf\":{\"@id\":\"https:\/\/trade-mueller-beta.startupblitz.de\/fr\/#website\"},\"primaryImageOfPage\":{\"@id\":\"https:\/\/trade-mueller-beta.startupblitz.de\/fr\/shop\/corporate-wear-fr\/blouses-chemises-cw-fr\/manches-longues-cw-fr\/chemise-homme-manches-longues-carreaux-vichy\/#primaryimage\"},\"image\":{\"@id\":\"https:\/\/trade-mueller-beta.startupblitz.de\/fr\/shop\/corporate-wear-fr\/blouses-chemises-cw-fr\/manches-longues-cw-fr\/chemise-homme-manches-longues-carreaux-vichy\/#primaryimage\"},\"thumbnailUrl\":\"https:\/\/trade-mueller-beta.startupblitz.de\/wp-content\/uploads\/sites\/2\/6667_1170_053_V.jpg\",\"datePublished\":\"2024-06-11T12:57:38+00:00\",\"dateModified\":\"2024-10-28T18:01:07+00:00\",\"description\":\"Chemise homme manches longues, carreaux Vichy - M\u00fcller Trade\",\"breadcrumb\":{\"@id\":\"https:\/\/trade-mueller-beta.startupblitz.de\/fr\/shop\/corporate-wear-fr\/blouses-chemises-cw-fr\/manches-longues-cw-fr\/chemise-homme-manches-longues-carreaux-vichy\/#breadcrumb\"},\"inLanguage\":\"fr-FR\",\"potentialAction\":[{\"@type\":\"ReadAction\",\"target\":[\"https:\/\/trade-mueller-beta.startupblitz.de\/fr\/shop\/corporate-wear-fr\/blouses-chemises-cw-fr\/manches-longues-cw-fr\/chemise-homme-manches-longues-carreaux-vichy\/\"]}]},{\"@type\":\"ImageObject\",\"inLanguage\":\"fr-FR\",\"@id\":\"https:\/\/trade-mueller-beta.startupblitz.de\/fr\/shop\/corporate-wear-fr\/blouses-chemises-cw-fr\/manches-longues-cw-fr\/chemise-homme-manches-longues-carreaux-vichy\/#primaryimage\",\"url\":\"https:\/\/trade-mueller-beta.startupblitz.de\/wp-content\/uploads\/sites\/2\/6667_1170_053_V.jpg\",\"contentUrl\":\"https:\/\/trade-mueller-beta.startupblitz.de\/wp-content\/uploads\/sites\/2\/6667_1170_053_V.jpg\",\"width\":999,\"height\":1500},{\"@type\":\"BreadcrumbList\",\"@id\":\"https:\/\/trade-mueller-beta.startupblitz.de\/fr\/shop\/corporate-wear-fr\/blouses-chemises-cw-fr\/manches-longues-cw-fr\/chemise-homme-manches-longues-carreaux-vichy\/#breadcrumb\",\"itemListElement\":[{\"@type\":\"ListItem\",\"position\":1,\"name\":\"Startseite\",\"item\":\"https:\/\/trade-mueller-beta.startupblitz.de\/fr\/\"},{\"@type\":\"ListItem\",\"position\":2,\"name\":\"Shop\",\"item\":\"https:\/\/trade-mueller-beta.startupblitz.de\/fr\/shop\/\"},{\"@type\":\"ListItem\",\"position\":3,\"name\":\"Chemise homme manches longues, carreaux Vichy\"}]},{\"@type\":\"WebSite\",\"@id\":\"https:\/\/trade-mueller-beta.startupblitz.de\/fr\/#website\",\"url\":\"https:\/\/trade-mueller-beta.startupblitz.de\/fr\/\",\"name\":\"M\u00fcller Trade\",\"description\":\"VOTRE BOUTIQUE B2B DE V\u00caTEMENTS PROFESSIONNELS\",\"publisher\":{\"@id\":\"https:\/\/trade-mueller-beta.startupblitz.de\/fr\/#organization\"},\"potentialAction\":[{\"@type\":\"SearchAction\",\"target\":{\"@type\":\"EntryPoint\",\"urlTemplate\":\"https:\/\/trade-mueller-beta.startupblitz.de\/fr\/?s={search_term_string}\"},\"query-input\":{\"@type\":\"PropertyValueSpecification\",\"valueRequired\":true,\"valueName\":\"search_term_string\"}}],\"inLanguage\":\"fr-FR\"},{\"@type\":\"Organization\",\"@id\":\"https:\/\/trade-mueller-beta.startupblitz.de\/fr\/#organization\",\"name\":\"M\u00fcller Trade Corporate Clothing\",\"url\":\"https:\/\/trade-mueller-beta.startupblitz.de\/fr\/\",\"logo\":{\"@type\":\"ImageObject\",\"inLanguage\":\"fr-FR\",\"@id\":\"https:\/\/trade-mueller-beta.startupblitz.de\/fr\/#\/schema\/logo\/image\/\",\"url\":\"https:\/\/trade-mueller-beta.startupblitz.de\/wp-content\/uploads\/sites\/2\/cropped-cropped-mt-icon.png\",\"contentUrl\":\"https:\/\/trade-mueller-beta.startupblitz.de\/wp-content\/uploads\/sites\/2\/cropped-cropped-mt-icon.png\",\"width\":512,\"height\":512,\"caption\":\"M\u00fcller Trade Corporate Clothing\"},\"image\":{\"@id\":\"https:\/\/trade-mueller-beta.startupblitz.de\/fr\/#\/schema\/logo\/image\/\"}}]}<\/script>","yoast_head_json":{"title":"Chemise homme manches longues, carreaux Vichy - M\u00fcller Trade","description":"Chemise homme manches longues, carreaux Vichy - M\u00fcller Trade","robots":{"index":"index","follow":"follow","max-snippet":"max-snippet:-1","max-image-preview":"max-image-preview:large","max-video-preview":"max-video-preview:-1"},"canonical":"https:\/\/trade-mueller-beta.startupblitz.de\/fr\/shop\/corporate-wear-fr\/blouses-chemises-cw-fr\/manches-longues-cw-fr\/chemise-homme-manches-longues-carreaux-vichy\/","og_locale":"fr_FR","og_type":"article","og_title":"Chemise homme manches longues, carreaux Vichy - M\u00fcller Trade","og_description":"Chemise homme manches longues, carreaux Vichy - M\u00fcller Trade","og_url":"https:\/\/trade-mueller-beta.startupblitz.de\/fr\/shop\/corporate-wear-fr\/blouses-chemises-cw-fr\/manches-longues-cw-fr\/chemise-homme-manches-longues-carreaux-vichy\/","og_site_name":"M\u00fcller Trade","article_modified_time":"2024-10-28T18:01:07+00:00","twitter_card":"summary_large_image","schema":{"@context":"https:\/\/schema.org","@graph":[{"@type":"WebPage","@id":"https:\/\/trade-mueller-beta.startupblitz.de\/fr\/shop\/corporate-wear-fr\/blouses-chemises-cw-fr\/manches-longues-cw-fr\/chemise-homme-manches-longues-carreaux-vichy\/","url":"https:\/\/trade-mueller-beta.startupblitz.de\/fr\/shop\/corporate-wear-fr\/blouses-chemises-cw-fr\/manches-longues-cw-fr\/chemise-homme-manches-longues-carreaux-vichy\/","name":"Chemise homme manches longues, carreaux Vichy - M\u00fcller Trade","isPartOf":{"@id":"https:\/\/trade-mueller-beta.startupblitz.de\/fr\/#website"},"primaryImageOfPage":{"@id":"https:\/\/trade-mueller-beta.startupblitz.de\/fr\/shop\/corporate-wear-fr\/blouses-chemises-cw-fr\/manches-longues-cw-fr\/chemise-homme-manches-longues-carreaux-vichy\/#primaryimage"},"image":{"@id":"https:\/\/trade-mueller-beta.startupblitz.de\/fr\/shop\/corporate-wear-fr\/blouses-chemises-cw-fr\/manches-longues-cw-fr\/chemise-homme-manches-longues-carreaux-vichy\/#primaryimage"},"thumbnailUrl":"https:\/\/trade-mueller-beta.startupblitz.de\/wp-content\/uploads\/sites\/2\/6667_1170_053_V.jpg","datePublished":"2024-06-11T12:57:38+00:00","dateModified":"2024-10-28T18:01:07+00:00","description":"Chemise homme manches longues, carreaux Vichy - M\u00fcller Trade","breadcrumb":{"@id":"https:\/\/trade-mueller-beta.startupblitz.de\/fr\/shop\/corporate-wear-fr\/blouses-chemises-cw-fr\/manches-longues-cw-fr\/chemise-homme-manches-longues-carreaux-vichy\/#breadcrumb"},"inLanguage":"fr-FR","potentialAction":[{"@type":"ReadAction","target":["https:\/\/trade-mueller-beta.startupblitz.de\/fr\/shop\/corporate-wear-fr\/blouses-chemises-cw-fr\/manches-longues-cw-fr\/chemise-homme-manches-longues-carreaux-vichy\/"]}]},{"@type":"ImageObject","inLanguage":"fr-FR","@id":"https:\/\/trade-mueller-beta.startupblitz.de\/fr\/shop\/corporate-wear-fr\/blouses-chemises-cw-fr\/manches-longues-cw-fr\/chemise-homme-manches-longues-carreaux-vichy\/#primaryimage","url":"https:\/\/trade-mueller-beta.startupblitz.de\/wp-content\/uploads\/sites\/2\/6667_1170_053_V.jpg","contentUrl":"https:\/\/trade-mueller-beta.startupblitz.de\/wp-content\/uploads\/sites\/2\/6667_1170_053_V.jpg","width":999,"height":1500},{"@type":"BreadcrumbList","@id":"https:\/\/trade-mueller-beta.startupblitz.de\/fr\/shop\/corporate-wear-fr\/blouses-chemises-cw-fr\/manches-longues-cw-fr\/chemise-homme-manches-longues-carreaux-vichy\/#breadcrumb","itemListElement":[{"@type":"ListItem","position":1,"name":"Startseite","item":"https:\/\/trade-mueller-beta.startupblitz.de\/fr\/"},{"@type":"ListItem","position":2,"name":"Shop","item":"https:\/\/trade-mueller-beta.startupblitz.de\/fr\/shop\/"},{"@type":"ListItem","position":3,"name":"Chemise homme manches longues, carreaux Vichy"}]},{"@type":"WebSite","@id":"https:\/\/trade-mueller-beta.startupblitz.de\/fr\/#website","url":"https:\/\/trade-mueller-beta.startupblitz.de\/fr\/","name":"M\u00fcller Trade","description":"VOTRE BOUTIQUE B2B DE V\u00caTEMENTS PROFESSIONNELS","publisher":{"@id":"https:\/\/trade-mueller-beta.startupblitz.de\/fr\/#organization"},"potentialAction":[{"@type":"SearchAction","target":{"@type":"EntryPoint","urlTemplate":"https:\/\/trade-mueller-beta.startupblitz.de\/fr\/?s={search_term_string}"},"query-input":{"@type":"PropertyValueSpecification","valueRequired":true,"valueName":"search_term_string"}}],"inLanguage":"fr-FR"},{"@type":"Organization","@id":"https:\/\/trade-mueller-beta.startupblitz.de\/fr\/#organization","name":"M\u00fcller Trade Corporate Clothing","url":"https:\/\/trade-mueller-beta.startupblitz.de\/fr\/","logo":{"@type":"ImageObject","inLanguage":"fr-FR","@id":"https:\/\/trade-mueller-beta.startupblitz.de\/fr\/#\/schema\/logo\/image\/","url":"https:\/\/trade-mueller-beta.startupblitz.de\/wp-content\/uploads\/sites\/2\/cropped-cropped-mt-icon.png","contentUrl":"https:\/\/trade-mueller-beta.startupblitz.de\/wp-content\/uploads\/sites\/2\/cropped-cropped-mt-icon.png","width":512,"height":512,"caption":"M\u00fcller Trade Corporate Clothing"},"image":{"@id":"https:\/\/trade-mueller-beta.startupblitz.de\/fr\/#\/schema\/logo\/image\/"}}]}},"acf":[],"brands":[{"id":4547,"name":"Greiff","slug":"greiff-fr"}],"_links":{"self":[{"href":"https:\/\/trade-mueller-beta.startupblitz.de\/fr\/wp-json\/wp\/v2\/product\/249651"}],"collection":[{"href":"https:\/\/trade-mueller-beta.startupblitz.de\/fr\/wp-json\/wp\/v2\/product"}],"about":[{"href":"https:\/\/trade-mueller-beta.startupblitz.de\/fr\/wp-json\/wp\/v2\/types\/product"}],"wp:featuredmedia":[{"embeddable":true,"href":"https:\/\/trade-mueller-beta.startupblitz.de\/fr\/wp-json\/wp\/v2\/media\/6911"}],"wp:attachment":[{"href":"https:\/\/trade-mueller-beta.startupblitz.de\/fr\/wp-json\/wp\/v2\/media?parent=249651"}],"wp:term":[{"taxonomy":"pwb-brand","embeddable":true,"href":"https:\/\/trade-mueller-beta.startupblitz.de\/fr\/wp-json\/wp\/v2\/pwb-brand?post=249651"},{"taxonomy":"product_cat","embeddable":true,"href":"https:\/\/trade-mueller-beta.startupblitz.de\/fr\/wp-json\/wp\/v2\/product_cat?post=249651"},{"taxonomy":"product_tag","embeddable":true,"href":"https:\/\/trade-mueller-beta.startupblitz.de\/fr\/wp-json\/wp\/v2\/product_tag?post=249651"}],"curies":[{"name":"wp","href":"https:\/\/api.w.org\/{rel}","templated":true}]}}