{"id":255873,"date":"2024-06-12T20:53:42","date_gmt":"2024-06-12T18:53:42","guid":{"rendered":"https:\/\/trade-mueller-beta.startupblitz.de\/shop\/unkategorisiert\/damen-jeanskochbluse-vintage-blue\/"},"modified":"2024-10-28T19:24:55","modified_gmt":"2024-10-28T18:24:55","slug":"damen-jeanskochbluse-vintage-blue","status":"publish","type":"product","link":"https:\/\/trade-mueller-beta.startupblitz.de\/fr\/shop\/service-cuisine-fr\/vetements-cuisine-sk-fr\/vestes-cuisine-sk-fr\/damen-jeanskochbluse-vintage-blue\/","title":{"rendered":"Damen-Jeanskochbluse, vintage blue"},"content":{"rendered":"<\/p>\n<ul>\n<li style=\"list-style-type: none\">\n<ul>\n<li>im Denim-Look<\/li>\n<li>aus besonders leichtem Stoff f\u00fcr grosse Bewegungsfreiheit und ein luftiges Tragegef\u00fchl<\/li>\n<li>kontrastfarbige Steppn\u00e4hte f\u00fcr den originalen Jeans-Style<\/li>\n<li>modischer Stehkragen und Zierriegel an den Schultern<\/li>\n<li>gekrempelte Hemd\u00e4rmel k\u00f6nnen dank zus\u00e4tzlicher Befestigungsriegel fixiert werden<\/li>\n<li>praktische Brusttasche bietet Platz f\u00fcr Mobiltelefon oder kleinere K\u00fcchenutensilien<\/li>\n<li>zwei Stiftf\u00e4cher direkt neben der Brusttasche<\/li>\n<li>mit bronzierten Druckkn\u00f6pfen f\u00fcr schnelles \u00d6ffnen und Schliessen des Kochhemds<\/li>\n<li>industriew\u00e4schetauglich<\/li>\n<li><\/li>\n<\/ul>\n<ul>\n<li>Gr.: 34 &#8211; 50<\/li>\n<\/ul>\n<\/li>\n<li>65% Polyester, 35% Baumwolle, 145 g\/m<sup>2<\/sup><\/li>\n<li><\/li>\n<\/ul>\n<p class=\"care-icons\">e 9 1 n_W<\/p><\/p>\n","protected":false},"excerpt":{"rendered":"<p>im Denim-Look aus besonders leichtem Stoff f\u00fcr grosse Bewegungsfreiheit und ein luftiges Tragegef\u00fchl kontrastfarbige Steppn\u00e4hte f\u00fcr den originalen Jeans-Style modischer Stehkragen und Zierriegel an den Schultern gekrempelte Hemd\u00e4rmel k\u00f6nnen dank zus\u00e4tzlicher Befestigungsriegel fixiert werden praktische Brusttasche bietet Platz f\u00fcr Mobiltelefon oder kleinere K\u00fcchenutensilien zwei Stiftf\u00e4cher direkt neben der Brusttasche mit bronzierten Druckkn\u00f6pfen f\u00fcr schnelles \u00d6ffnen [&#8230;]<\/p>\n<p><a class=\"btn btn-secondary understrap-read-more-link\" href=\"https:\/\/trade-mueller-beta.startupblitz.de\/fr\/shop\/service-cuisine-fr\/vetements-cuisine-sk-fr\/vestes-cuisine-sk-fr\/damen-jeanskochbluse-vintage-blue\/\">plus<span class=\"screen-reader-text\"> from Damen-Jeanskochbluse, vintage blue<\/span><\/a><\/p>\n","protected":false},"featured_media":61341,"template":"","meta":{"_acf_changed":false,"inline_featured_image":false},"pwb-brand":[4566],"product_cat":[1262,3365,3460,3489,3487],"product_tag":[],"class_list":{"0":"post-255873","1":"product","2":"type-product","3":"status-publish","4":"has-post-thumbnail","6":"pwb-brand-karlowsky-fr","7":"product_cat-tout","8":"product_cat-vetements-de-cuisine","9":"product_cat-service-cuisine-fr","10":"product_cat-vestes-cuisine-sk-fr","11":"product_cat-vetements-cuisine-sk-fr","12":"pa_color-15-vintage-bleu","13":"pa_color-16-vintage-noir","14":"pa_color-group-bleu","15":"pa_color-group-noir","16":"pa_fit-regular-fit","17":"pa_gender-femmes","19":"first","20":"instock","21":"taxable","22":"shipping-taxable","23":"purchasable","24":"product-type-variable"},"yoast_head":"<title>Damen-Jeanskochbluse, vintage blue - M\u00fcller Trade<\/title>\n<meta name=\"description\" content=\"Damen-Jeanskochbluse, vintage blue - M\u00fcller Trade\" \/>\n<meta name=\"robots\" content=\"index, follow, max-snippet:-1, max-image-preview:large, max-video-preview:-1\" \/>\n<link rel=\"canonical\" href=\"https:\/\/trade-mueller-beta.startupblitz.de\/fr\/shop\/service-cuisine-fr\/vetements-cuisine-sk-fr\/vestes-cuisine-sk-fr\/damen-jeanskochbluse-vintage-blue\/\" \/>\n<meta property=\"og:locale\" content=\"fr_FR\" \/>\n<meta property=\"og:type\" content=\"article\" \/>\n<meta property=\"og:title\" content=\"Damen-Jeanskochbluse, vintage blue - M\u00fcller Trade\" \/>\n<meta property=\"og:description\" content=\"Damen-Jeanskochbluse, vintage blue - M\u00fcller Trade\" \/>\n<meta property=\"og:url\" content=\"https:\/\/trade-mueller-beta.startupblitz.de\/fr\/shop\/service-cuisine-fr\/vetements-cuisine-sk-fr\/vestes-cuisine-sk-fr\/damen-jeanskochbluse-vintage-blue\/\" \/>\n<meta property=\"og:site_name\" content=\"M\u00fcller Trade\" \/>\n<meta property=\"article:modified_time\" content=\"2024-10-28T18:24:55+00:00\" \/>\n<meta property=\"og:image\" content=\"https:\/\/trade-mueller-beta.startupblitz.de\/wp-content\/uploads\/sites\/2\/JF-18_15_b_front-jpg.avif\" \/>\n\t<meta property=\"og:image:width\" content=\"800\" \/>\n\t<meta property=\"og:image:height\" content=\"1200\" \/>\n\t<meta property=\"og:image:type\" content=\"image\/jpeg\" \/>\n<meta name=\"twitter:card\" content=\"summary_large_image\" \/>\n<script type=\"application\/ld+json\" class=\"yoast-schema-graph\">{\"@context\":\"https:\/\/schema.org\",\"@graph\":[{\"@type\":\"WebPage\",\"@id\":\"https:\/\/trade-mueller-beta.startupblitz.de\/fr\/shop\/service-cuisine-fr\/vetements-cuisine-sk-fr\/vestes-cuisine-sk-fr\/damen-jeanskochbluse-vintage-blue\/\",\"url\":\"https:\/\/trade-mueller-beta.startupblitz.de\/fr\/shop\/service-cuisine-fr\/vetements-cuisine-sk-fr\/vestes-cuisine-sk-fr\/damen-jeanskochbluse-vintage-blue\/\",\"name\":\"Damen-Jeanskochbluse, vintage blue - M\u00fcller Trade\",\"isPartOf\":{\"@id\":\"https:\/\/trade-mueller-beta.startupblitz.de\/fr\/#website\"},\"primaryImageOfPage\":{\"@id\":\"https:\/\/trade-mueller-beta.startupblitz.de\/fr\/shop\/service-cuisine-fr\/vetements-cuisine-sk-fr\/vestes-cuisine-sk-fr\/damen-jeanskochbluse-vintage-blue\/#primaryimage\"},\"image\":{\"@id\":\"https:\/\/trade-mueller-beta.startupblitz.de\/fr\/shop\/service-cuisine-fr\/vetements-cuisine-sk-fr\/vestes-cuisine-sk-fr\/damen-jeanskochbluse-vintage-blue\/#primaryimage\"},\"thumbnailUrl\":\"https:\/\/trade-mueller-beta.startupblitz.de\/wp-content\/uploads\/sites\/2\/JF-18_15_b_front.jpg\",\"datePublished\":\"2024-06-12T18:53:42+00:00\",\"dateModified\":\"2024-10-28T18:24:55+00:00\",\"description\":\"Damen-Jeanskochbluse, vintage blue - M\u00fcller Trade\",\"breadcrumb\":{\"@id\":\"https:\/\/trade-mueller-beta.startupblitz.de\/fr\/shop\/service-cuisine-fr\/vetements-cuisine-sk-fr\/vestes-cuisine-sk-fr\/damen-jeanskochbluse-vintage-blue\/#breadcrumb\"},\"inLanguage\":\"fr-FR\",\"potentialAction\":[{\"@type\":\"ReadAction\",\"target\":[\"https:\/\/trade-mueller-beta.startupblitz.de\/fr\/shop\/service-cuisine-fr\/vetements-cuisine-sk-fr\/vestes-cuisine-sk-fr\/damen-jeanskochbluse-vintage-blue\/\"]}]},{\"@type\":\"ImageObject\",\"inLanguage\":\"fr-FR\",\"@id\":\"https:\/\/trade-mueller-beta.startupblitz.de\/fr\/shop\/service-cuisine-fr\/vetements-cuisine-sk-fr\/vestes-cuisine-sk-fr\/damen-jeanskochbluse-vintage-blue\/#primaryimage\",\"url\":\"https:\/\/trade-mueller-beta.startupblitz.de\/wp-content\/uploads\/sites\/2\/JF-18_15_b_front.jpg\",\"contentUrl\":\"https:\/\/trade-mueller-beta.startupblitz.de\/wp-content\/uploads\/sites\/2\/JF-18_15_b_front.jpg\",\"width\":800,\"height\":1200},{\"@type\":\"BreadcrumbList\",\"@id\":\"https:\/\/trade-mueller-beta.startupblitz.de\/fr\/shop\/service-cuisine-fr\/vetements-cuisine-sk-fr\/vestes-cuisine-sk-fr\/damen-jeanskochbluse-vintage-blue\/#breadcrumb\",\"itemListElement\":[{\"@type\":\"ListItem\",\"position\":1,\"name\":\"Startseite\",\"item\":\"https:\/\/trade-mueller-beta.startupblitz.de\/fr\/\"},{\"@type\":\"ListItem\",\"position\":2,\"name\":\"Shop\",\"item\":\"https:\/\/trade-mueller-beta.startupblitz.de\/fr\/shop\/\"},{\"@type\":\"ListItem\",\"position\":3,\"name\":\"Damen-Jeanskochbluse, vintage blue\"}]},{\"@type\":\"WebSite\",\"@id\":\"https:\/\/trade-mueller-beta.startupblitz.de\/fr\/#website\",\"url\":\"https:\/\/trade-mueller-beta.startupblitz.de\/fr\/\",\"name\":\"M\u00fcller Trade\",\"description\":\"VOTRE BOUTIQUE B2B DE V\u00caTEMENTS PROFESSIONNELS\",\"publisher\":{\"@id\":\"https:\/\/trade-mueller-beta.startupblitz.de\/fr\/#organization\"},\"potentialAction\":[{\"@type\":\"SearchAction\",\"target\":{\"@type\":\"EntryPoint\",\"urlTemplate\":\"https:\/\/trade-mueller-beta.startupblitz.de\/fr\/?s={search_term_string}\"},\"query-input\":{\"@type\":\"PropertyValueSpecification\",\"valueRequired\":true,\"valueName\":\"search_term_string\"}}],\"inLanguage\":\"fr-FR\"},{\"@type\":\"Organization\",\"@id\":\"https:\/\/trade-mueller-beta.startupblitz.de\/fr\/#organization\",\"name\":\"M\u00fcller Trade Corporate Clothing\",\"url\":\"https:\/\/trade-mueller-beta.startupblitz.de\/fr\/\",\"logo\":{\"@type\":\"ImageObject\",\"inLanguage\":\"fr-FR\",\"@id\":\"https:\/\/trade-mueller-beta.startupblitz.de\/fr\/#\/schema\/logo\/image\/\",\"url\":\"https:\/\/trade-mueller-beta.startupblitz.de\/wp-content\/uploads\/sites\/2\/cropped-cropped-mt-icon.png\",\"contentUrl\":\"https:\/\/trade-mueller-beta.startupblitz.de\/wp-content\/uploads\/sites\/2\/cropped-cropped-mt-icon.png\",\"width\":512,\"height\":512,\"caption\":\"M\u00fcller Trade Corporate Clothing\"},\"image\":{\"@id\":\"https:\/\/trade-mueller-beta.startupblitz.de\/fr\/#\/schema\/logo\/image\/\"}}]}<\/script>","yoast_head_json":{"title":"Damen-Jeanskochbluse, vintage blue - M\u00fcller Trade","description":"Damen-Jeanskochbluse, vintage blue - M\u00fcller Trade","robots":{"index":"index","follow":"follow","max-snippet":"max-snippet:-1","max-image-preview":"max-image-preview:large","max-video-preview":"max-video-preview:-1"},"canonical":"https:\/\/trade-mueller-beta.startupblitz.de\/fr\/shop\/service-cuisine-fr\/vetements-cuisine-sk-fr\/vestes-cuisine-sk-fr\/damen-jeanskochbluse-vintage-blue\/","og_locale":"fr_FR","og_type":"article","og_title":"Damen-Jeanskochbluse, vintage blue - M\u00fcller Trade","og_description":"Damen-Jeanskochbluse, vintage blue - M\u00fcller Trade","og_url":"https:\/\/trade-mueller-beta.startupblitz.de\/fr\/shop\/service-cuisine-fr\/vetements-cuisine-sk-fr\/vestes-cuisine-sk-fr\/damen-jeanskochbluse-vintage-blue\/","og_site_name":"M\u00fcller Trade","article_modified_time":"2024-10-28T18:24:55+00:00","og_image":[{"width":800,"height":1200,"url":"https:\/\/trade-mueller-beta.startupblitz.de\/wp-content\/uploads\/sites\/2\/JF-18_15_b_front-jpg.avif","type":"image\/jpeg"}],"twitter_card":"summary_large_image","schema":{"@context":"https:\/\/schema.org","@graph":[{"@type":"WebPage","@id":"https:\/\/trade-mueller-beta.startupblitz.de\/fr\/shop\/service-cuisine-fr\/vetements-cuisine-sk-fr\/vestes-cuisine-sk-fr\/damen-jeanskochbluse-vintage-blue\/","url":"https:\/\/trade-mueller-beta.startupblitz.de\/fr\/shop\/service-cuisine-fr\/vetements-cuisine-sk-fr\/vestes-cuisine-sk-fr\/damen-jeanskochbluse-vintage-blue\/","name":"Damen-Jeanskochbluse, vintage blue - M\u00fcller Trade","isPartOf":{"@id":"https:\/\/trade-mueller-beta.startupblitz.de\/fr\/#website"},"primaryImageOfPage":{"@id":"https:\/\/trade-mueller-beta.startupblitz.de\/fr\/shop\/service-cuisine-fr\/vetements-cuisine-sk-fr\/vestes-cuisine-sk-fr\/damen-jeanskochbluse-vintage-blue\/#primaryimage"},"image":{"@id":"https:\/\/trade-mueller-beta.startupblitz.de\/fr\/shop\/service-cuisine-fr\/vetements-cuisine-sk-fr\/vestes-cuisine-sk-fr\/damen-jeanskochbluse-vintage-blue\/#primaryimage"},"thumbnailUrl":"https:\/\/trade-mueller-beta.startupblitz.de\/wp-content\/uploads\/sites\/2\/JF-18_15_b_front.jpg","datePublished":"2024-06-12T18:53:42+00:00","dateModified":"2024-10-28T18:24:55+00:00","description":"Damen-Jeanskochbluse, vintage blue - M\u00fcller Trade","breadcrumb":{"@id":"https:\/\/trade-mueller-beta.startupblitz.de\/fr\/shop\/service-cuisine-fr\/vetements-cuisine-sk-fr\/vestes-cuisine-sk-fr\/damen-jeanskochbluse-vintage-blue\/#breadcrumb"},"inLanguage":"fr-FR","potentialAction":[{"@type":"ReadAction","target":["https:\/\/trade-mueller-beta.startupblitz.de\/fr\/shop\/service-cuisine-fr\/vetements-cuisine-sk-fr\/vestes-cuisine-sk-fr\/damen-jeanskochbluse-vintage-blue\/"]}]},{"@type":"ImageObject","inLanguage":"fr-FR","@id":"https:\/\/trade-mueller-beta.startupblitz.de\/fr\/shop\/service-cuisine-fr\/vetements-cuisine-sk-fr\/vestes-cuisine-sk-fr\/damen-jeanskochbluse-vintage-blue\/#primaryimage","url":"https:\/\/trade-mueller-beta.startupblitz.de\/wp-content\/uploads\/sites\/2\/JF-18_15_b_front.jpg","contentUrl":"https:\/\/trade-mueller-beta.startupblitz.de\/wp-content\/uploads\/sites\/2\/JF-18_15_b_front.jpg","width":800,"height":1200},{"@type":"BreadcrumbList","@id":"https:\/\/trade-mueller-beta.startupblitz.de\/fr\/shop\/service-cuisine-fr\/vetements-cuisine-sk-fr\/vestes-cuisine-sk-fr\/damen-jeanskochbluse-vintage-blue\/#breadcrumb","itemListElement":[{"@type":"ListItem","position":1,"name":"Startseite","item":"https:\/\/trade-mueller-beta.startupblitz.de\/fr\/"},{"@type":"ListItem","position":2,"name":"Shop","item":"https:\/\/trade-mueller-beta.startupblitz.de\/fr\/shop\/"},{"@type":"ListItem","position":3,"name":"Damen-Jeanskochbluse, vintage blue"}]},{"@type":"WebSite","@id":"https:\/\/trade-mueller-beta.startupblitz.de\/fr\/#website","url":"https:\/\/trade-mueller-beta.startupblitz.de\/fr\/","name":"M\u00fcller Trade","description":"VOTRE BOUTIQUE B2B DE V\u00caTEMENTS PROFESSIONNELS","publisher":{"@id":"https:\/\/trade-mueller-beta.startupblitz.de\/fr\/#organization"},"potentialAction":[{"@type":"SearchAction","target":{"@type":"EntryPoint","urlTemplate":"https:\/\/trade-mueller-beta.startupblitz.de\/fr\/?s={search_term_string}"},"query-input":{"@type":"PropertyValueSpecification","valueRequired":true,"valueName":"search_term_string"}}],"inLanguage":"fr-FR"},{"@type":"Organization","@id":"https:\/\/trade-mueller-beta.startupblitz.de\/fr\/#organization","name":"M\u00fcller Trade Corporate Clothing","url":"https:\/\/trade-mueller-beta.startupblitz.de\/fr\/","logo":{"@type":"ImageObject","inLanguage":"fr-FR","@id":"https:\/\/trade-mueller-beta.startupblitz.de\/fr\/#\/schema\/logo\/image\/","url":"https:\/\/trade-mueller-beta.startupblitz.de\/wp-content\/uploads\/sites\/2\/cropped-cropped-mt-icon.png","contentUrl":"https:\/\/trade-mueller-beta.startupblitz.de\/wp-content\/uploads\/sites\/2\/cropped-cropped-mt-icon.png","width":512,"height":512,"caption":"M\u00fcller Trade Corporate Clothing"},"image":{"@id":"https:\/\/trade-mueller-beta.startupblitz.de\/fr\/#\/schema\/logo\/image\/"}}]}},"acf":[],"brands":[{"id":4566,"name":"Karlowsky","slug":"karlowsky-fr"}],"_links":{"self":[{"href":"https:\/\/trade-mueller-beta.startupblitz.de\/fr\/wp-json\/wp\/v2\/product\/255873"}],"collection":[{"href":"https:\/\/trade-mueller-beta.startupblitz.de\/fr\/wp-json\/wp\/v2\/product"}],"about":[{"href":"https:\/\/trade-mueller-beta.startupblitz.de\/fr\/wp-json\/wp\/v2\/types\/product"}],"wp:featuredmedia":[{"embeddable":true,"href":"https:\/\/trade-mueller-beta.startupblitz.de\/fr\/wp-json\/wp\/v2\/media\/61341"}],"wp:attachment":[{"href":"https:\/\/trade-mueller-beta.startupblitz.de\/fr\/wp-json\/wp\/v2\/media?parent=255873"}],"wp:term":[{"taxonomy":"pwb-brand","embeddable":true,"href":"https:\/\/trade-mueller-beta.startupblitz.de\/fr\/wp-json\/wp\/v2\/pwb-brand?post=255873"},{"taxonomy":"product_cat","embeddable":true,"href":"https:\/\/trade-mueller-beta.startupblitz.de\/fr\/wp-json\/wp\/v2\/product_cat?post=255873"},{"taxonomy":"product_tag","embeddable":true,"href":"https:\/\/trade-mueller-beta.startupblitz.de\/fr\/wp-json\/wp\/v2\/product_tag?post=255873"}],"curies":[{"name":"wp","href":"https:\/\/api.w.org\/{rel}","templated":true}]}}