{"id":264796,"date":"2024-10-29T17:09:32","date_gmt":"2024-10-29T16:09:32","guid":{"rendered":"https:\/\/trade-mueller-beta.startupblitz.de\/shop\/unkategorisiert\/veston-homme\/"},"modified":"2024-10-30T10:15:00","modified_gmt":"2024-10-30T09:15:00","slug":"veston-homme-5","status":"publish","type":"product","link":"https:\/\/trade-mueller-beta.startupblitz.de\/fr\/shop\/corporate-wear-fr\/blazers-vestes-cw-fr\/2-boutons-cw-fr\/veston-homme-5\/","title":{"rendered":"Veston homme"},"content":{"rendered":"<ul>\n<li>forme l\u00e9g\u00e8rement cintr\u00e9e, moderne<\/li>\n<li>2 boutons<\/li>\n<li>revers \u00e9troit<\/li>\n<li>2 poches \u00e0 rabats<\/li>\n<li>1 poche poitrine \u00e0 rabat<\/li>\n<li>\u00e9quipement int\u00e9rieur traveller<\/li>\n<li>fente dans le dos<\/li>\n<li>Longueur de dos 76 cm\/tailles 50<\/li>\n<\/ul>\n<p>tailles: 44 &#8211; 62, 90 &#8211; 110, 25 &#8211; 28<\/p>\n<ul>\n<li>60% laine vierge, 36% polyester, 4% \u00e9lasthanne<\/li>\n<li>Doublure\u00a0: 100% polyester<\/li>\n<\/ul>\n<p class=\"care-icons\">f 9 4 i_-<\/p>\n","protected":false},"excerpt":{"rendered":"<p>Text all [&#8230;]<\/p>\n<p><a class=\"btn btn-secondary understrap-read-more-link\" href=\"https:\/\/trade-mueller-beta.startupblitz.de\/fr\/shop\/corporate-wear-fr\/blazers-vestes-cw-fr\/2-boutons-cw-fr\/veston-homme-5\/\">plus<span class=\"screen-reader-text\"> from Veston homme<\/span><\/a><\/p>\n","protected":false},"featured_media":865,"template":"","meta":{"_acf_changed":false,"inline_featured_image":false},"pwb-brand":[4547],"product_cat":[1265,1262,1264,3416,3424,3423],"product_tag":[4542,4543],"class_list":{"0":"post-264796","1":"product","2":"type-product","3":"status-publish","4":"has-post-thumbnail","6":"pwb-brand-greiff-fr","7":"product_cat-2-bouton-all","8":"product_cat-tout","9":"product_cat-blazers-vestes","10":"product_cat-corporate-wear-fr","11":"product_cat-2-boutons-cw-fr","12":"product_cat-blazers-vestes-cw-fr","13":"product_tag-veste","14":"product_tag-veste-2","15":"pa_color-110-noir","16":"pa_color-111-anthracite","17":"pa_color-120-marine-1","18":"pa_color-126-italian-bleu","19":"pa_color-group-anthracite-gris","20":"pa_color-group-bleu","21":"pa_color-group-noir","22":"pa_fit-regular-fit","23":"pa_fit-slim-fit","24":"pa_gender-hommes","25":"pa_size-men-25-fr","26":"pa_size-men-26-fr","27":"pa_size-men-27-fr","28":"pa_size-men-28-fr","29":"pa_size-men-44-fr","30":"pa_size-men-46-fr","31":"pa_size-men-48-fr","32":"pa_size-men-50-fr","33":"pa_size-men-52-fr","34":"pa_size-men-54-fr","35":"pa_size-men-56-fr","36":"pa_size-men-58-fr","37":"pa_size-men-60-fr","38":"pa_size-men-62-fr","39":"pa_size-men-90-fr","40":"pa_size-men-94-fr","41":"pa_size-men-98-fr","42":"pa_size-men-102-fr","43":"pa_size-men-106-fr","44":"pa_size-men-110-fr","46":"first","47":"instock","48":"taxable","49":"shipping-taxable","50":"purchasable","51":"product-type-variable","52":"has-default-attributes"},"yoast_head":"<title>Veston homme - M\u00fcller Trade<\/title>\n<meta name=\"description\" content=\"Veston homme - M\u00fcller Trade\" \/>\n<meta name=\"robots\" content=\"index, follow, max-snippet:-1, max-image-preview:large, max-video-preview:-1\" \/>\n<link rel=\"canonical\" href=\"https:\/\/trade-mueller-beta.startupblitz.de\/fr\/shop\/corporate-wear-fr\/blazers-vestes-cw-fr\/2-boutons-cw-fr\/veston-homme-5\/\" \/>\n<meta property=\"og:locale\" content=\"fr_FR\" \/>\n<meta property=\"og:type\" content=\"article\" \/>\n<meta property=\"og:title\" content=\"Veston homme - M\u00fcller Trade\" \/>\n<meta property=\"og:description\" content=\"Veston homme - M\u00fcller Trade\" \/>\n<meta property=\"og:url\" content=\"https:\/\/trade-mueller-beta.startupblitz.de\/fr\/shop\/corporate-wear-fr\/blazers-vestes-cw-fr\/2-boutons-cw-fr\/veston-homme-5\/\" \/>\n<meta property=\"og:site_name\" content=\"M\u00fcller Trade\" \/>\n<meta property=\"article:modified_time\" content=\"2024-10-30T09:15:00+00:00\" \/>\n<meta property=\"og:image\" content=\"https:\/\/trade-mueller-beta.startupblitz.de\/wp-content\/uploads\/sites\/2\/1142_666_111_V.jpg\" \/>\n\t<meta property=\"og:image:width\" content=\"1500\" \/>\n\t<meta property=\"og:image:height\" content=\"2275\" \/>\n\t<meta property=\"og:image:type\" content=\"image\/jpeg\" \/>\n<meta name=\"twitter:card\" content=\"summary_large_image\" \/>\n<meta name=\"twitter:label1\" content=\"Dur\u00e9e de lecture estim\u00e9e\" \/>\n\t<meta name=\"twitter:data1\" content=\"1 minute\" \/>\n<script type=\"application\/ld+json\" class=\"yoast-schema-graph\">{\"@context\":\"https:\/\/schema.org\",\"@graph\":[{\"@type\":\"WebPage\",\"@id\":\"https:\/\/trade-mueller-beta.startupblitz.de\/fr\/shop\/corporate-wear-fr\/blazers-vestes-cw-fr\/2-boutons-cw-fr\/veston-homme-5\/\",\"url\":\"https:\/\/trade-mueller-beta.startupblitz.de\/fr\/shop\/corporate-wear-fr\/blazers-vestes-cw-fr\/2-boutons-cw-fr\/veston-homme-5\/\",\"name\":\"Veston homme - M\u00fcller Trade\",\"isPartOf\":{\"@id\":\"https:\/\/trade-mueller-beta.startupblitz.de\/fr\/#website\"},\"primaryImageOfPage\":{\"@id\":\"https:\/\/trade-mueller-beta.startupblitz.de\/fr\/shop\/corporate-wear-fr\/blazers-vestes-cw-fr\/2-boutons-cw-fr\/veston-homme-5\/#primaryimage\"},\"image\":{\"@id\":\"https:\/\/trade-mueller-beta.startupblitz.de\/fr\/shop\/corporate-wear-fr\/blazers-vestes-cw-fr\/2-boutons-cw-fr\/veston-homme-5\/#primaryimage\"},\"thumbnailUrl\":\"https:\/\/trade-mueller-beta.startupblitz.de\/wp-content\/uploads\/sites\/2\/1142_666_111_V.jpg\",\"datePublished\":\"2024-10-29T16:09:32+00:00\",\"dateModified\":\"2024-10-30T09:15:00+00:00\",\"description\":\"Veston homme - M\u00fcller Trade\",\"breadcrumb\":{\"@id\":\"https:\/\/trade-mueller-beta.startupblitz.de\/fr\/shop\/corporate-wear-fr\/blazers-vestes-cw-fr\/2-boutons-cw-fr\/veston-homme-5\/#breadcrumb\"},\"inLanguage\":\"fr-FR\",\"potentialAction\":[{\"@type\":\"ReadAction\",\"target\":[\"https:\/\/trade-mueller-beta.startupblitz.de\/fr\/shop\/corporate-wear-fr\/blazers-vestes-cw-fr\/2-boutons-cw-fr\/veston-homme-5\/\"]}]},{\"@type\":\"ImageObject\",\"inLanguage\":\"fr-FR\",\"@id\":\"https:\/\/trade-mueller-beta.startupblitz.de\/fr\/shop\/corporate-wear-fr\/blazers-vestes-cw-fr\/2-boutons-cw-fr\/veston-homme-5\/#primaryimage\",\"url\":\"https:\/\/trade-mueller-beta.startupblitz.de\/wp-content\/uploads\/sites\/2\/1142_666_111_V.jpg\",\"contentUrl\":\"https:\/\/trade-mueller-beta.startupblitz.de\/wp-content\/uploads\/sites\/2\/1142_666_111_V.jpg\",\"width\":1500,\"height\":2275},{\"@type\":\"BreadcrumbList\",\"@id\":\"https:\/\/trade-mueller-beta.startupblitz.de\/fr\/shop\/corporate-wear-fr\/blazers-vestes-cw-fr\/2-boutons-cw-fr\/veston-homme-5\/#breadcrumb\",\"itemListElement\":[{\"@type\":\"ListItem\",\"position\":1,\"name\":\"Startseite\",\"item\":\"https:\/\/trade-mueller-beta.startupblitz.de\/fr\/\"},{\"@type\":\"ListItem\",\"position\":2,\"name\":\"Shop\",\"item\":\"https:\/\/trade-mueller-beta.startupblitz.de\/fr\/shop\/\"},{\"@type\":\"ListItem\",\"position\":3,\"name\":\"Veston homme\"}]},{\"@type\":\"WebSite\",\"@id\":\"https:\/\/trade-mueller-beta.startupblitz.de\/fr\/#website\",\"url\":\"https:\/\/trade-mueller-beta.startupblitz.de\/fr\/\",\"name\":\"M\u00fcller Trade\",\"description\":\"VOTRE BOUTIQUE B2B DE V\u00caTEMENTS PROFESSIONNELS\",\"publisher\":{\"@id\":\"https:\/\/trade-mueller-beta.startupblitz.de\/fr\/#organization\"},\"potentialAction\":[{\"@type\":\"SearchAction\",\"target\":{\"@type\":\"EntryPoint\",\"urlTemplate\":\"https:\/\/trade-mueller-beta.startupblitz.de\/fr\/?s={search_term_string}\"},\"query-input\":{\"@type\":\"PropertyValueSpecification\",\"valueRequired\":true,\"valueName\":\"search_term_string\"}}],\"inLanguage\":\"fr-FR\"},{\"@type\":\"Organization\",\"@id\":\"https:\/\/trade-mueller-beta.startupblitz.de\/fr\/#organization\",\"name\":\"M\u00fcller Trade Corporate Clothing\",\"url\":\"https:\/\/trade-mueller-beta.startupblitz.de\/fr\/\",\"logo\":{\"@type\":\"ImageObject\",\"inLanguage\":\"fr-FR\",\"@id\":\"https:\/\/trade-mueller-beta.startupblitz.de\/fr\/#\/schema\/logo\/image\/\",\"url\":\"https:\/\/trade-mueller-beta.startupblitz.de\/wp-content\/uploads\/sites\/2\/cropped-cropped-mt-icon.png\",\"contentUrl\":\"https:\/\/trade-mueller-beta.startupblitz.de\/wp-content\/uploads\/sites\/2\/cropped-cropped-mt-icon.png\",\"width\":512,\"height\":512,\"caption\":\"M\u00fcller Trade Corporate Clothing\"},\"image\":{\"@id\":\"https:\/\/trade-mueller-beta.startupblitz.de\/fr\/#\/schema\/logo\/image\/\"}}]}<\/script>","yoast_head_json":{"title":"Veston homme - M\u00fcller Trade","description":"Veston homme - M\u00fcller Trade","robots":{"index":"index","follow":"follow","max-snippet":"max-snippet:-1","max-image-preview":"max-image-preview:large","max-video-preview":"max-video-preview:-1"},"canonical":"https:\/\/trade-mueller-beta.startupblitz.de\/fr\/shop\/corporate-wear-fr\/blazers-vestes-cw-fr\/2-boutons-cw-fr\/veston-homme-5\/","og_locale":"fr_FR","og_type":"article","og_title":"Veston homme - M\u00fcller Trade","og_description":"Veston homme - M\u00fcller Trade","og_url":"https:\/\/trade-mueller-beta.startupblitz.de\/fr\/shop\/corporate-wear-fr\/blazers-vestes-cw-fr\/2-boutons-cw-fr\/veston-homme-5\/","og_site_name":"M\u00fcller Trade","article_modified_time":"2024-10-30T09:15:00+00:00","og_image":[{"width":1500,"height":2275,"url":"https:\/\/trade-mueller-beta.startupblitz.de\/wp-content\/uploads\/sites\/2\/1142_666_111_V.jpg","type":"image\/jpeg"}],"twitter_card":"summary_large_image","twitter_misc":{"Dur\u00e9e de lecture estim\u00e9e":"1 minute"},"schema":{"@context":"https:\/\/schema.org","@graph":[{"@type":"WebPage","@id":"https:\/\/trade-mueller-beta.startupblitz.de\/fr\/shop\/corporate-wear-fr\/blazers-vestes-cw-fr\/2-boutons-cw-fr\/veston-homme-5\/","url":"https:\/\/trade-mueller-beta.startupblitz.de\/fr\/shop\/corporate-wear-fr\/blazers-vestes-cw-fr\/2-boutons-cw-fr\/veston-homme-5\/","name":"Veston homme - M\u00fcller Trade","isPartOf":{"@id":"https:\/\/trade-mueller-beta.startupblitz.de\/fr\/#website"},"primaryImageOfPage":{"@id":"https:\/\/trade-mueller-beta.startupblitz.de\/fr\/shop\/corporate-wear-fr\/blazers-vestes-cw-fr\/2-boutons-cw-fr\/veston-homme-5\/#primaryimage"},"image":{"@id":"https:\/\/trade-mueller-beta.startupblitz.de\/fr\/shop\/corporate-wear-fr\/blazers-vestes-cw-fr\/2-boutons-cw-fr\/veston-homme-5\/#primaryimage"},"thumbnailUrl":"https:\/\/trade-mueller-beta.startupblitz.de\/wp-content\/uploads\/sites\/2\/1142_666_111_V.jpg","datePublished":"2024-10-29T16:09:32+00:00","dateModified":"2024-10-30T09:15:00+00:00","description":"Veston homme - M\u00fcller Trade","breadcrumb":{"@id":"https:\/\/trade-mueller-beta.startupblitz.de\/fr\/shop\/corporate-wear-fr\/blazers-vestes-cw-fr\/2-boutons-cw-fr\/veston-homme-5\/#breadcrumb"},"inLanguage":"fr-FR","potentialAction":[{"@type":"ReadAction","target":["https:\/\/trade-mueller-beta.startupblitz.de\/fr\/shop\/corporate-wear-fr\/blazers-vestes-cw-fr\/2-boutons-cw-fr\/veston-homme-5\/"]}]},{"@type":"ImageObject","inLanguage":"fr-FR","@id":"https:\/\/trade-mueller-beta.startupblitz.de\/fr\/shop\/corporate-wear-fr\/blazers-vestes-cw-fr\/2-boutons-cw-fr\/veston-homme-5\/#primaryimage","url":"https:\/\/trade-mueller-beta.startupblitz.de\/wp-content\/uploads\/sites\/2\/1142_666_111_V.jpg","contentUrl":"https:\/\/trade-mueller-beta.startupblitz.de\/wp-content\/uploads\/sites\/2\/1142_666_111_V.jpg","width":1500,"height":2275},{"@type":"BreadcrumbList","@id":"https:\/\/trade-mueller-beta.startupblitz.de\/fr\/shop\/corporate-wear-fr\/blazers-vestes-cw-fr\/2-boutons-cw-fr\/veston-homme-5\/#breadcrumb","itemListElement":[{"@type":"ListItem","position":1,"name":"Startseite","item":"https:\/\/trade-mueller-beta.startupblitz.de\/fr\/"},{"@type":"ListItem","position":2,"name":"Shop","item":"https:\/\/trade-mueller-beta.startupblitz.de\/fr\/shop\/"},{"@type":"ListItem","position":3,"name":"Veston homme"}]},{"@type":"WebSite","@id":"https:\/\/trade-mueller-beta.startupblitz.de\/fr\/#website","url":"https:\/\/trade-mueller-beta.startupblitz.de\/fr\/","name":"M\u00fcller Trade","description":"VOTRE BOUTIQUE B2B DE V\u00caTEMENTS PROFESSIONNELS","publisher":{"@id":"https:\/\/trade-mueller-beta.startupblitz.de\/fr\/#organization"},"potentialAction":[{"@type":"SearchAction","target":{"@type":"EntryPoint","urlTemplate":"https:\/\/trade-mueller-beta.startupblitz.de\/fr\/?s={search_term_string}"},"query-input":{"@type":"PropertyValueSpecification","valueRequired":true,"valueName":"search_term_string"}}],"inLanguage":"fr-FR"},{"@type":"Organization","@id":"https:\/\/trade-mueller-beta.startupblitz.de\/fr\/#organization","name":"M\u00fcller Trade Corporate Clothing","url":"https:\/\/trade-mueller-beta.startupblitz.de\/fr\/","logo":{"@type":"ImageObject","inLanguage":"fr-FR","@id":"https:\/\/trade-mueller-beta.startupblitz.de\/fr\/#\/schema\/logo\/image\/","url":"https:\/\/trade-mueller-beta.startupblitz.de\/wp-content\/uploads\/sites\/2\/cropped-cropped-mt-icon.png","contentUrl":"https:\/\/trade-mueller-beta.startupblitz.de\/wp-content\/uploads\/sites\/2\/cropped-cropped-mt-icon.png","width":512,"height":512,"caption":"M\u00fcller Trade Corporate Clothing"},"image":{"@id":"https:\/\/trade-mueller-beta.startupblitz.de\/fr\/#\/schema\/logo\/image\/"}}]}},"acf":[],"brands":[{"id":4547,"name":"Greiff","slug":"greiff-fr"}],"_links":{"self":[{"href":"https:\/\/trade-mueller-beta.startupblitz.de\/fr\/wp-json\/wp\/v2\/product\/264796"}],"collection":[{"href":"https:\/\/trade-mueller-beta.startupblitz.de\/fr\/wp-json\/wp\/v2\/product"}],"about":[{"href":"https:\/\/trade-mueller-beta.startupblitz.de\/fr\/wp-json\/wp\/v2\/types\/product"}],"wp:featuredmedia":[{"embeddable":true,"href":"https:\/\/trade-mueller-beta.startupblitz.de\/fr\/wp-json\/wp\/v2\/media\/865"}],"wp:attachment":[{"href":"https:\/\/trade-mueller-beta.startupblitz.de\/fr\/wp-json\/wp\/v2\/media?parent=264796"}],"wp:term":[{"taxonomy":"pwb-brand","embeddable":true,"href":"https:\/\/trade-mueller-beta.startupblitz.de\/fr\/wp-json\/wp\/v2\/pwb-brand?post=264796"},{"taxonomy":"product_cat","embeddable":true,"href":"https:\/\/trade-mueller-beta.startupblitz.de\/fr\/wp-json\/wp\/v2\/product_cat?post=264796"},{"taxonomy":"product_tag","embeddable":true,"href":"https:\/\/trade-mueller-beta.startupblitz.de\/fr\/wp-json\/wp\/v2\/product_tag?post=264796"}],"curies":[{"name":"wp","href":"https:\/\/api.w.org\/{rel}","templated":true}]}}